{"id":997,"date":"2025-11-18T11:27:32","date_gmt":"2025-11-18T11:27:32","guid":{"rendered":"https:\/\/audiobook-24.com\/?post_type=product&#038;p=997"},"modified":"2025-11-18T11:27:33","modified_gmt":"2025-11-18T11:27:33","slug":"geistergeschichten-manos-der-daemonenjaeger-ein-packendes-abenteuer-zwischen-realitaet-und-uebernatuerlichem","status":"publish","type":"product","link":"https:\/\/audiobook-24.com\/en\/product\/geistergeschichten-manos-der-daemonenjaeger-ein-packendes-abenteuer-zwischen-realitaet-und-uebernatuerlichem\/","title":{"rendered":"Geistergeschichten: Manos, der D\u00e4monenj\u00e4ger Ein packendes Abenteuer zwischen Realit\u00e4t und \u00dcbernat\u00fcrlichem"},"content":{"rendered":"<h3 data-start=\"42\" data-end=\"98\"><strong data-start=\"49\" data-end=\"96\">Geistergeschichten: Manos, der D\u00e4monenj\u00e4ger<\/strong><\/h3>\n<p data-start=\"99\" data-end=\"164\"><strong data-start=\"99\" data-end=\"164\">Ein packendes Abenteuer zwischen Realit\u00e4t und \u00dcbernat\u00fcrlichem<\/strong><\/p>\n<p data-start=\"171\" data-end=\"468\"><strong data-start=\"171\" data-end=\"182\">nhalt:<\/strong><br data-start=\"182\" data-end=\"185\" \/>Begib dich mit\u00a0<strong data-start=\"200\" data-end=\"227\">Manos, dem D\u00e4monenj\u00e4ger<\/strong>, auf eine d\u00fcstere Reise in die Welt der Geister, D\u00e4monen und unheimlichen M\u00e4chte. In dieser spannenden Sammlung von Geistergeschichten k\u00e4mpft Manos gegen das B\u00f6se, das die Menschen bedroht \u2013 immer zwischen Leben und Tod, Licht und Schatten.<\/p>\n<p data-start=\"470\" data-end=\"477\">Erlebe:<\/p>\n<ul data-start=\"479\" data-end=\"741\">\n<li data-start=\"479\" data-end=\"538\">\n<p data-start=\"481\" data-end=\"538\">Nervenkitzel pur mit fesselnden, mystischen Geschichten<\/p>\n<\/li>\n<li data-start=\"539\" data-end=\"595\">\n<p data-start=\"541\" data-end=\"595\">Atemberaubende K\u00e4mpfe gegen D\u00e4monen und dunkle Wesen<\/p>\n<\/li>\n<li data-start=\"596\" data-end=\"656\">\n<p data-start=\"598\" data-end=\"656\">Geheimnisvolle Schaupl\u00e4tze und unvorhersehbare Wendungen<\/p>\n<\/li>\n<li data-start=\"657\" data-end=\"741\">\n<p data-start=\"659\" data-end=\"741\">Eine mitrei\u00dfende Figur, die das \u00dcbernat\u00fcrliche bek\u00e4mpft und die Menschheit sch\u00fctzt<\/p>\n<\/li>\n<\/ul>\n<p data-start=\"743\" data-end=\"818\">Perfekt f\u00fcr alle, die Horror, Spannung und \u00fcbernat\u00fcrliche Abenteuer lieben!<\/p>\n<hr data-start=\"820\" data-end=\"823\" \/>\n<p data-start=\"825\" data-end=\"1000\">\u2705\u00a0<strong data-start=\"827\" data-end=\"869\">Sofortiger PDF-Download nach Bezahlung<\/strong><br data-start=\"869\" data-end=\"872\" \/>\ud83d\udcf1\ud83d\udcbb\u00a0<strong data-start=\"877\" data-end=\"919\">Kompatibel mit Tablet, Smartphone &amp; PC<\/strong><br data-start=\"919\" data-end=\"922\" \/>\ud83d\udcc4\u00a0<strong data-start=\"925\" data-end=\"1000\">Lesefreundliches PDF-Format \u2013 direkt lesbar, keine Zusatzsoftware n\u00f6tig<\/strong><\/p>","protected":false},"excerpt":{"rendered":"<p>Geistergeschichten: Manos, der D\u00e4monenj\u00e4ger Ein packendes Abenteuer zwischen Realit\u00e4t und \u00dcbernat\u00fcrlichem nhalt:Begib dich mit\u00a0Manos, dem D\u00e4monenj\u00e4ger, auf eine d\u00fcstere Reise in die Welt der Geister, D\u00e4monen und unheimlichen M\u00e4chte. In dieser spannenden Sammlung von Geistergeschichten k\u00e4mpft Manos gegen das B\u00f6se, das die Menschen bedroht \u2013 immer zwischen Leben und Tod, Licht und Schatten. Erlebe: Nervenkitzel [&hellip;]<\/p>\n","protected":false},"featured_media":998,"comment_status":"open","ping_status":"closed","template":"","meta":[],"product_brand":[],"product_cat":[38],"product_tag":[],"class_list":{"0":"post-997","1":"product","2":"type-product","3":"status-publish","4":"has-post-thumbnail","6":"product_cat-e-book-comic","8":"first","9":"instock","10":"sale","11":"virtual","12":"purchasable","13":"product-type-simple"},"jetpack_sharing_enabled":true,"_links":{"self":[{"href":"https:\/\/audiobook-24.com\/en\/wp-json\/wp\/v2\/product\/997","targetHints":{"allow":["GET"]}}],"collection":[{"href":"https:\/\/audiobook-24.com\/en\/wp-json\/wp\/v2\/product"}],"about":[{"href":"https:\/\/audiobook-24.com\/en\/wp-json\/wp\/v2\/types\/product"}],"replies":[{"embeddable":true,"href":"https:\/\/audiobook-24.com\/en\/wp-json\/wp\/v2\/comments?post=997"}],"wp:featuredmedia":[{"embeddable":true,"href":"https:\/\/audiobook-24.com\/en\/wp-json\/wp\/v2\/media\/998"}],"wp:attachment":[{"href":"https:\/\/audiobook-24.com\/en\/wp-json\/wp\/v2\/media?parent=997"}],"wp:term":[{"taxonomy":"product_brand","embeddable":true,"href":"https:\/\/audiobook-24.com\/en\/wp-json\/wp\/v2\/product_brand?post=997"},{"taxonomy":"product_cat","embeddable":true,"href":"https:\/\/audiobook-24.com\/en\/wp-json\/wp\/v2\/product_cat?post=997"},{"taxonomy":"product_tag","embeddable":true,"href":"https:\/\/audiobook-24.com\/en\/wp-json\/wp\/v2\/product_tag?post=997"}],"curies":[{"name":"wp","href":"https:\/\/api.w.org\/{rel}","templated":true}]}}