{"id":995,"date":"2025-11-18T11:17:30","date_gmt":"2025-11-18T11:17:30","guid":{"rendered":"https:\/\/audiobook-24.com\/?post_type=product&#038;p=995"},"modified":"2025-11-18T11:17:30","modified_gmt":"2025-11-18T11:17:30","slug":"geistergeschichten-der-jaeger-aus-der-unterwelt-zwischen-leben-und-tod-ein-unbarmherziger-kampf-gegen-das-dunkel","status":"publish","type":"product","link":"https:\/\/audiobook-24.com\/en\/product\/geistergeschichten-der-jaeger-aus-der-unterwelt-zwischen-leben-und-tod-ein-unbarmherziger-kampf-gegen-das-dunkel\/","title":{"rendered":"Geistergeschichten: Der J\u00e4ger aus der Unterwelt Zwischen Leben und Tod \u2013 ein unbarmherziger Kampf gegen das Dunkel"},"content":{"rendered":"<h3 data-start=\"42\" data-end=\"102\"><strong data-start=\"49\" data-end=\"100\">Geistergeschichten: Der J\u00e4ger aus der Unterwelt<\/strong><\/h3>\n<p data-start=\"103\" data-end=\"173\"><strong data-start=\"103\" data-end=\"173\">Zwischen Leben und Tod \u2013 ein unbarmherziger Kampf gegen das Dunkel<\/strong><\/p>\n<p data-start=\"180\" data-end=\"487\"><strong data-start=\"180\" data-end=\"191\">Inhalt:<\/strong><br data-start=\"191\" data-end=\"194\" \/>In den tiefsten Schatten der Unterwelt lauert eine uralte Macht \u2013 und nur einer wagt sich in ihr Reich: Der J\u00e4ger aus der Unterwelt. Mit \u00fcbernat\u00fcrlichen F\u00e4higkeiten und einem eisernen Willen stellt er sich D\u00e4monen, Geistern und finsteren Kreaturen entgegen, die die Welt der Lebenden bedrohen.<\/p>\n<p data-start=\"489\" data-end=\"687\">Tauche ein in eine d\u00fcstere Welt voller Spannung, mystischer Rituale und unheimlicher Begegnungen. Eine Geschichte \u00fcber Mut, Opfer und den Kampf gegen das B\u00f6se, das tief in der Dunkelheit schlummert.<\/p>\n<p data-start=\"689\" data-end=\"696\">Erlebe:<\/p>\n<ul data-start=\"698\" data-end=\"938\">\n<li data-start=\"698\" data-end=\"759\">\n<p data-start=\"700\" data-end=\"759\">Fesselnde Abenteuer zwischen Realit\u00e4t und \u00dcbernat\u00fcrlichem<\/p>\n<\/li>\n<li data-start=\"760\" data-end=\"814\">\n<p data-start=\"762\" data-end=\"814\">Spannende K\u00e4mpfe gegen D\u00e4monen und finstere M\u00e4chte<\/p>\n<\/li>\n<li data-start=\"815\" data-end=\"876\">\n<p data-start=\"817\" data-end=\"876\">Eine packende Atmosph\u00e4re voller Geheimnisse und Schrecken<\/p>\n<\/li>\n<li data-start=\"877\" data-end=\"938\">\n<p data-start=\"879\" data-end=\"938\">Charaktere, die sich den dunkelsten M\u00e4chten entgegenstellen<\/p>\n<\/li>\n<\/ul>\n<hr data-start=\"940\" data-end=\"943\" \/>\n<p data-start=\"945\" data-end=\"1095\">\u2705\u00a0<strong data-start=\"947\" data-end=\"989\">Sofortiger PDF-Download nach Bezahlung<\/strong><br data-start=\"989\" data-end=\"992\" \/>\ud83d\udcf1\ud83d\udcbb\u00a0<strong data-start=\"997\" data-end=\"1039\">Kompatibel mit Smartphone, Tablet &amp; PC<\/strong><br data-start=\"1039\" data-end=\"1042\" \/>\ud83d\udcc4\u00a0<strong data-start=\"1045\" data-end=\"1095\">PDF-Format \u2013 sofort lesbar ohne Zusatzsoftware<\/strong><\/p>","protected":false},"excerpt":{"rendered":"<p>Geistergeschichten: Der J\u00e4ger aus der Unterwelt Zwischen Leben und Tod \u2013 ein unbarmherziger Kampf gegen das Dunkel Inhalt:In den tiefsten Schatten der Unterwelt lauert eine uralte Macht \u2013 und nur einer wagt sich in ihr Reich: Der J\u00e4ger aus der Unterwelt. Mit \u00fcbernat\u00fcrlichen F\u00e4higkeiten und einem eisernen Willen stellt er sich D\u00e4monen, Geistern und finsteren [&hellip;]<\/p>\n","protected":false},"featured_media":996,"comment_status":"open","ping_status":"closed","template":"","meta":[],"product_brand":[],"product_cat":[38],"product_tag":[],"class_list":{"0":"post-995","1":"product","2":"type-product","3":"status-publish","4":"has-post-thumbnail","6":"product_cat-e-book-comic","8":"first","9":"instock","10":"sale","11":"virtual","12":"purchasable","13":"product-type-simple"},"jetpack_sharing_enabled":true,"_links":{"self":[{"href":"https:\/\/audiobook-24.com\/en\/wp-json\/wp\/v2\/product\/995","targetHints":{"allow":["GET"]}}],"collection":[{"href":"https:\/\/audiobook-24.com\/en\/wp-json\/wp\/v2\/product"}],"about":[{"href":"https:\/\/audiobook-24.com\/en\/wp-json\/wp\/v2\/types\/product"}],"replies":[{"embeddable":true,"href":"https:\/\/audiobook-24.com\/en\/wp-json\/wp\/v2\/comments?post=995"}],"wp:featuredmedia":[{"embeddable":true,"href":"https:\/\/audiobook-24.com\/en\/wp-json\/wp\/v2\/media\/996"}],"wp:attachment":[{"href":"https:\/\/audiobook-24.com\/en\/wp-json\/wp\/v2\/media?parent=995"}],"wp:term":[{"taxonomy":"product_brand","embeddable":true,"href":"https:\/\/audiobook-24.com\/en\/wp-json\/wp\/v2\/product_brand?post=995"},{"taxonomy":"product_cat","embeddable":true,"href":"https:\/\/audiobook-24.com\/en\/wp-json\/wp\/v2\/product_cat?post=995"},{"taxonomy":"product_tag","embeddable":true,"href":"https:\/\/audiobook-24.com\/en\/wp-json\/wp\/v2\/product_tag?post=995"}],"curies":[{"name":"wp","href":"https:\/\/api.w.org\/{rel}","templated":true}]}}