{"id":991,"date":"2025-11-18T11:13:05","date_gmt":"2025-11-18T11:13:05","guid":{"rendered":"https:\/\/audiobook-24.com\/?post_type=product&#038;p=991"},"modified":"2025-11-18T11:13:05","modified_gmt":"2025-11-18T11:13:05","slug":"micky-maus-praesentiert-band-19-goofy-und-max-vater-sohn-abenteuer-voller-spass-und-chaos","status":"publish","type":"product","link":"https:\/\/audiobook-24.com\/en\/product\/micky-maus-praesentiert-band-19-goofy-und-max-vater-sohn-abenteuer-voller-spass-und-chaos\/","title":{"rendered":"Micky Maus pr\u00e4sentiert \u2013 Band 19: Goofy und Max Vater-Sohn-Abenteuer voller Spa\u00df und Chaos!"},"content":{"rendered":"<h3 data-start=\"53\" data-end=\"113\"><strong data-start=\"60\" data-end=\"111\">Micky Maus pr\u00e4sentiert \u2013 Band 19: Goofy und Max<\/strong><\/h3>\n<p data-start=\"114\" data-end=\"161\"><strong data-start=\"114\" data-end=\"161\">Vater-Sohn-Abenteuer voller Spa\u00df und Chaos!<\/strong><\/p>\n<p data-start=\"168\" data-end=\"535\"><strong data-start=\"168\" data-end=\"179\">Inhalt:<\/strong><br data-start=\"179\" data-end=\"182\" \/>In Band 19 der beliebten\u00a0<em data-start=\"207\" data-end=\"231\">Micky Maus pr\u00e4sentiert<\/em>-Reihe stehen Goofy und sein Sohn Max im Mittelpunkt. Gemeinsam erleben sie turbulente und witzige Geschichten voller Missgeschicke, Herzensw\u00e4rme und jeder Menge Humor. Ob bei verr\u00fcckten Erfindungen, chaotischen Ausfl\u00fcgen oder spannenden Abenteuern \u2013 Goofy und Max bringen jede Menge Spa\u00df in Entenhausen!<\/p>\n<p data-start=\"537\" data-end=\"618\">Perfekt f\u00fcr alle Fans der kultigen Vater-Sohn-Dynamik und Disney-Comics mit Herz.<\/p>\n<hr data-start=\"620\" data-end=\"623\" \/>\n<p data-start=\"625\" data-end=\"778\">\u2705\u00a0<strong data-start=\"627\" data-end=\"665\">Sofortiger Download nach Bezahlung<\/strong><br data-start=\"665\" data-end=\"668\" \/>\ud83d\udcf1\ud83d\udcbb\u00a0<strong data-start=\"673\" data-end=\"715\">Kompatibel mit Tablet, Smartphone &amp; PC<\/strong><br data-start=\"715\" data-end=\"718\" \/>\ud83d\udcc4\u00a0<strong data-start=\"721\" data-end=\"778\">Als PDF verf\u00fcgbar \u2013 direkt lesbar ohne Zusatzsoftware<\/strong><\/p>","protected":false},"excerpt":{"rendered":"<p>Micky Maus pr\u00e4sentiert \u2013 Band 19: Goofy und Max Vater-Sohn-Abenteuer voller Spa\u00df und Chaos! Inhalt:In Band 19 der beliebten\u00a0Micky Maus pr\u00e4sentiert-Reihe stehen Goofy und sein Sohn Max im Mittelpunkt. Gemeinsam erleben sie turbulente und witzige Geschichten voller Missgeschicke, Herzensw\u00e4rme und jeder Menge Humor. Ob bei verr\u00fcckten Erfindungen, chaotischen Ausfl\u00fcgen oder spannenden Abenteuern \u2013 Goofy und [&hellip;]<\/p>\n","protected":false},"featured_media":992,"comment_status":"open","ping_status":"closed","template":"","meta":[],"product_brand":[],"product_cat":[38],"product_tag":[],"class_list":{"0":"post-991","1":"product","2":"type-product","3":"status-publish","4":"has-post-thumbnail","6":"product_cat-e-book-comic","8":"first","9":"instock","10":"sale","11":"virtual","12":"purchasable","13":"product-type-simple"},"jetpack_sharing_enabled":true,"_links":{"self":[{"href":"https:\/\/audiobook-24.com\/en\/wp-json\/wp\/v2\/product\/991","targetHints":{"allow":["GET"]}}],"collection":[{"href":"https:\/\/audiobook-24.com\/en\/wp-json\/wp\/v2\/product"}],"about":[{"href":"https:\/\/audiobook-24.com\/en\/wp-json\/wp\/v2\/types\/product"}],"replies":[{"embeddable":true,"href":"https:\/\/audiobook-24.com\/en\/wp-json\/wp\/v2\/comments?post=991"}],"wp:featuredmedia":[{"embeddable":true,"href":"https:\/\/audiobook-24.com\/en\/wp-json\/wp\/v2\/media\/992"}],"wp:attachment":[{"href":"https:\/\/audiobook-24.com\/en\/wp-json\/wp\/v2\/media?parent=991"}],"wp:term":[{"taxonomy":"product_brand","embeddable":true,"href":"https:\/\/audiobook-24.com\/en\/wp-json\/wp\/v2\/product_brand?post=991"},{"taxonomy":"product_cat","embeddable":true,"href":"https:\/\/audiobook-24.com\/en\/wp-json\/wp\/v2\/product_cat?post=991"},{"taxonomy":"product_tag","embeddable":true,"href":"https:\/\/audiobook-24.com\/en\/wp-json\/wp\/v2\/product_tag?post=991"}],"curies":[{"name":"wp","href":"https:\/\/api.w.org\/{rel}","templated":true}]}}