{"id":989,"date":"2025-11-18T11:10:52","date_gmt":"2025-11-18T11:10:52","guid":{"rendered":"https:\/\/audiobook-24.com\/?post_type=product&#038;p=989"},"modified":"2025-11-18T11:10:53","modified_gmt":"2025-11-18T11:10:53","slug":"micky-maus-praesentiert-band-28-tick-trick-und-track-pfadfinder-neffen-helden-die-ducks-der-naechsten-generation","status":"publish","type":"product","link":"https:\/\/audiobook-24.com\/en\/product\/micky-maus-praesentiert-band-28-tick-trick-und-track-pfadfinder-neffen-helden-die-ducks-der-naechsten-generation\/","title":{"rendered":"Micky Maus pr\u00e4sentiert \u2013 Band 28: Tick, Trick und Track Pfadfinder, Neffen, Helden \u2013 Die Ducks der n\u00e4chsten Generation!"},"content":{"rendered":"<h2>Micky Maus pr\u00e4sentiert \u2013 Band 28: Tick, Trick und Track<br \/>\nPfadfinder, Neffen, Helden \u2013 Die Ducks der n\u00e4chsten Generation!<\/h2>\n<p>nhalt:<br \/>\nIn Band 28 stehen Donald Ducks clevere Neffen Tick, Trick und Track im Rampenlicht! Mit ihrem Pfadfinderwissen, Mut und genialen Einf\u00e4llen meistern sie jedes Abenteuer \u2013 ob in Entenhausen, im Wald oder auf geheimen Missionen f\u00fcr das F\u00e4hnlein Fieselschweif. Dabei sorgen sie wie immer f\u00fcr Witz, Spannung und echtes Disney-Feeling.<\/p>\n<p>Ein liebevoller Sammelband voller Abenteuer, Teamgeist und Entenpower!<\/p>\n<p>\u2705 Sofortiger PDF-Download nach Bezahlung<br \/>\n\ud83d\udcf1\ud83d\udcbb Kompatibel mit Smartphone, Tablet &amp; PC<br \/>\n\ud83d\udcc4 PDF-Format \u2013 direkt lesbar ohne Zusatzsoftware<\/p>","protected":false},"excerpt":{"rendered":"<p>Micky Maus pr\u00e4sentiert \u2013 Band 28: Tick, Trick und Track Pfadfinder, Neffen, Helden \u2013 Die Ducks der n\u00e4chsten Generation! nhalt: In Band 28 stehen Donald Ducks clevere Neffen Tick, Trick und Track im Rampenlicht! Mit ihrem Pfadfinderwissen, Mut und genialen Einf\u00e4llen meistern sie jedes Abenteuer \u2013 ob in Entenhausen, im Wald oder auf geheimen Missionen [&hellip;]<\/p>\n","protected":false},"featured_media":990,"comment_status":"open","ping_status":"closed","template":"","meta":[],"product_brand":[],"product_cat":[38],"product_tag":[],"class_list":{"0":"post-989","1":"product","2":"type-product","3":"status-publish","4":"has-post-thumbnail","6":"product_cat-e-book-comic","8":"first","9":"instock","10":"sale","11":"virtual","12":"purchasable","13":"product-type-simple"},"jetpack_sharing_enabled":true,"_links":{"self":[{"href":"https:\/\/audiobook-24.com\/en\/wp-json\/wp\/v2\/product\/989","targetHints":{"allow":["GET"]}}],"collection":[{"href":"https:\/\/audiobook-24.com\/en\/wp-json\/wp\/v2\/product"}],"about":[{"href":"https:\/\/audiobook-24.com\/en\/wp-json\/wp\/v2\/types\/product"}],"replies":[{"embeddable":true,"href":"https:\/\/audiobook-24.com\/en\/wp-json\/wp\/v2\/comments?post=989"}],"wp:featuredmedia":[{"embeddable":true,"href":"https:\/\/audiobook-24.com\/en\/wp-json\/wp\/v2\/media\/990"}],"wp:attachment":[{"href":"https:\/\/audiobook-24.com\/en\/wp-json\/wp\/v2\/media?parent=989"}],"wp:term":[{"taxonomy":"product_brand","embeddable":true,"href":"https:\/\/audiobook-24.com\/en\/wp-json\/wp\/v2\/product_brand?post=989"},{"taxonomy":"product_cat","embeddable":true,"href":"https:\/\/audiobook-24.com\/en\/wp-json\/wp\/v2\/product_cat?post=989"},{"taxonomy":"product_tag","embeddable":true,"href":"https:\/\/audiobook-24.com\/en\/wp-json\/wp\/v2\/product_tag?post=989"}],"curies":[{"name":"wp","href":"https:\/\/api.w.org\/{rel}","templated":true}]}}