{"id":984,"date":"2025-11-17T21:51:42","date_gmt":"2025-11-17T21:51:42","guid":{"rendered":"https:\/\/audiobook-24.com\/?post_type=product&#038;p=984"},"modified":"2025-11-17T21:51:43","modified_gmt":"2025-11-17T21:51:43","slug":"micky-maus-praesentiert-band-29-indiana-goofy-abenteuer-im-stil-von-indiana-jones-mit-goofy-als-schrulligem-entdecker","status":"publish","type":"product","link":"https:\/\/audiobook-24.com\/en\/product\/micky-maus-praesentiert-band-29-indiana-goofy-abenteuer-im-stil-von-indiana-jones-mit-goofy-als-schrulligem-entdecker\/","title":{"rendered":"Micky Maus pr\u00e4sentiert \u2013 Band 29: Indiana Goofy Abenteuer im Stil von Indiana Jones \u2013 mit Goofy als schrulligem Entdecker!"},"content":{"rendered":"<h3 data-start=\"76\" data-end=\"136\">\u00a0<strong data-start=\"83\" data-end=\"134\">Micky Maus pr\u00e4sentiert \u2013 Band 29: Indiana Goofy<\/strong><\/h3>\n<p data-start=\"137\" data-end=\"215\"><strong data-start=\"137\" data-end=\"215\">Abenteuer im Stil von Indiana Jones \u2013 mit Goofy als schrulligem Entdecker!<\/strong><\/p>\n<p data-start=\"222\" data-end=\"606\"><strong data-start=\"222\" data-end=\"233\">Inhalt:<\/strong><br data-start=\"233\" data-end=\"236\" \/>In Band 29 der beliebten Reihe\u00a0<em data-start=\"267\" data-end=\"291\">Micky Maus pr\u00e4sentiert<\/em>\u00a0begleitet ihr\u00a0<strong data-start=\"306\" data-end=\"323\">Indiana Goofy<\/strong>, den tollpatschigen, aber mutigen Arch\u00e4ologen, auf seinen actiongeladenen Expeditionen! Mit Hut, Peitsche und einem unersch\u00fctterlichen Forschergeist reist er in ferne L\u00e4nder, l\u00f6st uralte R\u00e4tsel und stellt sich gef\u00e4hrlichen Fallen \u2013 nat\u00fcrlich auf seine ganz eigene, chaotische Weise.<\/p>\n<p data-start=\"608\" data-end=\"709\">Ein spannendes und urkomisches Lesevergn\u00fcgen f\u00fcr alle Fans von Abenteuer, Geheimnissen und Goofy pur!<\/p>\n<hr data-start=\"711\" data-end=\"714\" \/>\n<p data-start=\"716\" data-end=\"866\">\u2705\u00a0<strong data-start=\"718\" data-end=\"760\">Sofortiger PDF-Download nach Bezahlung<\/strong><br data-start=\"760\" data-end=\"763\" \/>\ud83d\udcf1\ud83d\udcbb\u00a0<strong data-start=\"768\" data-end=\"810\">Kompatibel mit Smartphone, Tablet &amp; PC<\/strong><br data-start=\"810\" data-end=\"813\" \/>\ud83d\udcc4\u00a0<strong data-start=\"816\" data-end=\"866\">PDF-Format \u2013 direkt lesbar ohne Zusatzsoftware<\/strong><\/p>","protected":false},"excerpt":{"rendered":"<p>\u00a0Micky Maus pr\u00e4sentiert \u2013 Band 29: Indiana Goofy Abenteuer im Stil von Indiana Jones \u2013 mit Goofy als schrulligem Entdecker! Inhalt:In Band 29 der beliebten Reihe\u00a0Micky Maus pr\u00e4sentiert\u00a0begleitet ihr\u00a0Indiana Goofy, den tollpatschigen, aber mutigen Arch\u00e4ologen, auf seinen actiongeladenen Expeditionen! Mit Hut, Peitsche und einem unersch\u00fctterlichen Forschergeist reist er in ferne L\u00e4nder, l\u00f6st uralte R\u00e4tsel und [&hellip;]<\/p>\n","protected":false},"featured_media":985,"comment_status":"open","ping_status":"closed","template":"","meta":[],"product_brand":[],"product_cat":[38],"product_tag":[],"class_list":{"0":"post-984","1":"product","2":"type-product","3":"status-publish","4":"has-post-thumbnail","6":"product_cat-e-book-comic","8":"first","9":"instock","10":"sale","11":"virtual","12":"purchasable","13":"product-type-simple"},"jetpack_sharing_enabled":true,"_links":{"self":[{"href":"https:\/\/audiobook-24.com\/en\/wp-json\/wp\/v2\/product\/984","targetHints":{"allow":["GET"]}}],"collection":[{"href":"https:\/\/audiobook-24.com\/en\/wp-json\/wp\/v2\/product"}],"about":[{"href":"https:\/\/audiobook-24.com\/en\/wp-json\/wp\/v2\/types\/product"}],"replies":[{"embeddable":true,"href":"https:\/\/audiobook-24.com\/en\/wp-json\/wp\/v2\/comments?post=984"}],"wp:featuredmedia":[{"embeddable":true,"href":"https:\/\/audiobook-24.com\/en\/wp-json\/wp\/v2\/media\/985"}],"wp:attachment":[{"href":"https:\/\/audiobook-24.com\/en\/wp-json\/wp\/v2\/media?parent=984"}],"wp:term":[{"taxonomy":"product_brand","embeddable":true,"href":"https:\/\/audiobook-24.com\/en\/wp-json\/wp\/v2\/product_brand?post=984"},{"taxonomy":"product_cat","embeddable":true,"href":"https:\/\/audiobook-24.com\/en\/wp-json\/wp\/v2\/product_cat?post=984"},{"taxonomy":"product_tag","embeddable":true,"href":"https:\/\/audiobook-24.com\/en\/wp-json\/wp\/v2\/product_tag?post=984"}],"curies":[{"name":"wp","href":"https:\/\/api.w.org\/{rel}","templated":true}]}}