{"id":982,"date":"2025-11-17T21:46:26","date_gmt":"2025-11-17T21:46:26","guid":{"rendered":"https:\/\/audiobook-24.com\/?post_type=product&#038;p=982"},"modified":"2025-11-17T21:46:26","modified_gmt":"2025-11-17T21:46:26","slug":"micky-maus-praesentiert-05-die-schoene-und-das-biest-ein-maerchenhaftes-abenteuer-mit-minnie-goofy","status":"publish","type":"product","link":"https:\/\/audiobook-24.com\/en\/product\/micky-maus-praesentiert-05-die-schoene-und-das-biest-ein-maerchenhaftes-abenteuer-mit-minnie-goofy\/","title":{"rendered":"Micky Maus pr\u00e4sentiert \u2013 05: Die Sch\u00f6ne und das Biest Ein m\u00e4rchenhaftes Abenteuer mit Minnie &#038; Goofy!"},"content":{"rendered":"<h3 data-start=\"48\" data-end=\"114\">\u00a0<strong data-start=\"55\" data-end=\"112\">Micky Maus pr\u00e4sentiert \u2013 05: Die Sch\u00f6ne und das Biest<\/strong><\/h3>\n<p data-start=\"115\" data-end=\"166\"><strong data-start=\"115\" data-end=\"166\">Ein m\u00e4rchenhaftes Abenteuer mit Minnie &amp; Goofy!<\/strong><\/p>\n<p data-start=\"173\" data-end=\"451\"><strong data-start=\"173\" data-end=\"184\">Inhalt:<\/strong><br data-start=\"184\" data-end=\"187\" \/>Ein verzaubertes Schloss, ein mysteri\u00f6ses Biest \u2013 und eine mutige Heldin, die den wahren Kern dahinter entdeckt. In dieser zauberhaften Comic-Adaption von\u00a0<strong data-start=\"342\" data-end=\"372\">\u201eDie Sch\u00f6ne und das Biest\u201c<\/strong>\u00a0\u00fcbernehmen die beliebten Disney-Stars die Rollen der ber\u00fchmten M\u00e4rchenfiguren:<\/p>\n<p data-start=\"453\" data-end=\"562\"><strong data-start=\"453\" data-end=\"463\">Minnie<\/strong>\u00a0als die kluge, mutige Sch\u00f6ne \u2013 und\u00a0<strong data-start=\"499\" data-end=\"508\">Goofy<\/strong>\u00a0als das etwas tollpatschige, aber liebenswerte Biest!<\/p>\n<p data-start=\"564\" data-end=\"686\">Erlebe eine wundervoll illustrierte Version des Klassikers \u2013 mit viel Humor, Herz und einem Hauch von Entenhausener Magie.<\/p>\n<hr data-start=\"688\" data-end=\"691\" \/>\n<p data-start=\"693\" data-end=\"708\"><strong data-start=\"693\" data-end=\"708\">Highlights:<\/strong><\/p>\n<ul data-start=\"710\" data-end=\"873\">\n<li data-start=\"710\" data-end=\"770\">\n<p data-start=\"712\" data-end=\"770\">Bekannte Geschichte neu interpretiert mit Disney-Figuren<\/p>\n<\/li>\n<li data-start=\"771\" data-end=\"821\">\n<p data-start=\"773\" data-end=\"821\">Ideal f\u00fcr M\u00e4rchenliebhaber und junge Comicfans<\/p>\n<\/li>\n<li data-start=\"822\" data-end=\"873\">\n<p data-start=\"824\" data-end=\"873\">Liebevolle Zeichnungen und kindgerechte Umsetzung<\/p>\n<\/li>\n<\/ul>\n<hr data-start=\"875\" data-end=\"878\" \/>\n<p data-start=\"880\" data-end=\"1034\">\u2705\u00a0<strong data-start=\"882\" data-end=\"924\">Sofortiger PDF-Download nach Bezahlung<\/strong><br data-start=\"924\" data-end=\"927\" \/>\ud83d\udcf1\ud83d\udcbb\u00a0<strong data-start=\"932\" data-end=\"970\">Lesbar auf Tablet, PC &amp; Smartphone<\/strong><br data-start=\"970\" data-end=\"973\" \/>\ud83d\udcc4\u00a0<strong data-start=\"976\" data-end=\"1034\">Im praktischen PDF-Format \u2013 keine Zusatzsoftware n\u00f6tig<\/strong><\/p>","protected":false},"excerpt":{"rendered":"<p>\u00a0Micky Maus pr\u00e4sentiert \u2013 05: Die Sch\u00f6ne und das Biest Ein m\u00e4rchenhaftes Abenteuer mit Minnie &amp; Goofy! Inhalt:Ein verzaubertes Schloss, ein mysteri\u00f6ses Biest \u2013 und eine mutige Heldin, die den wahren Kern dahinter entdeckt. In dieser zauberhaften Comic-Adaption von\u00a0\u201eDie Sch\u00f6ne und das Biest\u201c\u00a0\u00fcbernehmen die beliebten Disney-Stars die Rollen der ber\u00fchmten M\u00e4rchenfiguren: Minnie\u00a0als die kluge, mutige [&hellip;]<\/p>\n","protected":false},"featured_media":983,"comment_status":"open","ping_status":"closed","template":"","meta":[],"product_brand":[],"product_cat":[38],"product_tag":[],"class_list":{"0":"post-982","1":"product","2":"type-product","3":"status-publish","4":"has-post-thumbnail","6":"product_cat-e-book-comic","8":"first","9":"instock","10":"sale","11":"virtual","12":"purchasable","13":"product-type-simple"},"jetpack_sharing_enabled":true,"_links":{"self":[{"href":"https:\/\/audiobook-24.com\/en\/wp-json\/wp\/v2\/product\/982","targetHints":{"allow":["GET"]}}],"collection":[{"href":"https:\/\/audiobook-24.com\/en\/wp-json\/wp\/v2\/product"}],"about":[{"href":"https:\/\/audiobook-24.com\/en\/wp-json\/wp\/v2\/types\/product"}],"replies":[{"embeddable":true,"href":"https:\/\/audiobook-24.com\/en\/wp-json\/wp\/v2\/comments?post=982"}],"wp:featuredmedia":[{"embeddable":true,"href":"https:\/\/audiobook-24.com\/en\/wp-json\/wp\/v2\/media\/983"}],"wp:attachment":[{"href":"https:\/\/audiobook-24.com\/en\/wp-json\/wp\/v2\/media?parent=982"}],"wp:term":[{"taxonomy":"product_brand","embeddable":true,"href":"https:\/\/audiobook-24.com\/en\/wp-json\/wp\/v2\/product_brand?post=982"},{"taxonomy":"product_cat","embeddable":true,"href":"https:\/\/audiobook-24.com\/en\/wp-json\/wp\/v2\/product_cat?post=982"},{"taxonomy":"product_tag","embeddable":true,"href":"https:\/\/audiobook-24.com\/en\/wp-json\/wp\/v2\/product_tag?post=982"}],"curies":[{"name":"wp","href":"https:\/\/api.w.org\/{rel}","templated":true}]}}