{"id":980,"date":"2025-11-17T21:44:31","date_gmt":"2025-11-17T21:44:31","guid":{"rendered":"https:\/\/audiobook-24.com\/?post_type=product&#038;p=980"},"modified":"2025-11-17T21:44:31","modified_gmt":"2025-11-17T21:44:31","slug":"01-die-ultimativen-fantastischen-vier-hefte-1-2","status":"publish","type":"product","link":"https:\/\/audiobook-24.com\/en\/product\/01-die-ultimativen-fantastischen-vier-hefte-1-2\/","title":{"rendered":"01 \u2013 Die Ultimativen Fantastischen Vier: Hefte 1\u20132"},"content":{"rendered":"<h3 data-start=\"53\" data-end=\"116\"><strong data-start=\"60\" data-end=\"114\">01 \u2013 Die Ultimativen Fantastischen Vier: Hefte 1\u20132<\/strong><\/h3>\n<p data-start=\"117\" data-end=\"184\"><strong data-start=\"117\" data-end=\"184\">Der Beginn einer neuen \u00c4ra \u2013 Die Geburt der ultimativen Helden!<\/strong><\/p>\n<hr data-start=\"186\" data-end=\"189\" \/>\n<p data-start=\"191\" data-end=\"582\"><strong data-start=\"191\" data-end=\"202\">Inhalt:<\/strong><br data-start=\"202\" data-end=\"205\" \/>Mit\u00a0<strong data-start=\"209\" data-end=\"225\">Heft 1 und 2<\/strong>\u00a0startet Marvels gefeiertes Reboot der legend\u00e4ren\u00a0<strong data-start=\"275\" data-end=\"297\">Fantastischen Vier<\/strong>\u00a0\u2013 j\u00fcnger, dynamischer und v\u00f6llig neu gedacht!<br data-start=\"343\" data-end=\"346\" \/>Der brillante Teenager\u00a0<strong data-start=\"369\" data-end=\"386\">Reed Richards<\/strong>\u00a0entwickelt eine Technologie zur Teleportation in andere Dimensionen. Doch ein fehlgeschlagenes Experiment ver\u00e4ndert alles \u2013 und erschafft vier au\u00dfergew\u00f6hnliche Menschen mit einzigartigen Kr\u00e4ften:<\/p>\n<ul data-start=\"584\" data-end=\"750\">\n<li data-start=\"584\" data-end=\"623\">\n<p data-start=\"586\" data-end=\"623\"><strong data-start=\"586\" data-end=\"594\">Reed<\/strong>\u00a0wird zu\u00a0<strong data-start=\"603\" data-end=\"620\">Mr. Fantastic<\/strong>,<\/p>\n<\/li>\n<li data-start=\"624\" data-end=\"663\">\n<p data-start=\"626\" data-end=\"663\"><strong data-start=\"626\" data-end=\"639\">Sue Storm<\/strong>\u00a0zur\u00a0<strong data-start=\"644\" data-end=\"660\">Unsichtbaren<\/strong>,<\/p>\n<\/li>\n<li data-start=\"664\" data-end=\"713\">\n<p data-start=\"666\" data-end=\"713\"><strong data-start=\"666\" data-end=\"682\">Johnny Storm<\/strong>\u00a0zur\u00a0<strong data-start=\"687\" data-end=\"710\">menschlichen Fackel<\/strong>,<\/p>\n<\/li>\n<li data-start=\"714\" data-end=\"750\">\n<p data-start=\"716\" data-end=\"750\">und\u00a0<strong data-start=\"720\" data-end=\"733\">Ben Grimm<\/strong>\u00a0zu\u00a0<strong data-start=\"737\" data-end=\"749\">Das Ding<\/strong>.<\/p>\n<\/li>\n<\/ul>\n<p data-start=\"752\" data-end=\"879\">In einer modernen Welt voller Risiken und wissenschaftlicher Verantwortung beginnt ein neues Kapitel der Superheldengeschichte!<\/p>\n<hr data-start=\"881\" data-end=\"884\" \/>\n<p data-start=\"886\" data-end=\"1036\">\u2705\u00a0<strong data-start=\"888\" data-end=\"930\">Sofortiger PDF-Download nach Bezahlung<\/strong><br data-start=\"930\" data-end=\"933\" \/>\ud83d\udcf1\ud83d\udcbb\u00a0<strong data-start=\"938\" data-end=\"980\">Kompatibel mit Smartphone, Tablet &amp; PC<\/strong><br data-start=\"980\" data-end=\"983\" \/>\ud83d\udcc4\u00a0<strong data-start=\"986\" data-end=\"1036\">PDF-Format \u2013 direkt lesbar ohne Zusatzsoftware<\/strong><\/p>","protected":false},"excerpt":{"rendered":"<p>01 \u2013 Die Ultimativen Fantastischen Vier: Hefte 1\u20132 Der Beginn einer neuen \u00c4ra \u2013 Die Geburt der ultimativen Helden! Inhalt:Mit\u00a0Heft 1 und 2\u00a0startet Marvels gefeiertes Reboot der legend\u00e4ren\u00a0Fantastischen Vier\u00a0\u2013 j\u00fcnger, dynamischer und v\u00f6llig neu gedacht!Der brillante Teenager\u00a0Reed Richards\u00a0entwickelt eine Technologie zur Teleportation in andere Dimensionen. Doch ein fehlgeschlagenes Experiment ver\u00e4ndert alles \u2013 und erschafft vier [&hellip;]<\/p>\n","protected":false},"featured_media":981,"comment_status":"open","ping_status":"closed","template":"","meta":[],"product_brand":[],"product_cat":[38],"product_tag":[],"class_list":{"0":"post-980","1":"product","2":"type-product","3":"status-publish","4":"has-post-thumbnail","6":"product_cat-e-book-comic","8":"first","9":"instock","10":"sale","11":"virtual","12":"purchasable","13":"product-type-simple"},"jetpack_sharing_enabled":true,"_links":{"self":[{"href":"https:\/\/audiobook-24.com\/en\/wp-json\/wp\/v2\/product\/980","targetHints":{"allow":["GET"]}}],"collection":[{"href":"https:\/\/audiobook-24.com\/en\/wp-json\/wp\/v2\/product"}],"about":[{"href":"https:\/\/audiobook-24.com\/en\/wp-json\/wp\/v2\/types\/product"}],"replies":[{"embeddable":true,"href":"https:\/\/audiobook-24.com\/en\/wp-json\/wp\/v2\/comments?post=980"}],"wp:featuredmedia":[{"embeddable":true,"href":"https:\/\/audiobook-24.com\/en\/wp-json\/wp\/v2\/media\/981"}],"wp:attachment":[{"href":"https:\/\/audiobook-24.com\/en\/wp-json\/wp\/v2\/media?parent=980"}],"wp:term":[{"taxonomy":"product_brand","embeddable":true,"href":"https:\/\/audiobook-24.com\/en\/wp-json\/wp\/v2\/product_brand?post=980"},{"taxonomy":"product_cat","embeddable":true,"href":"https:\/\/audiobook-24.com\/en\/wp-json\/wp\/v2\/product_cat?post=980"},{"taxonomy":"product_tag","embeddable":true,"href":"https:\/\/audiobook-24.com\/en\/wp-json\/wp\/v2\/product_tag?post=980"}],"curies":[{"name":"wp","href":"https:\/\/api.w.org\/{rel}","templated":true}]}}