{"id":976,"date":"2025-11-17T21:40:59","date_gmt":"2025-11-17T21:40:59","guid":{"rendered":"https:\/\/audiobook-24.com\/?post_type=product&#038;p=976"},"modified":"2025-11-17T21:40:59","modified_gmt":"2025-11-17T21:40:59","slug":"marvel-now-deadpool-02-der-seelenjaeger","status":"publish","type":"product","link":"https:\/\/audiobook-24.com\/en\/product\/marvel-now-deadpool-02-der-seelenjaeger\/","title":{"rendered":"Marvel Now \u2013 Deadpool 02: Der Seelenj\u00e4ger"},"content":{"rendered":"<h3 data-start=\"42\" data-end=\"96\">\ud83c\udccf\u00a0<strong data-start=\"49\" data-end=\"94\">Marvel Now \u2013 Deadpool 02: Der Seelenj\u00e4ger<\/strong><\/h3>\n<p data-start=\"97\" data-end=\"165\"><strong data-start=\"97\" data-end=\"165\">Ein m\u00f6rderisches Abenteuer mit dem S\u00f6ldner mit der gro\u00dfen Klappe<\/strong><\/p>\n<p data-start=\"172\" data-end=\"539\"><strong data-start=\"172\" data-end=\"183\">Inhalt:<\/strong><br data-start=\"183\" data-end=\"186\" \/>Deadpool ist zur\u00fcck \u2013 und diesmal geht es d\u00fcsterer zu denn je! In\u00a0<strong data-start=\"252\" data-end=\"279\">Band 2: Der Seelenj\u00e4ger<\/strong>\u00a0wird unser liebenswerter Antiheld mit einer unheimlichen Bedrohung konfrontiert, die mehr ist als nur ein weiterer Gegner. Zwischen Witz, Chaos und t\u00f6dlicher Action muss Deadpool sich gegen finstere M\u00e4chte behaupten, die seine Seele ins Visier genommen haben.<\/p>\n<p data-start=\"541\" data-end=\"548\">Erlebe:<\/p>\n<ul data-start=\"550\" data-end=\"749\">\n<li data-start=\"550\" data-end=\"595\">\n<p data-start=\"552\" data-end=\"595\">Ein wildes, temporeiches Marvel-Abenteuer<\/p>\n<\/li>\n<li data-start=\"596\" data-end=\"652\">\n<p data-start=\"598\" data-end=\"652\">Die gewohnt freche und sarkastische Art von Deadpool<\/p>\n<\/li>\n<li data-start=\"653\" data-end=\"701\">\n<p data-start=\"655\" data-end=\"701\">Spannende K\u00e4mpfe gegen \u00fcbernat\u00fcrliche Feinde<\/p>\n<\/li>\n<li data-start=\"702\" data-end=\"749\">\n<p data-start=\"704\" data-end=\"749\">Unerwartete Wendungen und schwarzer Humor pur<\/p>\n<\/li>\n<\/ul>\n<hr data-start=\"751\" data-end=\"754\" \/>\n<p data-start=\"756\" data-end=\"913\">\u2705\u00a0<strong data-start=\"758\" data-end=\"800\">Sofortiger PDF-Download nach Bezahlung<\/strong><br data-start=\"800\" data-end=\"803\" \/>\ud83d\udcf1\ud83d\udcbb\u00a0<strong data-start=\"808\" data-end=\"849\">Optimiert f\u00fcr Smartphone, Tablet &amp; PC<\/strong><br data-start=\"849\" data-end=\"852\" \/>\ud83d\udcc4\u00a0<strong data-start=\"855\" data-end=\"913\">PDF-Format \u2013 direkt lesbar, keine Zusatzsoftware n\u00f6tig<\/strong><\/p>","protected":false},"excerpt":{"rendered":"<p>\ud83c\udccf\u00a0Marvel Now \u2013 Deadpool 02: Der Seelenj\u00e4ger Ein m\u00f6rderisches Abenteuer mit dem S\u00f6ldner mit der gro\u00dfen Klappe Inhalt:Deadpool ist zur\u00fcck \u2013 und diesmal geht es d\u00fcsterer zu denn je! In\u00a0Band 2: Der Seelenj\u00e4ger\u00a0wird unser liebenswerter Antiheld mit einer unheimlichen Bedrohung konfrontiert, die mehr ist als nur ein weiterer Gegner. Zwischen Witz, Chaos und t\u00f6dlicher Action [&hellip;]<\/p>\n","protected":false},"featured_media":977,"comment_status":"open","ping_status":"closed","template":"","meta":[],"product_brand":[],"product_cat":[38],"product_tag":[],"class_list":{"0":"post-976","1":"product","2":"type-product","3":"status-publish","4":"has-post-thumbnail","6":"product_cat-e-book-comic","8":"first","9":"instock","10":"sale","11":"virtual","12":"purchasable","13":"product-type-simple"},"jetpack_sharing_enabled":true,"_links":{"self":[{"href":"https:\/\/audiobook-24.com\/en\/wp-json\/wp\/v2\/product\/976","targetHints":{"allow":["GET"]}}],"collection":[{"href":"https:\/\/audiobook-24.com\/en\/wp-json\/wp\/v2\/product"}],"about":[{"href":"https:\/\/audiobook-24.com\/en\/wp-json\/wp\/v2\/types\/product"}],"replies":[{"embeddable":true,"href":"https:\/\/audiobook-24.com\/en\/wp-json\/wp\/v2\/comments?post=976"}],"wp:featuredmedia":[{"embeddable":true,"href":"https:\/\/audiobook-24.com\/en\/wp-json\/wp\/v2\/media\/977"}],"wp:attachment":[{"href":"https:\/\/audiobook-24.com\/en\/wp-json\/wp\/v2\/media?parent=976"}],"wp:term":[{"taxonomy":"product_brand","embeddable":true,"href":"https:\/\/audiobook-24.com\/en\/wp-json\/wp\/v2\/product_brand?post=976"},{"taxonomy":"product_cat","embeddable":true,"href":"https:\/\/audiobook-24.com\/en\/wp-json\/wp\/v2\/product_cat?post=976"},{"taxonomy":"product_tag","embeddable":true,"href":"https:\/\/audiobook-24.com\/en\/wp-json\/wp\/v2\/product_tag?post=976"}],"curies":[{"name":"wp","href":"https:\/\/api.w.org\/{rel}","templated":true}]}}