{"id":968,"date":"2025-11-17T18:21:30","date_gmt":"2025-11-17T18:21:30","guid":{"rendered":"https:\/\/audiobook-24.com\/?post_type=product&#038;p=968"},"modified":"2025-11-17T18:21:31","modified_gmt":"2025-11-17T18:21:31","slug":"marvel-der-rote-blitz-heft-5-ein-verrat-im-innersten-und-der-sturz-in-die-finsternis-beginnt","status":"publish","type":"product","link":"https:\/\/audiobook-24.com\/en\/product\/marvel-der-rote-blitz-heft-5-ein-verrat-im-innersten-und-der-sturz-in-die-finsternis-beginnt\/","title":{"rendered":"Marvel: Der Rote Blitz \u2013 Heft 5 Ein Verrat im Innersten \u2013 und der Sturz in die Finsternis beginnt!"},"content":{"rendered":"<h3 data-start=\"35\" data-end=\"78\"><strong data-start=\"41\" data-end=\"76\">Marvel: Der Rote Blitz \u2013 Heft 5<\/strong><\/h3>\n<p data-start=\"79\" data-end=\"149\"><strong data-start=\"79\" data-end=\"149\">Ein Verrat im Innersten \u2013 und der Sturz in die Finsternis beginnt!<\/strong><\/p>\n<p data-start=\"156\" data-end=\"337\"><strong data-start=\"156\" data-end=\"167\">Inhalt:<\/strong><br data-start=\"167\" data-end=\"170\" \/>In\u00a0<strong data-start=\"173\" data-end=\"183\">Heft 5<\/strong>\u00a0steht der Rote Blitz vor seiner bisher gr\u00f6\u00dften Herausforderung:<br data-start=\"247\" data-end=\"250\" \/>Nicht ein Feind von au\u00dfen bedroht ihn \u2013 sondern jemand, dem er bedingungslos vertraute.<\/p>\n<p data-start=\"339\" data-end=\"576\">Die Ereignisse der Zeitreise hinterlassen Spuren. Alte Allianzen brechen auseinander. Neue Feinde tauchen aus den Schatten auf, und der Rote Blitz muss erkennen:\u00a0<strong data-start=\"501\" data-end=\"576\">Seine Kr\u00e4fte haben einen Preis \u2013 und dieser ist h\u00f6her, als er je ahnte.<\/strong><\/p>\n<p data-start=\"578\" data-end=\"620\">Erlebe in dieser dramatischen Fortsetzung:<\/p>\n<ul data-start=\"622\" data-end=\"844\">\n<li data-start=\"622\" data-end=\"676\">\n<p data-start=\"624\" data-end=\"676\">Die Enth\u00fcllung eines Doppelspiels im engsten Kreis<\/p>\n<\/li>\n<li data-start=\"677\" data-end=\"731\">\n<p data-start=\"679\" data-end=\"731\">Eine epische Verfolgungsjagd auf molekularer Ebene<\/p>\n<\/li>\n<li data-start=\"732\" data-end=\"772\">\n<p data-start=\"734\" data-end=\"772\">Die R\u00fcckkehr des \u201eSchwarzen Blitzes\u201c<\/p>\n<\/li>\n<li data-start=\"773\" data-end=\"844\">\n<p data-start=\"775\" data-end=\"844\">Und eine Entscheidung, die das Gleichgewicht aller Realit\u00e4ten bedroht<\/p>\n<\/li>\n<\/ul>\n<p data-start=\"846\" data-end=\"904\"><strong data-start=\"846\" data-end=\"904\">Heft 5 ist der Wendepunkt. Ab hier wird es pers\u00f6nlich.<\/strong><\/p>","protected":false},"excerpt":{"rendered":"<p>Marvel: Der Rote Blitz \u2013 Heft 5 Ein Verrat im Innersten \u2013 und der Sturz in die Finsternis beginnt! Inhalt:In\u00a0Heft 5\u00a0steht der Rote Blitz vor seiner bisher gr\u00f6\u00dften Herausforderung:Nicht ein Feind von au\u00dfen bedroht ihn \u2013 sondern jemand, dem er bedingungslos vertraute. Die Ereignisse der Zeitreise hinterlassen Spuren. Alte Allianzen brechen auseinander. Neue Feinde tauchen [&hellip;]<\/p>\n","protected":false},"featured_media":969,"comment_status":"open","ping_status":"closed","template":"","meta":[],"product_brand":[],"product_cat":[38],"product_tag":[],"class_list":{"0":"post-968","1":"product","2":"type-product","3":"status-publish","4":"has-post-thumbnail","6":"product_cat-e-book-comic","8":"first","9":"instock","10":"sale","11":"virtual","12":"purchasable","13":"product-type-simple"},"jetpack_sharing_enabled":true,"_links":{"self":[{"href":"https:\/\/audiobook-24.com\/en\/wp-json\/wp\/v2\/product\/968","targetHints":{"allow":["GET"]}}],"collection":[{"href":"https:\/\/audiobook-24.com\/en\/wp-json\/wp\/v2\/product"}],"about":[{"href":"https:\/\/audiobook-24.com\/en\/wp-json\/wp\/v2\/types\/product"}],"replies":[{"embeddable":true,"href":"https:\/\/audiobook-24.com\/en\/wp-json\/wp\/v2\/comments?post=968"}],"wp:featuredmedia":[{"embeddable":true,"href":"https:\/\/audiobook-24.com\/en\/wp-json\/wp\/v2\/media\/969"}],"wp:attachment":[{"href":"https:\/\/audiobook-24.com\/en\/wp-json\/wp\/v2\/media?parent=968"}],"wp:term":[{"taxonomy":"product_brand","embeddable":true,"href":"https:\/\/audiobook-24.com\/en\/wp-json\/wp\/v2\/product_brand?post=968"},{"taxonomy":"product_cat","embeddable":true,"href":"https:\/\/audiobook-24.com\/en\/wp-json\/wp\/v2\/product_cat?post=968"},{"taxonomy":"product_tag","embeddable":true,"href":"https:\/\/audiobook-24.com\/en\/wp-json\/wp\/v2\/product_tag?post=968"}],"curies":[{"name":"wp","href":"https:\/\/api.w.org\/{rel}","templated":true}]}}