{"id":966,"date":"2025-11-17T18:19:07","date_gmt":"2025-11-17T18:19:07","guid":{"rendered":"https:\/\/audiobook-24.com\/?post_type=product&#038;p=966"},"modified":"2025-11-17T18:19:08","modified_gmt":"2025-11-17T18:19:08","slug":"marvel-der-rote-blitz-heft-4-zeit-gegen-zeit-das-rennen-ins-verderben-beginnt","status":"publish","type":"product","link":"https:\/\/audiobook-24.com\/en\/product\/marvel-der-rote-blitz-heft-4-zeit-gegen-zeit-das-rennen-ins-verderben-beginnt\/","title":{"rendered":"Marvel: Der Rote Blitz \u2013 Heft 4 Zeit gegen Zeit \u2013 das Rennen ins Verderben beginnt!"},"content":{"rendered":"<h3 data-start=\"35\" data-end=\"78\"><strong data-start=\"41\" data-end=\"76\">Marvel: Der Rote Blitz \u2013 Heft 4<\/strong><\/h3>\n<p data-start=\"79\" data-end=\"134\"><strong data-start=\"79\" data-end=\"134\">Zeit gegen Zeit \u2013 das Rennen ins Verderben beginnt!<\/strong><\/p>\n<p data-start=\"141\" data-end=\"359\"><strong data-start=\"141\" data-end=\"152\">Inhalt:<\/strong><br data-start=\"152\" data-end=\"155\" \/>In\u00a0<strong data-start=\"158\" data-end=\"168\">Heft 4<\/strong>\u00a0\u00fcberschlagen sich die Ereignisse: Der\u00a0<strong data-start=\"207\" data-end=\"221\">Rote Blitz<\/strong>\u00a0wird mit einer Zukunft konfrontiert, die nicht existieren d\u00fcrfte \u2013 und mit einem Gegner, der jeden seiner Schritte vorherzusehen scheint.<\/p>\n<p data-start=\"361\" data-end=\"589\">Ein mysteri\u00f6ser Reisender aus einer anderen Zeit behauptet, der rote Blitz sei der Ausl\u00f6ser f\u00fcr eine kommende Katastrophe. Um das zu verhindern, beginnt ein Rennen durch Zeit und Raum \u2013 mit dramatischen Folgen f\u00fcr die Gegenwart.<\/p>\n<p data-start=\"591\" data-end=\"612\">Diese Ausgabe bietet:<\/p>\n<ul data-start=\"614\" data-end=\"849\">\n<li data-start=\"614\" data-end=\"670\">\n<p data-start=\"616\" data-end=\"670\">Ein temporeiches Duell in einer zerfallenden Zukunft<\/p>\n<\/li>\n<li data-start=\"671\" data-end=\"724\">\n<p data-start=\"673\" data-end=\"724\">Neue Einblicke in das geheime Ursprungsexperiment<\/p>\n<\/li>\n<li data-start=\"725\" data-end=\"789\">\n<p data-start=\"727\" data-end=\"789\">Den ersten Blick auf eine d\u00fcstere Variante des Roten Blitzes<\/p>\n<\/li>\n<li data-start=\"790\" data-end=\"849\">\n<p data-start=\"792\" data-end=\"849\">Und eine Entscheidung, die \u00fcber Leben und Tod entscheidet<\/p>\n<\/li>\n<\/ul>\n<p data-start=\"851\" data-end=\"918\"><strong data-start=\"851\" data-end=\"918\">Nichts ist mehr, wie es war \u2013 und das Tempo zieht gnadenlos an.<\/strong><\/p>\n<hr data-start=\"920\" data-end=\"923\" \/>\n<p data-start=\"925\" data-end=\"1083\">\u2705\u00a0<strong data-start=\"927\" data-end=\"969\">Sofortiger PDF-Download nach Bezahlung<\/strong><br data-start=\"969\" data-end=\"972\" \/>\ud83d\udcf1\ud83d\udcbb\u00a0<strong data-start=\"977\" data-end=\"1019\">Kompatibel mit Smartphone, Tablet &amp; PC<\/strong><br data-start=\"1019\" data-end=\"1022\" \/>\ud83d\udcc4\u00a0<strong data-start=\"1025\" data-end=\"1083\">PDF-Format \u2013 direkt lesbar, keine Zusatzsoftware n\u00f6tig<\/strong><\/p>","protected":false},"excerpt":{"rendered":"<p>Marvel: Der Rote Blitz \u2013 Heft 4 Zeit gegen Zeit \u2013 das Rennen ins Verderben beginnt! Inhalt:In\u00a0Heft 4\u00a0\u00fcberschlagen sich die Ereignisse: Der\u00a0Rote Blitz\u00a0wird mit einer Zukunft konfrontiert, die nicht existieren d\u00fcrfte \u2013 und mit einem Gegner, der jeden seiner Schritte vorherzusehen scheint. Ein mysteri\u00f6ser Reisender aus einer anderen Zeit behauptet, der rote Blitz sei der [&hellip;]<\/p>\n","protected":false},"featured_media":967,"comment_status":"open","ping_status":"closed","template":"","meta":[],"product_brand":[],"product_cat":[38],"product_tag":[],"class_list":{"0":"post-966","1":"product","2":"type-product","3":"status-publish","4":"has-post-thumbnail","6":"product_cat-e-book-comic","8":"first","9":"instock","10":"sale","11":"virtual","12":"purchasable","13":"product-type-simple"},"jetpack_sharing_enabled":true,"_links":{"self":[{"href":"https:\/\/audiobook-24.com\/en\/wp-json\/wp\/v2\/product\/966","targetHints":{"allow":["GET"]}}],"collection":[{"href":"https:\/\/audiobook-24.com\/en\/wp-json\/wp\/v2\/product"}],"about":[{"href":"https:\/\/audiobook-24.com\/en\/wp-json\/wp\/v2\/types\/product"}],"replies":[{"embeddable":true,"href":"https:\/\/audiobook-24.com\/en\/wp-json\/wp\/v2\/comments?post=966"}],"wp:featuredmedia":[{"embeddable":true,"href":"https:\/\/audiobook-24.com\/en\/wp-json\/wp\/v2\/media\/967"}],"wp:attachment":[{"href":"https:\/\/audiobook-24.com\/en\/wp-json\/wp\/v2\/media?parent=966"}],"wp:term":[{"taxonomy":"product_brand","embeddable":true,"href":"https:\/\/audiobook-24.com\/en\/wp-json\/wp\/v2\/product_brand?post=966"},{"taxonomy":"product_cat","embeddable":true,"href":"https:\/\/audiobook-24.com\/en\/wp-json\/wp\/v2\/product_cat?post=966"},{"taxonomy":"product_tag","embeddable":true,"href":"https:\/\/audiobook-24.com\/en\/wp-json\/wp\/v2\/product_tag?post=966"}],"curies":[{"name":"wp","href":"https:\/\/api.w.org\/{rel}","templated":true}]}}