{"id":964,"date":"2025-11-17T18:11:04","date_gmt":"2025-11-17T18:11:04","guid":{"rendered":"https:\/\/audiobook-24.com\/?post_type=product&#038;p=964"},"modified":"2025-11-17T18:11:05","modified_gmt":"2025-11-17T18:11:05","slug":"der-rote-blitz-neue-folgen-heft-6-das-tempo-steigt-gefahr-lauert-ueberall","status":"publish","type":"product","link":"https:\/\/audiobook-24.com\/en\/product\/der-rote-blitz-neue-folgen-heft-6-das-tempo-steigt-gefahr-lauert-ueberall\/","title":{"rendered":"Der Rote Blitz \u2013 Neue Folgen, Heft 6 Das Tempo steigt \u2013 Gefahr lauert \u00fcberall!"},"content":{"rendered":"<h3 data-start=\"42\" data-end=\"90\"><strong data-start=\"48\" data-end=\"88\">Der Rote Blitz \u2013 Neue Folgen, Heft 6<\/strong><\/h3>\n<p data-start=\"91\" data-end=\"136\"><strong data-start=\"91\" data-end=\"136\">Das Tempo steigt \u2013 Gefahr lauert \u00fcberall!<\/strong><\/p>\n<p data-start=\"143\" data-end=\"403\"><strong data-start=\"143\" data-end=\"154\">Inhalt:<\/strong><br data-start=\"154\" data-end=\"157\" \/>In\u00a0<strong data-start=\"160\" data-end=\"170\">Heft 6<\/strong>\u00a0der neuen Folgen nimmt das Abenteuer des\u00a0<strong data-start=\"212\" data-end=\"229\">Roten Blitzes<\/strong>\u00a0eine dramatische Wendung. W\u00e4hrend die Bedrohungen wachsen, muss unser Held nicht nur seine Geschwindigkeit, sondern auch seinen Verstand einsetzen, um das Unheil abzuwenden.<\/p>\n<p data-start=\"405\" data-end=\"412\">Erlebe:<\/p>\n<ul data-start=\"414\" data-end=\"683\">\n<li data-start=\"414\" data-end=\"481\">\n<p data-start=\"416\" data-end=\"481\">Spannende Action-Szenen und nervenaufreibende Verfolgungsjagden<a id=\"set-post-thumbnail\" class=\"thickbox\" href=\"https:\/\/audiobook-24.com\/wp-admin\/media-upload.php?post_id=964&amp;type=image&amp;TB_iframe=1\">Produktbild festlegen<\/a><\/p>\n<\/li>\n<li data-start=\"482\" data-end=\"536\">\n<p data-start=\"484\" data-end=\"536\">Enth\u00fcllungen \u00fcber verborgene Feinde und ihre Pl\u00e4ne<\/p>\n<\/li>\n<li data-start=\"537\" data-end=\"619\">\n<p data-start=\"539\" data-end=\"619\">Die Weiterentwicklung des Roten Blitzes \u2013 sowohl k\u00f6rperlich als auch emotional<\/p>\n<\/li>\n<li data-start=\"620\" data-end=\"683\">\n<p data-start=\"622\" data-end=\"683\">Dynamische Illustrationen, die die Geschichte lebendig machen<\/p>\n<\/li>\n<\/ul>\n<p data-start=\"685\" data-end=\"768\">Perfekt f\u00fcr Fans der neuen Serie und alle, die schnelle Comics mit Tiefgang lieben!<\/p>\n<hr data-start=\"770\" data-end=\"773\" \/>\n<p data-start=\"775\" data-end=\"933\">\u2705\u00a0<strong data-start=\"777\" data-end=\"819\">Sofortiger PDF-Download nach Bezahlung<\/strong><br data-start=\"819\" data-end=\"822\" \/>\ud83d\udcf1\ud83d\udcbb\u00a0<strong data-start=\"827\" data-end=\"869\">Kompatibel mit Tablet, Smartphone &amp; PC<\/strong><br data-start=\"869\" data-end=\"872\" \/>\ud83d\udcc4\u00a0<strong data-start=\"875\" data-end=\"933\">PDF-Format \u2013 direkt lesbar, keine Zusatzsoftware n\u00f6tig<\/strong><\/p>","protected":false},"excerpt":{"rendered":"<p>Der Rote Blitz \u2013 Neue Folgen, Heft 6 Das Tempo steigt \u2013 Gefahr lauert \u00fcberall! Inhalt:In\u00a0Heft 6\u00a0der neuen Folgen nimmt das Abenteuer des\u00a0Roten Blitzes\u00a0eine dramatische Wendung. W\u00e4hrend die Bedrohungen wachsen, muss unser Held nicht nur seine Geschwindigkeit, sondern auch seinen Verstand einsetzen, um das Unheil abzuwenden. Erlebe: Spannende Action-Szenen und nervenaufreibende VerfolgungsjagdenProduktbild festlegen Enth\u00fcllungen \u00fcber [&hellip;]<\/p>\n","protected":false},"featured_media":965,"comment_status":"open","ping_status":"closed","template":"","meta":[],"product_brand":[],"product_cat":[38],"product_tag":[],"class_list":{"0":"post-964","1":"product","2":"type-product","3":"status-publish","4":"has-post-thumbnail","6":"product_cat-e-book-comic","8":"first","9":"instock","10":"sale","11":"virtual","12":"purchasable","13":"product-type-simple"},"jetpack_sharing_enabled":true,"_links":{"self":[{"href":"https:\/\/audiobook-24.com\/en\/wp-json\/wp\/v2\/product\/964","targetHints":{"allow":["GET"]}}],"collection":[{"href":"https:\/\/audiobook-24.com\/en\/wp-json\/wp\/v2\/product"}],"about":[{"href":"https:\/\/audiobook-24.com\/en\/wp-json\/wp\/v2\/types\/product"}],"replies":[{"embeddable":true,"href":"https:\/\/audiobook-24.com\/en\/wp-json\/wp\/v2\/comments?post=964"}],"wp:featuredmedia":[{"embeddable":true,"href":"https:\/\/audiobook-24.com\/en\/wp-json\/wp\/v2\/media\/965"}],"wp:attachment":[{"href":"https:\/\/audiobook-24.com\/en\/wp-json\/wp\/v2\/media?parent=964"}],"wp:term":[{"taxonomy":"product_brand","embeddable":true,"href":"https:\/\/audiobook-24.com\/en\/wp-json\/wp\/v2\/product_brand?post=964"},{"taxonomy":"product_cat","embeddable":true,"href":"https:\/\/audiobook-24.com\/en\/wp-json\/wp\/v2\/product_cat?post=964"},{"taxonomy":"product_tag","embeddable":true,"href":"https:\/\/audiobook-24.com\/en\/wp-json\/wp\/v2\/product_tag?post=964"}],"curies":[{"name":"wp","href":"https:\/\/api.w.org\/{rel}","templated":true}]}}