{"id":958,"date":"2025-11-17T18:05:27","date_gmt":"2025-11-17T18:05:27","guid":{"rendered":"https:\/\/audiobook-24.com\/?post_type=product&#038;p=958"},"modified":"2025-11-17T18:05:27","modified_gmt":"2025-11-17T18:05:27","slug":"der-rote-blitz-neue-folgen-heft-4-der-wettlauf-gegen-die-zeit-spitzt-sich-zu","status":"publish","type":"product","link":"https:\/\/audiobook-24.com\/en\/product\/der-rote-blitz-neue-folgen-heft-4-der-wettlauf-gegen-die-zeit-spitzt-sich-zu\/","title":{"rendered":"Der Rote Blitz \u2013 Neue Folgen, Heft 4 Der Wettlauf gegen die Zeit spitzt sich zu!"},"content":{"rendered":"<h3 data-start=\"42\" data-end=\"90\"><strong data-start=\"48\" data-end=\"88\">Der Rote Blitz \u2013 Neue Folgen, Heft 4<\/strong><\/h3>\n<p data-start=\"91\" data-end=\"138\"><strong data-start=\"91\" data-end=\"138\">Der Wettlauf gegen die Zeit spitzt sich zu!<\/strong><\/p>\n<p data-start=\"145\" data-end=\"383\"><strong data-start=\"145\" data-end=\"156\">nhalt:<\/strong><br data-start=\"156\" data-end=\"159\" \/>In\u00a0<strong data-start=\"162\" data-end=\"172\">Heft 4<\/strong>\u00a0der neuen Folgen des\u00a0<strong data-start=\"194\" data-end=\"211\">Roten Blitzes<\/strong>\u00a0nimmt die Spannung weiter zu. Unser Held ger\u00e4t in einen Wettlauf gegen eine \u00fcberm\u00e4chtige Bedrohung, die nicht nur seine Kr\u00e4fte, sondern auch seinen Verstand herausfordert.<\/p>\n<p data-start=\"385\" data-end=\"404\">Dieses Heft bietet:<\/p>\n<ul data-start=\"406\" data-end=\"648\">\n<li data-start=\"406\" data-end=\"461\">\n<p data-start=\"408\" data-end=\"461\">Atemberaubende Actionszenen und spannende Wendungen<\/p>\n<\/li>\n<li data-start=\"462\" data-end=\"534\">\n<p data-start=\"464\" data-end=\"534\">Vertiefte Einblicke in die Welt und das Innenleben des Roten Blitzes<\/p>\n<\/li>\n<li data-start=\"535\" data-end=\"606\">\n<p data-start=\"537\" data-end=\"606\">Einf\u00fchrung eines neuen Gegenspielers, der alles auf den Kopf stellt<\/p>\n<\/li>\n<li data-start=\"607\" data-end=\"648\">\n<p data-start=\"609\" data-end=\"648\">Dynamische und moderne Comiczeichnungen<\/p>\n<\/li>\n<\/ul>\n<p data-start=\"650\" data-end=\"756\">Perfekt f\u00fcr Fans, die das temporeiche Marvel-Universum lieben und den Neustart intensiv verfolgen m\u00f6chten!<\/p>\n<hr data-start=\"758\" data-end=\"761\" \/>\n<p data-start=\"763\" data-end=\"921\">\u2705\u00a0<strong data-start=\"765\" data-end=\"807\">Sofortiger PDF-Download nach Bezahlung<\/strong><br data-start=\"807\" data-end=\"810\" \/>\ud83d\udcf1\ud83d\udcbb\u00a0<strong data-start=\"815\" data-end=\"857\">Kompatibel mit Tablet, Smartphone &amp; PC<\/strong><br data-start=\"857\" data-end=\"860\" \/>\ud83d\udcc4\u00a0<strong data-start=\"863\" data-end=\"921\">PDF-Format \u2013 sofort lesbar, keine Zusatzsoftware n\u00f6tig<\/strong><\/p>","protected":false},"excerpt":{"rendered":"<p>Der Rote Blitz \u2013 Neue Folgen, Heft 4 Der Wettlauf gegen die Zeit spitzt sich zu! nhalt:In\u00a0Heft 4\u00a0der neuen Folgen des\u00a0Roten Blitzes\u00a0nimmt die Spannung weiter zu. Unser Held ger\u00e4t in einen Wettlauf gegen eine \u00fcberm\u00e4chtige Bedrohung, die nicht nur seine Kr\u00e4fte, sondern auch seinen Verstand herausfordert. Dieses Heft bietet: Atemberaubende Actionszenen und spannende Wendungen Vertiefte [&hellip;]<\/p>\n","protected":false},"featured_media":959,"comment_status":"open","ping_status":"closed","template":"","meta":[],"product_brand":[],"product_cat":[38],"product_tag":[],"class_list":{"0":"post-958","1":"product","2":"type-product","3":"status-publish","4":"has-post-thumbnail","6":"product_cat-e-book-comic","8":"first","9":"instock","10":"sale","11":"virtual","12":"purchasable","13":"product-type-simple"},"jetpack_sharing_enabled":true,"_links":{"self":[{"href":"https:\/\/audiobook-24.com\/en\/wp-json\/wp\/v2\/product\/958","targetHints":{"allow":["GET"]}}],"collection":[{"href":"https:\/\/audiobook-24.com\/en\/wp-json\/wp\/v2\/product"}],"about":[{"href":"https:\/\/audiobook-24.com\/en\/wp-json\/wp\/v2\/types\/product"}],"replies":[{"embeddable":true,"href":"https:\/\/audiobook-24.com\/en\/wp-json\/wp\/v2\/comments?post=958"}],"wp:featuredmedia":[{"embeddable":true,"href":"https:\/\/audiobook-24.com\/en\/wp-json\/wp\/v2\/media\/959"}],"wp:attachment":[{"href":"https:\/\/audiobook-24.com\/en\/wp-json\/wp\/v2\/media?parent=958"}],"wp:term":[{"taxonomy":"product_brand","embeddable":true,"href":"https:\/\/audiobook-24.com\/en\/wp-json\/wp\/v2\/product_brand?post=958"},{"taxonomy":"product_cat","embeddable":true,"href":"https:\/\/audiobook-24.com\/en\/wp-json\/wp\/v2\/product_cat?post=958"},{"taxonomy":"product_tag","embeddable":true,"href":"https:\/\/audiobook-24.com\/en\/wp-json\/wp\/v2\/product_tag?post=958"}],"curies":[{"name":"wp","href":"https:\/\/api.w.org\/{rel}","templated":true}]}}