{"id":956,"date":"2025-11-17T17:59:55","date_gmt":"2025-11-17T17:59:55","guid":{"rendered":"https:\/\/audiobook-24.com\/?post_type=product&#038;p=956"},"modified":"2025-11-17T17:59:56","modified_gmt":"2025-11-17T17:59:56","slug":"der-rote-blitz-neue-folgen-heft-3-spannung-und-tempo-der-rote-blitz-in-seinem-naechsten-grossen-abenteuer","status":"publish","type":"product","link":"https:\/\/audiobook-24.com\/en\/product\/der-rote-blitz-neue-folgen-heft-3-spannung-und-tempo-der-rote-blitz-in-seinem-naechsten-grossen-abenteuer\/","title":{"rendered":"Der Rote Blitz \u2013 Neue Folgen, Heft 3 Spannung und Tempo \u2013 Der Rote Blitz in seinem n\u00e4chsten gro\u00dfen Abenteuer!"},"content":{"rendered":"<h3 data-start=\"42\" data-end=\"90\"><strong data-start=\"48\" data-end=\"88\">Der Rote Blitz \u2013 Neue Folgen, Heft 3<\/strong><\/h3>\n<p data-start=\"91\" data-end=\"167\"><strong data-start=\"91\" data-end=\"167\">Spannung und Tempo \u2013 Der Rote Blitz in seinem n\u00e4chsten gro\u00dfen Abenteuer!<\/strong><\/p>\n<p data-start=\"174\" data-end=\"402\"><strong data-start=\"174\" data-end=\"185\">nhalt:<\/strong><br data-start=\"185\" data-end=\"188\" \/>Im dritten Heft der neuen Folgen erlebt der\u00a0<strong data-start=\"232\" data-end=\"246\">Rote Blitz<\/strong>\u00a0weitere packende Abenteuer, die seine Grenzen auf die Probe stellen. Alte Feinde kehren zur\u00fcck, neue Allianzen entstehen \u2013 und die Zeit l\u00e4uft unaufhaltsam.<\/p>\n<p data-start=\"404\" data-end=\"423\">Dieses Heft bietet:<\/p>\n<ul data-start=\"425\" data-end=\"649\">\n<li data-start=\"425\" data-end=\"477\">\n<p data-start=\"427\" data-end=\"477\">Hochspannende Action und \u00fcberraschende Wendungen<\/p>\n<\/li>\n<li data-start=\"478\" data-end=\"534\">\n<p data-start=\"480\" data-end=\"534\">Tiefergehende Einblicke in die Motivation des Helden<\/p>\n<\/li>\n<li data-start=\"535\" data-end=\"589\">\n<p data-start=\"537\" data-end=\"589\">Eine d\u00fcstere Bedrohung, die alles ver\u00e4ndern k\u00f6nnte<\/p>\n<\/li>\n<li data-start=\"590\" data-end=\"649\">\n<p data-start=\"592\" data-end=\"649\">Dynamische Zeichnungen und packende Storytelling-Elemente<\/p>\n<\/li>\n<\/ul>\n<p data-start=\"651\" data-end=\"736\">Ideal f\u00fcr alle Fans, die den Neustart der Serie verfolgen oder neu einsteigen wollen!<\/p>\n<hr data-start=\"738\" data-end=\"741\" \/>\n<p data-start=\"743\" data-end=\"900\">\u2705\u00a0<strong data-start=\"745\" data-end=\"787\">Sofortiger PDF-Download nach Bezahlung<\/strong><br data-start=\"787\" data-end=\"790\" \/>\ud83d\udcf1\ud83d\udcbb\u00a0<strong data-start=\"795\" data-end=\"836\">Optimiert f\u00fcr Smartphone, Tablet &amp; PC<\/strong><br data-start=\"836\" data-end=\"839\" \/>\ud83d\udcc4\u00a0<strong data-start=\"842\" data-end=\"900\">PDF-Format \u2013 direkt lesbar, keine Zusatzsoftware n\u00f6tig<\/strong><\/p>","protected":false},"excerpt":{"rendered":"<p>Der Rote Blitz \u2013 Neue Folgen, Heft 3 Spannung und Tempo \u2013 Der Rote Blitz in seinem n\u00e4chsten gro\u00dfen Abenteuer! nhalt:Im dritten Heft der neuen Folgen erlebt der\u00a0Rote Blitz\u00a0weitere packende Abenteuer, die seine Grenzen auf die Probe stellen. Alte Feinde kehren zur\u00fcck, neue Allianzen entstehen \u2013 und die Zeit l\u00e4uft unaufhaltsam. Dieses Heft bietet: Hochspannende [&hellip;]<\/p>\n","protected":false},"featured_media":957,"comment_status":"open","ping_status":"closed","template":"","meta":[],"product_brand":[],"product_cat":[38],"product_tag":[],"class_list":{"0":"post-956","1":"product","2":"type-product","3":"status-publish","4":"has-post-thumbnail","6":"product_cat-e-book-comic","8":"first","9":"instock","10":"sale","11":"virtual","12":"purchasable","13":"product-type-simple"},"jetpack_sharing_enabled":true,"_links":{"self":[{"href":"https:\/\/audiobook-24.com\/en\/wp-json\/wp\/v2\/product\/956","targetHints":{"allow":["GET"]}}],"collection":[{"href":"https:\/\/audiobook-24.com\/en\/wp-json\/wp\/v2\/product"}],"about":[{"href":"https:\/\/audiobook-24.com\/en\/wp-json\/wp\/v2\/types\/product"}],"replies":[{"embeddable":true,"href":"https:\/\/audiobook-24.com\/en\/wp-json\/wp\/v2\/comments?post=956"}],"wp:featuredmedia":[{"embeddable":true,"href":"https:\/\/audiobook-24.com\/en\/wp-json\/wp\/v2\/media\/957"}],"wp:attachment":[{"href":"https:\/\/audiobook-24.com\/en\/wp-json\/wp\/v2\/media?parent=956"}],"wp:term":[{"taxonomy":"product_brand","embeddable":true,"href":"https:\/\/audiobook-24.com\/en\/wp-json\/wp\/v2\/product_brand?post=956"},{"taxonomy":"product_cat","embeddable":true,"href":"https:\/\/audiobook-24.com\/en\/wp-json\/wp\/v2\/product_cat?post=956"},{"taxonomy":"product_tag","embeddable":true,"href":"https:\/\/audiobook-24.com\/en\/wp-json\/wp\/v2\/product_tag?post=956"}],"curies":[{"name":"wp","href":"https:\/\/api.w.org\/{rel}","templated":true}]}}