{"id":948,"date":"2025-11-17T17:46:36","date_gmt":"2025-11-17T17:46:36","guid":{"rendered":"https:\/\/audiobook-24.com\/?post_type=product&#038;p=948"},"modified":"2025-11-17T17:46:36","modified_gmt":"2025-11-17T17:46:36","slug":"der-rote-blitz-heft-1-bis-13-der-komplette-comic-spass-das-temporeiche-marvel-abenteuer-in-einer-epischen-sammlung","status":"publish","type":"product","link":"https:\/\/audiobook-24.com\/en\/product\/der-rote-blitz-heft-1-bis-13-der-komplette-comic-spass-das-temporeiche-marvel-abenteuer-in-einer-epischen-sammlung\/","title":{"rendered":"Der Rote Blitz \u2013 Heft 1 bis 13: Der komplette Comic-Spa\u00df! Das temporeiche Marvel-Abenteuer in einer epischen Sammlung"},"content":{"rendered":"<h3 data-start=\"60\" data-end=\"129\"><strong data-start=\"66\" data-end=\"127\">Der Rote Blitz \u2013 Heft 1 bis 13: Der komplette Comic-Spa\u00df!<\/strong><\/h3>\n<p data-start=\"130\" data-end=\"193\"><strong data-start=\"130\" data-end=\"193\">Das temporeiche Marvel-Abenteuer in einer epischen Sammlung<\/strong><\/p>\n<p data-start=\"200\" data-end=\"505\"><strong data-start=\"200\" data-end=\"211\">Inhalt:<\/strong><br data-start=\"211\" data-end=\"214\" \/>Tauche ein in die faszinierende Welt des\u00a0<strong data-start=\"255\" data-end=\"272\">Roten Blitzes<\/strong>\u00a0\u2013 einem Superhelden, der mit Lichtgeschwindigkeit durch Raum und Zeit rast! Diese Sammlung vereint die ersten\u00a0<strong data-start=\"383\" data-end=\"406\">13 spannenden Hefte<\/strong>\u00a0der Serie, die dich auf eine rasante Reise durch Zeitreisen, Intrigen und epische K\u00e4mpfe mitnimmt.<\/p>\n<p data-start=\"507\" data-end=\"757\">Erlebe, wie der Rote Blitz seine Kr\u00e4fte entdeckt, sich dunklen M\u00e4chten stellt und dabei immer wieder zwischen Heldenmut und pers\u00f6nlichen Opfern hin- und hergerissen ist. Vom dramatischen Auftakt bis zum explosiven Finale bietet diese Komplettausgabe:<\/p>\n<ul data-start=\"759\" data-end=\"972\">\n<li data-start=\"759\" data-end=\"795\">\n<p data-start=\"761\" data-end=\"795\">Actiongeladene Verfolgungsjagden<\/p>\n<\/li>\n<li data-start=\"796\" data-end=\"854\">\n<p data-start=\"798\" data-end=\"854\">Tiefgr\u00fcndige Storylines mit Zeitreisen und Multiversen<\/p>\n<\/li>\n<li data-start=\"855\" data-end=\"909\">\n<p data-start=\"857\" data-end=\"909\">Faszinierende Charaktere und unerwartete Wendungen<\/p>\n<\/li>\n<li data-start=\"910\" data-end=\"972\">\n<p data-start=\"912\" data-end=\"972\">Ein episches Superhelden-Abenteuer voller Tempo und Spannung<\/p>\n<\/li>\n<\/ul>\n<p data-start=\"974\" data-end=\"1095\">Perfekt f\u00fcr Fans von schnellen Helden und mitrei\u00dfenden Comics \u2013 alles bequem im PDF-Format f\u00fcr Tablet, Smartphone und PC!<\/p>\n<hr data-start=\"1097\" data-end=\"1100\" \/>\n<p data-start=\"1102\" data-end=\"1267\">\u2705\u00a0<strong data-start=\"1104\" data-end=\"1146\">Sofortiger PDF-Download nach Bezahlung<\/strong><br data-start=\"1146\" data-end=\"1149\" \/>\ud83d\udcf1\ud83d\udcbb\u00a0<strong data-start=\"1154\" data-end=\"1186\">Kompatibel mit allen Ger\u00e4ten<\/strong><br data-start=\"1186\" data-end=\"1189\" \/>\ud83d\udcc4\u00a0<strong data-start=\"1192\" data-end=\"1267\">Lesefreundliches PDF-Format \u2013 direkt lesbar, keine Zusatzsoftware n\u00f6tig<\/strong><\/p>","protected":false},"excerpt":{"rendered":"<p>Der Rote Blitz \u2013 Heft 1 bis 13: Der komplette Comic-Spa\u00df! Das temporeiche Marvel-Abenteuer in einer epischen Sammlung Inhalt:Tauche ein in die faszinierende Welt des\u00a0Roten Blitzes\u00a0\u2013 einem Superhelden, der mit Lichtgeschwindigkeit durch Raum und Zeit rast! Diese Sammlung vereint die ersten\u00a013 spannenden Hefte\u00a0der Serie, die dich auf eine rasante Reise durch Zeitreisen, Intrigen und epische [&hellip;]<\/p>\n","protected":false},"featured_media":949,"comment_status":"open","ping_status":"closed","template":"","meta":[],"product_brand":[],"product_cat":[38],"product_tag":[],"class_list":{"0":"post-948","1":"product","2":"type-product","3":"status-publish","4":"has-post-thumbnail","6":"product_cat-e-book-comic","8":"first","9":"instock","10":"sale","11":"virtual","12":"purchasable","13":"product-type-simple"},"jetpack_sharing_enabled":true,"_links":{"self":[{"href":"https:\/\/audiobook-24.com\/en\/wp-json\/wp\/v2\/product\/948","targetHints":{"allow":["GET"]}}],"collection":[{"href":"https:\/\/audiobook-24.com\/en\/wp-json\/wp\/v2\/product"}],"about":[{"href":"https:\/\/audiobook-24.com\/en\/wp-json\/wp\/v2\/types\/product"}],"replies":[{"embeddable":true,"href":"https:\/\/audiobook-24.com\/en\/wp-json\/wp\/v2\/comments?post=948"}],"wp:featuredmedia":[{"embeddable":true,"href":"https:\/\/audiobook-24.com\/en\/wp-json\/wp\/v2\/media\/949"}],"wp:attachment":[{"href":"https:\/\/audiobook-24.com\/en\/wp-json\/wp\/v2\/media?parent=948"}],"wp:term":[{"taxonomy":"product_brand","embeddable":true,"href":"https:\/\/audiobook-24.com\/en\/wp-json\/wp\/v2\/product_brand?post=948"},{"taxonomy":"product_cat","embeddable":true,"href":"https:\/\/audiobook-24.com\/en\/wp-json\/wp\/v2\/product_cat?post=948"},{"taxonomy":"product_tag","embeddable":true,"href":"https:\/\/audiobook-24.com\/en\/wp-json\/wp\/v2\/product_tag?post=948"}],"curies":[{"name":"wp","href":"https:\/\/api.w.org\/{rel}","templated":true}]}}