{"id":946,"date":"2025-11-17T17:42:00","date_gmt":"2025-11-17T17:42:00","guid":{"rendered":"https:\/\/audiobook-24.com\/?post_type=product&#038;p=946"},"modified":"2025-11-17T17:42:40","modified_gmt":"2025-11-17T17:42:40","slug":"micky-maus-praesentiert-01-der-prinz-und-der-bettelknabe","status":"publish","type":"product","link":"https:\/\/audiobook-24.com\/en\/product\/micky-maus-praesentiert-01-der-prinz-und-der-bettelknabe\/","title":{"rendered":"Micky Maus pr\u00e4sentiert \u2013 01: Der Prinz und der Bettelknabe"},"content":{"rendered":"<h3 data-start=\"54\" data-end=\"125\">\u00a0<strong data-start=\"61\" data-end=\"123\">Micky Maus pr\u00e4sentiert \u2013 01: Der Prinz und der Bettelknabe<\/strong><\/h3>\n<p data-start=\"126\" data-end=\"195\"><strong data-start=\"126\" data-end=\"195\">Ein k\u00f6niglicher Tausch \u2013 mit M\u00e4usen, Enten und jeder Menge Chaos!<\/strong><\/p>\n<p data-start=\"202\" data-end=\"583\"><strong data-start=\"202\" data-end=\"213\">Inhalt:<\/strong><br data-start=\"213\" data-end=\"216\" \/>Ein Klassiker der Weltliteratur \u2013\u00a0<strong data-start=\"250\" data-end=\"296\">neu erz\u00e4hlt mit den Stars aus Entenhausen!<\/strong><br data-start=\"296\" data-end=\"299\" \/>Als\u00a0<strong data-start=\"303\" data-end=\"312\">Micky<\/strong>\u00a0pl\u00f6tzlich dem Prinzen von England wie aus dem Gesicht geschnitten ist, kommt es zu einem verh\u00e4ngnisvollen Rollentausch. Doch das h\u00f6fische Leben ist gef\u00e4hrlicher, als es scheint \u2013 und bald geht es nicht nur um ein Spiel, sondern um das Schicksal eines ganzen K\u00f6nigreichs!<\/p>\n<p data-start=\"585\" data-end=\"749\">Diese liebevoll gezeichnete Comic-Adaption des Romans von\u00a0<strong data-start=\"643\" data-end=\"657\">Mark Twain<\/strong>\u00a0bringt Spannung, Humor und Herz \u2013 in einem Abenteuer, das Kinder wie Erwachsene begeistert.<\/p>\n<hr data-start=\"751\" data-end=\"754\" \/>\n<p data-start=\"756\" data-end=\"771\"><strong data-start=\"756\" data-end=\"771\">Highlights:<\/strong><\/p>\n<ul data-start=\"773\" data-end=\"941\">\n<li data-start=\"773\" data-end=\"829\">\n<p data-start=\"775\" data-end=\"829\">Micky Maus in einer Doppelrolle: Prinz &amp; Bettelknabe<\/p>\n<\/li>\n<li data-start=\"830\" data-end=\"890\">\n<p data-start=\"832\" data-end=\"890\">Klassisch erz\u00e4hlte Geschichte in Entenhausener Comicstil<\/p>\n<\/li>\n<li data-start=\"891\" data-end=\"941\">\n<p data-start=\"893\" data-end=\"941\">Ideal f\u00fcr junge Leser und nostalgische Comicfans<\/p>\n<\/li>\n<\/ul>\n<hr data-start=\"943\" data-end=\"946\" \/>\n<p data-start=\"948\" data-end=\"1098\">\u2705\u00a0<strong data-start=\"950\" data-end=\"992\">Sofortiger PDF-Download nach Bezahlung<\/strong><br data-start=\"992\" data-end=\"995\" \/>\ud83d\udcf1\ud83d\udcbb\u00a0<strong data-start=\"1000\" data-end=\"1042\">Kompatibel mit Smartphone, Tablet &amp; PC<\/strong><br data-start=\"1042\" data-end=\"1045\" \/>\ud83d\udcc4\u00a0<strong data-start=\"1048\" data-end=\"1098\">PDF-Format \u2013 direkt lesbar ohne Zusatzsoftware<\/strong><\/p>","protected":false},"excerpt":{"rendered":"<p>\u00a0Micky Maus pr\u00e4sentiert \u2013 01: Der Prinz und der Bettelknabe Ein k\u00f6niglicher Tausch \u2013 mit M\u00e4usen, Enten und jeder Menge Chaos! Inhalt:Ein Klassiker der Weltliteratur \u2013\u00a0neu erz\u00e4hlt mit den Stars aus Entenhausen!Als\u00a0Micky\u00a0pl\u00f6tzlich dem Prinzen von England wie aus dem Gesicht geschnitten ist, kommt es zu einem verh\u00e4ngnisvollen Rollentausch. Doch das h\u00f6fische Leben ist gef\u00e4hrlicher, als [&hellip;]<\/p>\n","protected":false},"featured_media":947,"comment_status":"open","ping_status":"closed","template":"","meta":[],"product_brand":[],"product_cat":[38],"product_tag":[],"class_list":{"0":"post-946","1":"product","2":"type-product","3":"status-publish","4":"has-post-thumbnail","6":"product_cat-e-book-comic","8":"first","9":"instock","10":"sale","11":"virtual","12":"purchasable","13":"product-type-simple"},"jetpack_sharing_enabled":true,"_links":{"self":[{"href":"https:\/\/audiobook-24.com\/en\/wp-json\/wp\/v2\/product\/946","targetHints":{"allow":["GET"]}}],"collection":[{"href":"https:\/\/audiobook-24.com\/en\/wp-json\/wp\/v2\/product"}],"about":[{"href":"https:\/\/audiobook-24.com\/en\/wp-json\/wp\/v2\/types\/product"}],"replies":[{"embeddable":true,"href":"https:\/\/audiobook-24.com\/en\/wp-json\/wp\/v2\/comments?post=946"}],"wp:featuredmedia":[{"embeddable":true,"href":"https:\/\/audiobook-24.com\/en\/wp-json\/wp\/v2\/media\/947"}],"wp:attachment":[{"href":"https:\/\/audiobook-24.com\/en\/wp-json\/wp\/v2\/media?parent=946"}],"wp:term":[{"taxonomy":"product_brand","embeddable":true,"href":"https:\/\/audiobook-24.com\/en\/wp-json\/wp\/v2\/product_brand?post=946"},{"taxonomy":"product_cat","embeddable":true,"href":"https:\/\/audiobook-24.com\/en\/wp-json\/wp\/v2\/product_cat?post=946"},{"taxonomy":"product_tag","embeddable":true,"href":"https:\/\/audiobook-24.com\/en\/wp-json\/wp\/v2\/product_tag?post=946"}],"curies":[{"name":"wp","href":"https:\/\/api.w.org\/{rel}","templated":true}]}}