{"id":942,"date":"2025-11-17T17:27:22","date_gmt":"2025-11-17T17:27:22","guid":{"rendered":"https:\/\/audiobook-24.com\/?post_type=product&#038;p=942"},"modified":"2025-11-17T17:27:22","modified_gmt":"2025-11-17T17:27:22","slug":"marvel-der-rote-blitz-heft-10-showdown-im-zeitlabyrinth-kampf-um-vergangenheit-und-zukunft","status":"publish","type":"product","link":"https:\/\/audiobook-24.com\/en\/product\/marvel-der-rote-blitz-heft-10-showdown-im-zeitlabyrinth-kampf-um-vergangenheit-und-zukunft\/","title":{"rendered":"Marvel: Der Rote Blitz \u2013 Heft 10 Showdown im Zeitlabyrinth \u2013 Kampf um Vergangenheit und Zukunft"},"content":{"rendered":"<h3 data-start=\"35\" data-end=\"79\"><strong data-start=\"41\" data-end=\"77\">Marvel: Der Rote Blitz \u2013 Heft 10<\/strong><\/h3>\n<p data-start=\"80\" data-end=\"147\"><strong data-start=\"80\" data-end=\"147\">Showdown im Zeit Labyrinth \u2013 Kampf um Vergangenheit und Zukunft<\/strong><\/p>\n<p data-start=\"154\" data-end=\"482\"><strong data-start=\"154\" data-end=\"165\">Inhalt:<\/strong><br data-start=\"165\" data-end=\"168\" \/>Im packenden Finale der ersten Story-Arc steht der\u00a0<strong data-start=\"219\" data-end=\"233\">Rote Blitz<\/strong>\u00a0vor seiner bisher gr\u00f6\u00dften Pr\u00fcfung: Gefangen im komplexen Geflecht von Zeitlinien, muss er sich seinem ultimativen Gegner stellen \u2013 dem\u00a0<strong data-start=\"369\" data-end=\"384\">Algorithmus<\/strong>, der seine Macht \u00fcber die Zeit nutzen will, um die Realit\u00e4t nach seinen eigenen Regeln zu formen.<\/p>\n<p data-start=\"484\" data-end=\"632\">W\u00e4hrend Vergangenheit, Gegenwart und Zukunft miteinander kollidieren, beginnt ein Rennen gegen die Uhr \u2013 mit der Zukunft aller Welten auf dem Spiel.<\/p>\n<p data-start=\"634\" data-end=\"641\">Erlebe:<\/p>\n<ul data-start=\"643\" data-end=\"901\">\n<li data-start=\"643\" data-end=\"700\">\n<p data-start=\"645\" data-end=\"700\">Ein temporeiches Finale mit atemberaubenden Wendungen<\/p>\n<\/li>\n<li data-start=\"701\" data-end=\"774\">\n<p data-start=\"703\" data-end=\"774\">Die Aufl\u00f6sung wichtiger Geheimnisse um die Herkunft des Roten Blitzes<\/p>\n<\/li>\n<li data-start=\"775\" data-end=\"833\">\n<p data-start=\"777\" data-end=\"833\">Ein Kampf zwischen Technologie und menschlichem Willen<\/p>\n<\/li>\n<li data-start=\"834\" data-end=\"901\">\n<p data-start=\"836\" data-end=\"901\">Und ein \u00fcberraschendes Ende, das den Weg f\u00fcr neue Abenteuer ebnet<\/p>\n<\/li>\n<\/ul>\n<hr data-start=\"903\" data-end=\"906\" \/>\n<p data-start=\"908\" data-end=\"1055\">\u2705\u00a0<strong data-start=\"910\" data-end=\"952\">Sofortiger PDF-Download nach Bezahlung<\/strong><br data-start=\"952\" data-end=\"955\" \/>\ud83d\udcf1\ud83d\udcbb\u00a0<strong data-start=\"960\" data-end=\"1002\">Kompatibel mit Smartphone, Tablet &amp; PC<\/strong><br data-start=\"1002\" data-end=\"1005\" \/>\ud83d\udcc4\u00a0<strong data-start=\"1008\" data-end=\"1055\">Lesefreundliches PDF-Format \u2013 direkt lesbar<\/strong><\/p>","protected":false},"excerpt":{"rendered":"<p>Marvel: Der Rote Blitz \u2013 Heft 10 Showdown im Zeit Labyrinth \u2013 Kampf um Vergangenheit und Zukunft Inhalt:Im packenden Finale der ersten Story-Arc steht der\u00a0Rote Blitz\u00a0vor seiner bisher gr\u00f6\u00dften Pr\u00fcfung: Gefangen im komplexen Geflecht von Zeitlinien, muss er sich seinem ultimativen Gegner stellen \u2013 dem\u00a0Algorithmus, der seine Macht \u00fcber die Zeit nutzen will, um die [&hellip;]<\/p>\n","protected":false},"featured_media":943,"comment_status":"open","ping_status":"closed","template":"","meta":[],"product_brand":[],"product_cat":[38],"product_tag":[],"class_list":{"0":"post-942","1":"product","2":"type-product","3":"status-publish","4":"has-post-thumbnail","6":"product_cat-e-book-comic","8":"first","9":"instock","10":"sale","11":"virtual","12":"purchasable","13":"product-type-simple"},"jetpack_sharing_enabled":true,"_links":{"self":[{"href":"https:\/\/audiobook-24.com\/en\/wp-json\/wp\/v2\/product\/942","targetHints":{"allow":["GET"]}}],"collection":[{"href":"https:\/\/audiobook-24.com\/en\/wp-json\/wp\/v2\/product"}],"about":[{"href":"https:\/\/audiobook-24.com\/en\/wp-json\/wp\/v2\/types\/product"}],"replies":[{"embeddable":true,"href":"https:\/\/audiobook-24.com\/en\/wp-json\/wp\/v2\/comments?post=942"}],"wp:featuredmedia":[{"embeddable":true,"href":"https:\/\/audiobook-24.com\/en\/wp-json\/wp\/v2\/media\/943"}],"wp:attachment":[{"href":"https:\/\/audiobook-24.com\/en\/wp-json\/wp\/v2\/media?parent=942"}],"wp:term":[{"taxonomy":"product_brand","embeddable":true,"href":"https:\/\/audiobook-24.com\/en\/wp-json\/wp\/v2\/product_brand?post=942"},{"taxonomy":"product_cat","embeddable":true,"href":"https:\/\/audiobook-24.com\/en\/wp-json\/wp\/v2\/product_cat?post=942"},{"taxonomy":"product_tag","embeddable":true,"href":"https:\/\/audiobook-24.com\/en\/wp-json\/wp\/v2\/product_tag?post=942"}],"curies":[{"name":"wp","href":"https:\/\/api.w.org\/{rel}","templated":true}]}}