{"id":919,"date":"2025-11-16T20:58:26","date_gmt":"2025-11-16T20:58:26","guid":{"rendered":"https:\/\/audiobook-24.com\/?post_type=product&#038;p=919"},"modified":"2025-11-16T20:58:27","modified_gmt":"2025-11-16T20:58:27","slug":"hoerbuch-terraner-als-faustpfand","status":"publish","type":"product","link":"https:\/\/audiobook-24.com\/en\/product\/hoerbuch-terraner-als-faustpfand\/","title":{"rendered":"H\u00f6rbuch Terraner als Faustpfand"},"content":{"rendered":"<h1><b>Terraner als Faustpfand<\/b><\/h1>\n<h1><b><br \/>\n<\/b>Ein fesselndes Science-Fiction-H\u00f6rbuch aus dem Perry-Rhodan-Universum!<\/h1>\n<p>&nbsp;<\/p>\n<p>&nbsp;<\/p>\n<h1><b>In den unendlichen Weiten des Kosmos tobt ein Kampf, der das Schicksal der Menschheit entscheidet.<br \/>\nEin gef\u00e4hrlicher Gegner hat die\u00a0Terraner\u00a0in seine Gewalt gebracht \u2013 und nutzt sie als\u00a0Faustpfand\u00a0in einem Spiel aus\u00a0Macht, Intrigen und intergalaktischer Erpressung.<\/b><\/h1>\n<p>&nbsp;<\/p>\n<p>&nbsp;<\/p>\n<h1><b>W\u00e4hrend Perry Rhodan und seine Gef\u00e4hrten alles riskieren, um die Geiseln zu befreien, beginnt ein Wettlauf gegen die Zeit.\u00a0Verr\u00e4terische Allianzen, fremde Planeten und atemlose Action\u00a0erwarten dich in diesem galaktischen Abenteuer.<\/b><\/h1>\n<p>&nbsp;<\/p>\n<p>&nbsp;<\/p>\n<h1><b>Tauche ein in ein\u00a0H\u00f6rspiel voller Spannung, epischer Weltraum-Atmosph\u00e4re und \u00fcberraschender Wendungen\u00a0\u2013 ein echtes Highlight f\u00fcr alle Fans von Science-Fiction und interstellarer Dramatik!<\/b><\/h1>\n<p>&nbsp;<\/p>\n<p>&nbsp;<\/p>\n<hr align=\"center\" noshade=\"noshade\" size=\"3\" width=\"100%\" \/>\n<h1><b>\u00a0Warum du dieses H\u00f6rspiel lieben wirst:<\/b><\/h1>\n<p>&nbsp;<\/p>\n<p>&nbsp;<\/p>\n<h1>\u00b7\u00a0\u00a0\u00a0\u00a0\u00a0\u00a0\u00a0\u00a0<b>Mitrei\u00dfende Story aus dem legend\u00e4ren Perry-Rhodan-Universum<\/b><\/h1>\n<p>&nbsp;<\/p>\n<p>&nbsp;<\/p>\n<h1>\u00b7\u00a0\u00a0\u00a0\u00a0\u00a0\u00a0\u00a0\u00a0<b>Perfekte Mischung aus\u00a0Spannung, Action und Sci-Fi-Faszination<\/b><\/h1>\n<p>&nbsp;<\/p>\n<p>&nbsp;<\/p>\n<h1>\u00b7\u00a0\u00a0\u00a0\u00a0\u00a0\u00a0\u00a0\u00a0<b>Ein Kinoerlebnis f\u00fcr die Ohren \u2013 vom ersten bis zum letzten Ton<\/b><\/h1>\n<p>&nbsp;<\/p>\n<p>&nbsp;<\/p>\n<hr align=\"center\" noshade=\"noshade\" size=\"3\" width=\"100%\" \/>\n<h1><b>\u00a0Download-Info:<br \/>\nNach der Bezahlung erhalten Sie\u00a0sofort den Link zum vollst\u00e4ndigen H\u00f6rbuch-Download\u00a0und k\u00f6nnen direkt in die\u00a0galaktische Rettungsmission\u00a0von\u00a0<i>Terraner als Faustpfand<\/i>\u00a0starten.<\/b><\/h1>","protected":false},"excerpt":{"rendered":"<p>Terraner als Faustpfand Ein fesselndes Science-Fiction-H\u00f6rbuch aus dem Perry-Rhodan-Universum! &nbsp; &nbsp; In den unendlichen Weiten des Kosmos tobt ein Kampf, der das Schicksal der Menschheit entscheidet. Ein gef\u00e4hrlicher Gegner hat die\u00a0Terraner\u00a0in seine Gewalt gebracht \u2013 und nutzt sie als\u00a0Faustpfand\u00a0in einem Spiel aus\u00a0Macht, Intrigen und intergalaktischer Erpressung. &nbsp; &nbsp; W\u00e4hrend Perry Rhodan und seine Gef\u00e4hrten alles [&hellip;]<\/p>\n","protected":false},"featured_media":920,"comment_status":"open","ping_status":"closed","template":"","meta":[],"product_brand":[],"product_cat":[37],"product_tag":[],"class_list":{"0":"post-919","1":"product","2":"type-product","3":"status-publish","4":"has-post-thumbnail","6":"product_cat-hoerspiel-perry-r","8":"first","9":"instock","10":"sale","11":"virtual","12":"purchasable","13":"product-type-simple"},"jetpack_sharing_enabled":true,"_links":{"self":[{"href":"https:\/\/audiobook-24.com\/en\/wp-json\/wp\/v2\/product\/919","targetHints":{"allow":["GET"]}}],"collection":[{"href":"https:\/\/audiobook-24.com\/en\/wp-json\/wp\/v2\/product"}],"about":[{"href":"https:\/\/audiobook-24.com\/en\/wp-json\/wp\/v2\/types\/product"}],"replies":[{"embeddable":true,"href":"https:\/\/audiobook-24.com\/en\/wp-json\/wp\/v2\/comments?post=919"}],"wp:featuredmedia":[{"embeddable":true,"href":"https:\/\/audiobook-24.com\/en\/wp-json\/wp\/v2\/media\/920"}],"wp:attachment":[{"href":"https:\/\/audiobook-24.com\/en\/wp-json\/wp\/v2\/media?parent=919"}],"wp:term":[{"taxonomy":"product_brand","embeddable":true,"href":"https:\/\/audiobook-24.com\/en\/wp-json\/wp\/v2\/product_brand?post=919"},{"taxonomy":"product_cat","embeddable":true,"href":"https:\/\/audiobook-24.com\/en\/wp-json\/wp\/v2\/product_cat?post=919"},{"taxonomy":"product_tag","embeddable":true,"href":"https:\/\/audiobook-24.com\/en\/wp-json\/wp\/v2\/product_tag?post=919"}],"curies":[{"name":"wp","href":"https:\/\/api.w.org\/{rel}","templated":true}]}}