{"id":915,"date":"2025-11-16T20:54:27","date_gmt":"2025-11-16T20:54:27","guid":{"rendered":"https:\/\/audiobook-24.com\/?post_type=product&#038;p=915"},"modified":"2025-11-16T20:54:27","modified_gmt":"2025-11-16T20:54:27","slug":"%f0%9f%8e%a7-hoerspiel-perry-rhodan-neo-194-abgruende-der-zeit-2","status":"publish","type":"product","link":"https:\/\/audiobook-24.com\/en\/product\/%f0%9f%8e%a7-hoerspiel-perry-rhodan-neo-194-abgruende-der-zeit-2\/","title":{"rendered":"\ud83c\udfa7 H\u00f6rspiel \u2013 Perry Rhodan NEO 194: Abgr\u00fcnde der Zeit"},"content":{"rendered":"<div class=\"row product-container js-product-container\">\n<div class=\"col-md-6\">\n<div class=\"product-information\">\n<div class=\"tabs\">\n<div id=\"tab-content\" class=\"tab-content\">\n<div id=\"description\" class=\"tab-pane fade in active js-product-tab-active\" role=\"tabpanel\">\n<div class=\"product-description\">\n<h2>\ud83c\udfa7\u00a0<strong>H\u00f6rspiel \u2013 Perry Rhodan NEO 194: Abgr\u00fcnde der Zeit<\/strong><\/h2>\n<p>Die Menschheit steht am Rand einer Zeitenwende: Perry Rhodan und seine Begleiter werden in ein Netz aus\u00a0<strong>Zeitparadoxien, kosmischen Geheimnissen und t\u00f6dlichen Intrigen<\/strong>\u00a0gezogen. In den Tiefen der Galaxis lauern Kr\u00e4fte, die bereit sind, Vergangenheit und Zukunft gleicherma\u00dfen zu manipulieren \u2013 mit unabsehbaren Folgen f\u00fcr die gesamte Menschheit.<\/p>\n<p>W\u00e4hrend Freund und Feind kaum noch zu unterscheiden sind, muss Rhodan eine Entscheidung treffen, die nicht nur \u00fcber das\u00a0<strong>Schicksal der Erde<\/strong>, sondern auch \u00fcber den\u00a0<strong>Fortbestand der Menschheit im Universum<\/strong>\u00a0bestimmt.<\/p>\n<p>\ud83d\udc49 Nach der Bezahlung erhalten Sie sofort den\u00a0<strong>Downloadlink<\/strong>\u00a0f\u00fcr\u00a0<strong>Handy, Tablet und PC<\/strong>\u00a0\u2013 und k\u00f6nnen das H\u00f6rspiel direkt genie\u00dfen.<\/p>\n<\/div>\n<\/div>\n<\/div>\n<\/div>\n<\/div>\n<\/div>\n<\/div>\n<div id=\"product-comments-list-header\">\n<div class=\"comments-nb\"><i class=\"material-icons chat\" data-icon=\"chat\"><\/i>\u00a0Kommentare (0)<\/div>\n<\/div>","protected":false},"excerpt":{"rendered":"<p>\ud83c\udfa7\u00a0H\u00f6rspiel \u2013 Perry Rhodan NEO 194: Abgr\u00fcnde der Zeit Die Menschheit steht am Rand einer Zeitenwende: Perry Rhodan und seine Begleiter werden in ein Netz aus\u00a0Zeitparadoxien, kosmischen Geheimnissen und t\u00f6dlichen Intrigen\u00a0gezogen. In den Tiefen der Galaxis lauern Kr\u00e4fte, die bereit sind, Vergangenheit und Zukunft gleicherma\u00dfen zu manipulieren \u2013 mit unabsehbaren Folgen f\u00fcr die gesamte Menschheit. [&hellip;]<\/p>\n","protected":false},"featured_media":916,"comment_status":"open","ping_status":"closed","template":"","meta":[],"product_brand":[],"product_cat":[37],"product_tag":[],"class_list":{"0":"post-915","1":"product","2":"type-product","3":"status-publish","4":"has-post-thumbnail","6":"product_cat-hoerspiel-perry-r","8":"first","9":"instock","10":"sale","11":"virtual","12":"purchasable","13":"product-type-simple"},"jetpack_sharing_enabled":true,"_links":{"self":[{"href":"https:\/\/audiobook-24.com\/en\/wp-json\/wp\/v2\/product\/915","targetHints":{"allow":["GET"]}}],"collection":[{"href":"https:\/\/audiobook-24.com\/en\/wp-json\/wp\/v2\/product"}],"about":[{"href":"https:\/\/audiobook-24.com\/en\/wp-json\/wp\/v2\/types\/product"}],"replies":[{"embeddable":true,"href":"https:\/\/audiobook-24.com\/en\/wp-json\/wp\/v2\/comments?post=915"}],"wp:featuredmedia":[{"embeddable":true,"href":"https:\/\/audiobook-24.com\/en\/wp-json\/wp\/v2\/media\/916"}],"wp:attachment":[{"href":"https:\/\/audiobook-24.com\/en\/wp-json\/wp\/v2\/media?parent=915"}],"wp:term":[{"taxonomy":"product_brand","embeddable":true,"href":"https:\/\/audiobook-24.com\/en\/wp-json\/wp\/v2\/product_brand?post=915"},{"taxonomy":"product_cat","embeddable":true,"href":"https:\/\/audiobook-24.com\/en\/wp-json\/wp\/v2\/product_cat?post=915"},{"taxonomy":"product_tag","embeddable":true,"href":"https:\/\/audiobook-24.com\/en\/wp-json\/wp\/v2\/product_tag?post=915"}],"curies":[{"name":"wp","href":"https:\/\/api.w.org\/{rel}","templated":true}]}}