{"id":911,"date":"2025-11-16T20:50:30","date_gmt":"2025-11-16T20:50:30","guid":{"rendered":"https:\/\/audiobook-24.com\/?post_type=product&#038;p=911"},"modified":"2025-11-16T20:50:31","modified_gmt":"2025-11-16T20:50:31","slug":"%f0%9f%8e%a7-hoerspiel-perry-rhodan-neo-199-am-ende-aller-tage-2019-2","status":"publish","type":"product","link":"https:\/\/audiobook-24.com\/en\/product\/%f0%9f%8e%a7-hoerspiel-perry-rhodan-neo-199-am-ende-aller-tage-2019-2\/","title":{"rendered":"\ud83c\udfa7 H\u00f6rspiel \u2013 Perry Rhodan NEO 199: Am Ende aller Tage (2019)"},"content":{"rendered":"<h2>\ud83c\udfa7\u00a0<strong>H\u00f6rspiel \u2013 Perry Rhodan NEO 199: Am Ende aller Tage (2019)<\/strong><\/h2>\n<p>Die Milchstra\u00dfe steht am Rande einer Katastrophe. Die\u00a0<strong>Goldenen<\/strong>\u00a0treiben ihre Pl\u00e4ne zur absoluten Vorherrschaft voran, w\u00e4hrend Perry Rhodan und seine Weggef\u00e4hrten in einen Kampf verwickelt werden, der das Schicksal ganzer Zivilisationen entscheidet. Alte Geheimnisse kommen ans Licht, neue Allianzen m\u00fcssen geschmiedet werden \u2013 und die Frage nach der Zukunft der Menschheit wird dr\u00e4ngender denn je.<\/p>\n<p>Ein spannendes, actionreiches Kapitel der epischen\u00a0<strong>Perry Rhodan NEO<\/strong>-Saga, das die gro\u00dfe Handlung der Serie auf den H\u00f6hepunkt zusteuert.<\/p>\n<p>\ud83d\udc49 Nach der Bezahlung erhalten Sie sofort den\u00a0<strong>Downloadlink<\/strong>\u00a0f\u00fcr\u00a0<strong>Handy, Tablet und PC<\/strong>\u00a0\u2013 und k\u00f6nnen das H\u00f6rspiel direkt genie\u00dfen.<\/p>","protected":false},"excerpt":{"rendered":"<p>\ud83c\udfa7\u00a0H\u00f6rspiel \u2013 Perry Rhodan NEO 199: Am Ende aller Tage (2019) Die Milchstra\u00dfe steht am Rande einer Katastrophe. Die\u00a0Goldenen\u00a0treiben ihre Pl\u00e4ne zur absoluten Vorherrschaft voran, w\u00e4hrend Perry Rhodan und seine Weggef\u00e4hrten in einen Kampf verwickelt werden, der das Schicksal ganzer Zivilisationen entscheidet. Alte Geheimnisse kommen ans Licht, neue Allianzen m\u00fcssen geschmiedet werden \u2013 und die [&hellip;]<\/p>\n","protected":false},"featured_media":912,"comment_status":"open","ping_status":"closed","template":"","meta":[],"product_brand":[],"product_cat":[37],"product_tag":[],"class_list":{"0":"post-911","1":"product","2":"type-product","3":"status-publish","4":"has-post-thumbnail","6":"product_cat-hoerspiel-perry-r","8":"first","9":"instock","10":"sale","11":"virtual","12":"purchasable","13":"product-type-simple"},"jetpack_sharing_enabled":true,"_links":{"self":[{"href":"https:\/\/audiobook-24.com\/en\/wp-json\/wp\/v2\/product\/911","targetHints":{"allow":["GET"]}}],"collection":[{"href":"https:\/\/audiobook-24.com\/en\/wp-json\/wp\/v2\/product"}],"about":[{"href":"https:\/\/audiobook-24.com\/en\/wp-json\/wp\/v2\/types\/product"}],"replies":[{"embeddable":true,"href":"https:\/\/audiobook-24.com\/en\/wp-json\/wp\/v2\/comments?post=911"}],"wp:featuredmedia":[{"embeddable":true,"href":"https:\/\/audiobook-24.com\/en\/wp-json\/wp\/v2\/media\/912"}],"wp:attachment":[{"href":"https:\/\/audiobook-24.com\/en\/wp-json\/wp\/v2\/media?parent=911"}],"wp:term":[{"taxonomy":"product_brand","embeddable":true,"href":"https:\/\/audiobook-24.com\/en\/wp-json\/wp\/v2\/product_brand?post=911"},{"taxonomy":"product_cat","embeddable":true,"href":"https:\/\/audiobook-24.com\/en\/wp-json\/wp\/v2\/product_cat?post=911"},{"taxonomy":"product_tag","embeddable":true,"href":"https:\/\/audiobook-24.com\/en\/wp-json\/wp\/v2\/product_tag?post=911"}],"curies":[{"name":"wp","href":"https:\/\/api.w.org\/{rel}","templated":true}]}}