{"id":903,"date":"2025-11-16T20:39:28","date_gmt":"2025-11-16T20:39:28","guid":{"rendered":"https:\/\/audiobook-24.com\/?post_type=product&#038;p=903"},"modified":"2025-11-16T20:39:28","modified_gmt":"2025-11-16T20:39:28","slug":"hoerspiel-perry-rhodan-neo-182-festung-der-allianz","status":"publish","type":"product","link":"https:\/\/audiobook-24.com\/en\/product\/hoerspiel-perry-rhodan-neo-182-festung-der-allianz\/","title":{"rendered":"H\u00f6rspiel: Perry Rhodan NEO 182 \u2013 Festung der Allianz"},"content":{"rendered":"<h2><strong>H\u00f6rspiel: Perry Rhodan NEO 182 \u2013 Festung der Allianz<\/strong><\/h2>\n<p>Die Milchstra\u00dfe steht am Rande eines galaktischen Umbruchs. Perry Rhodan und seine Gef\u00e4hrten reisen zur legend\u00e4ren Festung der Allianz \u2013 einem Ort, an dem sich das Schicksal unz\u00e4hliger Welten entscheiden k\u00f6nnte. Doch was als diplomatische Mission beginnt, entwickelt sich schnell zu einem Wettlauf gegen die Zeit: Verschw\u00f6rungen, uralte Geheimnisse und ein unsichtbarer Feind bedrohen den br\u00fcchigen Frieden. In dieser Festung wird sich zeigen, wer wirklich Freund \u2013 und wer Feind \u2013 ist.<\/p>\n<p>Nach der Bezahlung erhalten Sie den sofortigen Downloadlink, den Sie f\u00fcr Handy, Tablet und PC nutzen k\u00f6nnen \u2013 alles kompatibel und sofort verf\u00fcgbar.<\/p>","protected":false},"excerpt":{"rendered":"<p>H\u00f6rspiel: Perry Rhodan NEO 182 \u2013 Festung der Allianz Die Milchstra\u00dfe steht am Rande eines galaktischen Umbruchs. Perry Rhodan und seine Gef\u00e4hrten reisen zur legend\u00e4ren Festung der Allianz \u2013 einem Ort, an dem sich das Schicksal unz\u00e4hliger Welten entscheiden k\u00f6nnte. Doch was als diplomatische Mission beginnt, entwickelt sich schnell zu einem Wettlauf gegen die Zeit: [&hellip;]<\/p>\n","protected":false},"featured_media":904,"comment_status":"open","ping_status":"closed","template":"","meta":[],"product_brand":[],"product_cat":[37],"product_tag":[],"class_list":{"0":"post-903","1":"product","2":"type-product","3":"status-publish","4":"has-post-thumbnail","6":"product_cat-hoerspiel-perry-r","8":"first","9":"instock","10":"sale","11":"virtual","12":"purchasable","13":"product-type-simple"},"jetpack_sharing_enabled":true,"_links":{"self":[{"href":"https:\/\/audiobook-24.com\/en\/wp-json\/wp\/v2\/product\/903","targetHints":{"allow":["GET"]}}],"collection":[{"href":"https:\/\/audiobook-24.com\/en\/wp-json\/wp\/v2\/product"}],"about":[{"href":"https:\/\/audiobook-24.com\/en\/wp-json\/wp\/v2\/types\/product"}],"replies":[{"embeddable":true,"href":"https:\/\/audiobook-24.com\/en\/wp-json\/wp\/v2\/comments?post=903"}],"wp:featuredmedia":[{"embeddable":true,"href":"https:\/\/audiobook-24.com\/en\/wp-json\/wp\/v2\/media\/904"}],"wp:attachment":[{"href":"https:\/\/audiobook-24.com\/en\/wp-json\/wp\/v2\/media?parent=903"}],"wp:term":[{"taxonomy":"product_brand","embeddable":true,"href":"https:\/\/audiobook-24.com\/en\/wp-json\/wp\/v2\/product_brand?post=903"},{"taxonomy":"product_cat","embeddable":true,"href":"https:\/\/audiobook-24.com\/en\/wp-json\/wp\/v2\/product_cat?post=903"},{"taxonomy":"product_tag","embeddable":true,"href":"https:\/\/audiobook-24.com\/en\/wp-json\/wp\/v2\/product_tag?post=903"}],"curies":[{"name":"wp","href":"https:\/\/api.w.org\/{rel}","templated":true}]}}