{"id":901,"date":"2025-11-16T20:37:38","date_gmt":"2025-11-16T20:37:38","guid":{"rendered":"https:\/\/audiobook-24.com\/?post_type=product&#038;p=901"},"modified":"2025-11-16T20:37:39","modified_gmt":"2025-11-16T20:37:39","slug":"hoerspiel-perry-rhodan-neo-201-mission-auf-mimas","status":"publish","type":"product","link":"https:\/\/audiobook-24.com\/en\/product\/hoerspiel-perry-rhodan-neo-201-mission-auf-mimas\/","title":{"rendered":"H\u00f6rspiel: Perry Rhodan NEO 201 \u2013 Mission auf Mimas"},"content":{"rendered":"<h2><strong>H\u00f6rspiel: Perry Rhodan NEO 201 \u2013 Mission auf Mimas<\/strong><\/h2>\n<p>Ein Hilferuf aus der Tiefe des Saturnmondes Mimas ruft Perry Rhodan und sein Team auf den Plan. Was als einfache Rettungsmission beginnt, entpuppt sich als gef\u00e4hrlicher Einsatz in einer uralten, au\u00dferirdischen Anlage, deren Geheimnisse besser unentdeckt geblieben w\u00e4ren. Zwischen t\u00f6dlichen Fallen, fremdartiger Technologie und einer unsichtbaren Bedrohung muss Rhodan nicht nur um das Leben seiner Mannschaft k\u00e4mpfen \u2013 sondern auch um die Zukunft der gesamten Menschheit.<\/p>\n<p>Nach der Bezahlung erhalten Sie den sofortigen Downloadlink, den Sie f\u00fcr Handy, Tablet und PC nutzen k\u00f6nnen \u2013 alles kompatibel und sofort verf\u00fcgbar.<\/p>","protected":false},"excerpt":{"rendered":"<p>H\u00f6rspiel: Perry Rhodan NEO 201 \u2013 Mission auf Mimas Ein Hilferuf aus der Tiefe des Saturnmondes Mimas ruft Perry Rhodan und sein Team auf den Plan. Was als einfache Rettungsmission beginnt, entpuppt sich als gef\u00e4hrlicher Einsatz in einer uralten, au\u00dferirdischen Anlage, deren Geheimnisse besser unentdeckt geblieben w\u00e4ren. Zwischen t\u00f6dlichen Fallen, fremdartiger Technologie und einer unsichtbaren [&hellip;]<\/p>\n","protected":false},"featured_media":902,"comment_status":"open","ping_status":"closed","template":"","meta":[],"product_brand":[],"product_cat":[37],"product_tag":[],"class_list":{"0":"post-901","1":"product","2":"type-product","3":"status-publish","4":"has-post-thumbnail","6":"product_cat-hoerspiel-perry-r","8":"first","9":"instock","10":"sale","11":"virtual","12":"purchasable","13":"product-type-simple"},"jetpack_sharing_enabled":true,"_links":{"self":[{"href":"https:\/\/audiobook-24.com\/en\/wp-json\/wp\/v2\/product\/901","targetHints":{"allow":["GET"]}}],"collection":[{"href":"https:\/\/audiobook-24.com\/en\/wp-json\/wp\/v2\/product"}],"about":[{"href":"https:\/\/audiobook-24.com\/en\/wp-json\/wp\/v2\/types\/product"}],"replies":[{"embeddable":true,"href":"https:\/\/audiobook-24.com\/en\/wp-json\/wp\/v2\/comments?post=901"}],"wp:featuredmedia":[{"embeddable":true,"href":"https:\/\/audiobook-24.com\/en\/wp-json\/wp\/v2\/media\/902"}],"wp:attachment":[{"href":"https:\/\/audiobook-24.com\/en\/wp-json\/wp\/v2\/media?parent=901"}],"wp:term":[{"taxonomy":"product_brand","embeddable":true,"href":"https:\/\/audiobook-24.com\/en\/wp-json\/wp\/v2\/product_brand?post=901"},{"taxonomy":"product_cat","embeddable":true,"href":"https:\/\/audiobook-24.com\/en\/wp-json\/wp\/v2\/product_cat?post=901"},{"taxonomy":"product_tag","embeddable":true,"href":"https:\/\/audiobook-24.com\/en\/wp-json\/wp\/v2\/product_tag?post=901"}],"curies":[{"name":"wp","href":"https:\/\/api.w.org\/{rel}","templated":true}]}}