{"id":899,"date":"2025-11-16T20:35:27","date_gmt":"2025-11-16T20:35:27","guid":{"rendered":"https:\/\/audiobook-24.com\/?post_type=product&#038;p=899"},"modified":"2025-11-16T20:35:27","modified_gmt":"2025-11-16T20:35:27","slug":"hoerspiel-perry-rhodan-neo-185-labyrinth-des-geistes","status":"publish","type":"product","link":"https:\/\/audiobook-24.com\/en\/product\/hoerspiel-perry-rhodan-neo-185-labyrinth-des-geistes\/","title":{"rendered":"H\u00f6rspiel: Perry Rhodan NEO 185 \u2013 Labyrinth des Geistes"},"content":{"rendered":"<h2><strong>H\u00f6rspiel: Perry Rhodan NEO 185 \u2013 Labyrinth des Geistes<\/strong><\/h2>\n<p>Ein r\u00e4tselhaftes Signal lockt Perry Rhodan und seine Gef\u00e4hrten in eine Welt, in der Realit\u00e4t und Illusion untrennbar miteinander verwoben sind. Tief im Inneren eines gigantischen, mentalen Labyrinths m\u00fcssen sie Pr\u00fcfungen bestehen, die nicht nur ihre k\u00f6rperlichen, sondern vor allem ihre geistigen Kr\u00e4fte fordern. Jeder Schritt bringt sie der Wahrheit n\u00e4her \u2013 und doch droht jeder Irrweg zum endg\u00fcltigen Ende zu f\u00fchren. Wird es Rhodan gelingen, den Ausgang zu finden, bevor das Labyrinth ihre Gedanken f\u00fcr immer verschlingt?<\/p>\n<p>Nach der Bezahlung erhalten Sie den sofortigen Downloadlink, den Sie f\u00fcr Handy, Tablet und PC nutzen k\u00f6nnen \u2013 alles kompatibel und sofort verf\u00fcgbar.<\/p>","protected":false},"excerpt":{"rendered":"<p>H\u00f6rspiel: Perry Rhodan NEO 185 \u2013 Labyrinth des Geistes Ein r\u00e4tselhaftes Signal lockt Perry Rhodan und seine Gef\u00e4hrten in eine Welt, in der Realit\u00e4t und Illusion untrennbar miteinander verwoben sind. Tief im Inneren eines gigantischen, mentalen Labyrinths m\u00fcssen sie Pr\u00fcfungen bestehen, die nicht nur ihre k\u00f6rperlichen, sondern vor allem ihre geistigen Kr\u00e4fte fordern. Jeder Schritt [&hellip;]<\/p>\n","protected":false},"featured_media":900,"comment_status":"open","ping_status":"closed","template":"","meta":[],"product_brand":[],"product_cat":[37],"product_tag":[],"class_list":{"0":"post-899","1":"product","2":"type-product","3":"status-publish","4":"has-post-thumbnail","6":"product_cat-hoerspiel-perry-r","8":"first","9":"instock","10":"sale","11":"virtual","12":"purchasable","13":"product-type-simple"},"jetpack_sharing_enabled":true,"_links":{"self":[{"href":"https:\/\/audiobook-24.com\/en\/wp-json\/wp\/v2\/product\/899","targetHints":{"allow":["GET"]}}],"collection":[{"href":"https:\/\/audiobook-24.com\/en\/wp-json\/wp\/v2\/product"}],"about":[{"href":"https:\/\/audiobook-24.com\/en\/wp-json\/wp\/v2\/types\/product"}],"replies":[{"embeddable":true,"href":"https:\/\/audiobook-24.com\/en\/wp-json\/wp\/v2\/comments?post=899"}],"wp:featuredmedia":[{"embeddable":true,"href":"https:\/\/audiobook-24.com\/en\/wp-json\/wp\/v2\/media\/900"}],"wp:attachment":[{"href":"https:\/\/audiobook-24.com\/en\/wp-json\/wp\/v2\/media?parent=899"}],"wp:term":[{"taxonomy":"product_brand","embeddable":true,"href":"https:\/\/audiobook-24.com\/en\/wp-json\/wp\/v2\/product_brand?post=899"},{"taxonomy":"product_cat","embeddable":true,"href":"https:\/\/audiobook-24.com\/en\/wp-json\/wp\/v2\/product_cat?post=899"},{"taxonomy":"product_tag","embeddable":true,"href":"https:\/\/audiobook-24.com\/en\/wp-json\/wp\/v2\/product_tag?post=899"}],"curies":[{"name":"wp","href":"https:\/\/api.w.org\/{rel}","templated":true}]}}