{"id":895,"date":"2025-11-16T20:32:13","date_gmt":"2025-11-16T20:32:13","guid":{"rendered":"https:\/\/audiobook-24.com\/?post_type=product&#038;p=895"},"modified":"2025-11-16T20:32:13","modified_gmt":"2025-11-16T20:32:13","slug":"hoerspiel-perry-rhodan-der-goldene-frieden","status":"publish","type":"product","link":"https:\/\/audiobook-24.com\/en\/product\/hoerspiel-perry-rhodan-der-goldene-frieden\/","title":{"rendered":"H\u00f6rspiel: Perry Rhodan \u2013 Der goldene Frieden"},"content":{"rendered":"<p><strong>H\u00f6rspiel: Perry Rhodan \u2013 Der goldene Frieden<\/strong><\/p>\n<p>Ein fragiler Frieden durchzieht die Galaxis \u2013 doch im Schatten lauern Feinde, die nur auf den richtigen Moment warten, um Chaos zu entfesseln. Perry Rhodan steht vor der Aufgabe, B\u00fcndnisse zu st\u00e4rken, Verr\u00e4ter zu entlarven und eine drohende Katastrophe zu verhindern. Zwischen politischen Intrigen, kosmischen Geheimnissen und einer Mission, die alles entscheiden kann, entfaltet sich ein spannungsgeladenes H\u00f6rspiel voller \u00dcberraschungen.<\/p>\n<p>Nach der Bezahlung erhalten Sie den sofortigen Downloadlink, den Sie f\u00fcr Handy, Tablet und PC nutzen k\u00f6nnen \u2013 alles kompatibel und sofort verf\u00fcgbar.<\/p>","protected":false},"excerpt":{"rendered":"<p>H\u00f6rspiel: Perry Rhodan \u2013 Der goldene Frieden Ein fragiler Frieden durchzieht die Galaxis \u2013 doch im Schatten lauern Feinde, die nur auf den richtigen Moment warten, um Chaos zu entfesseln. Perry Rhodan steht vor der Aufgabe, B\u00fcndnisse zu st\u00e4rken, Verr\u00e4ter zu entlarven und eine drohende Katastrophe zu verhindern. Zwischen politischen Intrigen, kosmischen Geheimnissen und einer [&hellip;]<\/p>\n","protected":false},"featured_media":896,"comment_status":"open","ping_status":"closed","template":"","meta":[],"product_brand":[],"product_cat":[37],"product_tag":[],"class_list":{"0":"post-895","1":"product","2":"type-product","3":"status-publish","4":"has-post-thumbnail","6":"product_cat-hoerspiel-perry-r","8":"first","9":"instock","10":"sale","11":"virtual","12":"purchasable","13":"product-type-simple"},"jetpack_sharing_enabled":true,"_links":{"self":[{"href":"https:\/\/audiobook-24.com\/en\/wp-json\/wp\/v2\/product\/895","targetHints":{"allow":["GET"]}}],"collection":[{"href":"https:\/\/audiobook-24.com\/en\/wp-json\/wp\/v2\/product"}],"about":[{"href":"https:\/\/audiobook-24.com\/en\/wp-json\/wp\/v2\/types\/product"}],"replies":[{"embeddable":true,"href":"https:\/\/audiobook-24.com\/en\/wp-json\/wp\/v2\/comments?post=895"}],"wp:featuredmedia":[{"embeddable":true,"href":"https:\/\/audiobook-24.com\/en\/wp-json\/wp\/v2\/media\/896"}],"wp:attachment":[{"href":"https:\/\/audiobook-24.com\/en\/wp-json\/wp\/v2\/media?parent=895"}],"wp:term":[{"taxonomy":"product_brand","embeddable":true,"href":"https:\/\/audiobook-24.com\/en\/wp-json\/wp\/v2\/product_brand?post=895"},{"taxonomy":"product_cat","embeddable":true,"href":"https:\/\/audiobook-24.com\/en\/wp-json\/wp\/v2\/product_cat?post=895"},{"taxonomy":"product_tag","embeddable":true,"href":"https:\/\/audiobook-24.com\/en\/wp-json\/wp\/v2\/product_tag?post=895"}],"curies":[{"name":"wp","href":"https:\/\/api.w.org\/{rel}","templated":true}]}}