{"id":887,"date":"2025-11-16T20:11:56","date_gmt":"2025-11-16T20:11:56","guid":{"rendered":"https:\/\/audiobook-24.com\/?post_type=product&#038;p=887"},"modified":"2025-11-16T20:11:56","modified_gmt":"2025-11-16T20:11:56","slug":"%f0%9f%9a%80-perry-rhodan-neo-193-countdown-fuer-die-menschheit","status":"publish","type":"product","link":"https:\/\/audiobook-24.com\/en\/product\/%f0%9f%9a%80-perry-rhodan-neo-193-countdown-fuer-die-menschheit\/","title":{"rendered":"\ud83d\ude80 Perry Rhodan Neo 193 \u2013 Countdown f\u00fcr die Menschheit"},"content":{"rendered":"<h3>\ud83d\ude80\u00a0<strong>Perry Rhodan Neo 193 \u2013 Countdown f\u00fcr die Menschheit<\/strong><\/h3>\n<p><strong>Ein fesselndes H\u00f6rspiel-Abenteuer aus der legend\u00e4ren Science-Fiction-Reihe<\/strong><\/p>\n<hr \/>\n<p><strong>Inhalt:<\/strong><br \/>\nDie Menschheit steht vor einer nie dagewesenen Bedrohung: Ein mysteri\u00f6ses Ereignis droht das Gleichgewicht der Galaxis zu zerst\u00f6ren. Perry Rhodan und sein Team m\u00fcssen blitzschnell handeln, um das drohende Desaster abzuwenden. In\u00a0<strong>\u201eCountdown f\u00fcr die Menschheit\u201c<\/strong>\u00a0verschmelzen Spannung, Action und packende Science-Fiction zu einem H\u00f6rspiel, das keine Ruhe l\u00e4sst.<\/p>\n<p>Begib dich auf eine Reise durch das Universum, erlebe spektakul\u00e4re Wendungen und unterst\u00fctze Rhodan bei seinem Kampf gegen die Zeit \u2013 f\u00fcr das \u00dcberleben der Menschheit.<\/p>\n<hr \/>\n<p><strong>Highlights:<\/strong><\/p>\n<ul>\n<li>Hochspannendes H\u00f6rspiel voller Action und interstellarer Intrigen<\/li>\n<li>Bekannte Figuren der Perry Rhodan Neo-Reihe<\/li>\n<li>Perfekt f\u00fcr Science-Fiction-Fans und Abenteurer<\/li>\n<\/ul>\n<hr \/>\n<p>\u2705\u00a0<strong>Sofortiger Download nach Bezahlung<\/strong><br \/>\n\ud83d\udcf1\ud83d\udcbb\u00a0<strong>Kompatibel mit Smartphone, Tablet &amp; PC<\/strong><br \/>\n\ud83c\udfa7\u00a0<strong>Direkt abspielbar im Audioformat \u2013 ohne Zusatzsoftware<\/strong><\/p>","protected":false},"excerpt":{"rendered":"<p>\ud83d\ude80\u00a0Perry Rhodan Neo 193 \u2013 Countdown f\u00fcr die Menschheit Ein fesselndes H\u00f6rspiel-Abenteuer aus der legend\u00e4ren Science-Fiction-Reihe Inhalt: Die Menschheit steht vor einer nie dagewesenen Bedrohung: Ein mysteri\u00f6ses Ereignis droht das Gleichgewicht der Galaxis zu zerst\u00f6ren. Perry Rhodan und sein Team m\u00fcssen blitzschnell handeln, um das drohende Desaster abzuwenden. In\u00a0\u201eCountdown f\u00fcr die Menschheit\u201c\u00a0verschmelzen Spannung, Action und [&hellip;]<\/p>\n","protected":false},"featured_media":888,"comment_status":"open","ping_status":"closed","template":"","meta":[],"product_brand":[],"product_cat":[37],"product_tag":[],"class_list":{"0":"post-887","1":"product","2":"type-product","3":"status-publish","4":"has-post-thumbnail","6":"product_cat-hoerspiel-perry-r","8":"first","9":"instock","10":"sale","11":"virtual","12":"purchasable","13":"product-type-simple"},"jetpack_sharing_enabled":true,"_links":{"self":[{"href":"https:\/\/audiobook-24.com\/en\/wp-json\/wp\/v2\/product\/887","targetHints":{"allow":["GET"]}}],"collection":[{"href":"https:\/\/audiobook-24.com\/en\/wp-json\/wp\/v2\/product"}],"about":[{"href":"https:\/\/audiobook-24.com\/en\/wp-json\/wp\/v2\/types\/product"}],"replies":[{"embeddable":true,"href":"https:\/\/audiobook-24.com\/en\/wp-json\/wp\/v2\/comments?post=887"}],"wp:featuredmedia":[{"embeddable":true,"href":"https:\/\/audiobook-24.com\/en\/wp-json\/wp\/v2\/media\/888"}],"wp:attachment":[{"href":"https:\/\/audiobook-24.com\/en\/wp-json\/wp\/v2\/media?parent=887"}],"wp:term":[{"taxonomy":"product_brand","embeddable":true,"href":"https:\/\/audiobook-24.com\/en\/wp-json\/wp\/v2\/product_brand?post=887"},{"taxonomy":"product_cat","embeddable":true,"href":"https:\/\/audiobook-24.com\/en\/wp-json\/wp\/v2\/product_cat?post=887"},{"taxonomy":"product_tag","embeddable":true,"href":"https:\/\/audiobook-24.com\/en\/wp-json\/wp\/v2\/product_tag?post=887"}],"curies":[{"name":"wp","href":"https:\/\/api.w.org\/{rel}","templated":true}]}}