{"id":877,"date":"2025-11-16T19:59:16","date_gmt":"2025-11-16T19:59:16","guid":{"rendered":"https:\/\/audiobook-24.com\/?post_type=product&#038;p=877"},"modified":"2025-11-16T19:59:17","modified_gmt":"2025-11-16T19:59:17","slug":"hoerspiel-perry-rhodan-der-feind-meines-feindes","status":"publish","type":"product","link":"https:\/\/audiobook-24.com\/en\/product\/hoerspiel-perry-rhodan-der-feind-meines-feindes\/","title":{"rendered":"H\u00f6rspiel: Perry Rhodan \u2013 Der Feind meines Feindes"},"content":{"rendered":"<h1 style=\"font-weight: 400;\"><b><strong>H\u00f6rspiel: Perry Rhodan \u2013 Der Feind meines Feindes<\/strong><\/b><\/h1>\n<p style=\"font-weight: 400;\"><b><strong>Inhalt<\/strong><\/b><\/p>\n<p style=\"font-weight: 400;\"><b><strong>Ein uraltes B\u00fcndnis wird auf die Probe gestellt:\u00a0Perry Rhodan\u00a0sieht sich gezwungen, gemeinsame Sache mit einem ehemaligen Gegner zu machen. Denn ein neuer, noch gef\u00e4hrlicherer Feind bedroht die Ordnung der Galaxis.<br \/>\nIntrigen und Machtspiele \u00fcberschlagen sich, w\u00e4hrend Rhodan in ein Netz aus L\u00fcgen und kosmischen Geheimnissen ger\u00e4t. Alte Rivalit\u00e4ten m\u00fcssen ruhen, wenn die Menschheit \u00fcberleben will \u2013 doch wie weit kann man einem Feind trauen, wenn das Schicksal der Sterne auf dem Spiel steht?<\/strong><\/b><\/p>\n<p style=\"font-weight: 400;\"><b><strong>Ein spannendes H\u00f6rspiel voller \u00fcberraschender Wendungen, galaktischer Konflikte und packender Momente, die dich mitten ins Abenteuer ziehen!<\/strong><\/b><\/p>\n<p style=\"font-weight: 400;\"><b><strong>\u00a0Sofort-Download<\/strong><\/b><\/p>\n<p style=\"font-weight: 400;\"><b><strong>Nach der Bezahlung erhalten Sie\u00a0umgehend den Download-Link\u00a0zum H\u00f6rspiel. Einfach herunterladen und sofort in die neue Mission von Perry Rhodan eintauchen!<\/strong><\/b><\/p>\n<p>\u00a0Kommentare (0)<\/p>","protected":false},"excerpt":{"rendered":"<p>H\u00f6rspiel: Perry Rhodan \u2013 Der Feind meines Feindes Inhalt Ein uraltes B\u00fcndnis wird auf die Probe gestellt:\u00a0Perry Rhodan\u00a0sieht sich gezwungen, gemeinsame Sache mit einem ehemaligen Gegner zu machen. Denn ein neuer, noch gef\u00e4hrlicherer Feind bedroht die Ordnung der Galaxis. Intrigen und Machtspiele \u00fcberschlagen sich, w\u00e4hrend Rhodan in ein Netz aus L\u00fcgen und kosmischen Geheimnissen ger\u00e4t. [&hellip;]<\/p>\n","protected":false},"featured_media":878,"comment_status":"open","ping_status":"closed","template":"","meta":[],"product_brand":[],"product_cat":[37],"product_tag":[],"class_list":{"0":"post-877","1":"product","2":"type-product","3":"status-publish","4":"has-post-thumbnail","6":"product_cat-hoerspiel-perry-r","8":"first","9":"instock","10":"sale","11":"virtual","12":"purchasable","13":"product-type-simple"},"jetpack_sharing_enabled":true,"_links":{"self":[{"href":"https:\/\/audiobook-24.com\/en\/wp-json\/wp\/v2\/product\/877","targetHints":{"allow":["GET"]}}],"collection":[{"href":"https:\/\/audiobook-24.com\/en\/wp-json\/wp\/v2\/product"}],"about":[{"href":"https:\/\/audiobook-24.com\/en\/wp-json\/wp\/v2\/types\/product"}],"replies":[{"embeddable":true,"href":"https:\/\/audiobook-24.com\/en\/wp-json\/wp\/v2\/comments?post=877"}],"wp:featuredmedia":[{"embeddable":true,"href":"https:\/\/audiobook-24.com\/en\/wp-json\/wp\/v2\/media\/878"}],"wp:attachment":[{"href":"https:\/\/audiobook-24.com\/en\/wp-json\/wp\/v2\/media?parent=877"}],"wp:term":[{"taxonomy":"product_brand","embeddable":true,"href":"https:\/\/audiobook-24.com\/en\/wp-json\/wp\/v2\/product_brand?post=877"},{"taxonomy":"product_cat","embeddable":true,"href":"https:\/\/audiobook-24.com\/en\/wp-json\/wp\/v2\/product_cat?post=877"},{"taxonomy":"product_tag","embeddable":true,"href":"https:\/\/audiobook-24.com\/en\/wp-json\/wp\/v2\/product_tag?post=877"}],"curies":[{"name":"wp","href":"https:\/\/api.w.org\/{rel}","templated":true}]}}