{"id":869,"date":"2025-11-16T19:39:13","date_gmt":"2025-11-16T19:39:13","guid":{"rendered":"https:\/\/audiobook-24.com\/?post_type=product&#038;p=869"},"modified":"2025-11-16T19:39:14","modified_gmt":"2025-11-16T19:39:14","slug":"perry-rhodan-kampf-um-ursa-minor-das-original-zum-film","status":"publish","type":"product","link":"https:\/\/audiobook-24.com\/en\/product\/perry-rhodan-kampf-um-ursa-minor-das-original-zum-film\/","title":{"rendered":"Perry Rhodan \u2013 Kampf um Ursa Minor \u2013 Das Original  zum Film"},"content":{"rendered":"<div class=\"row product-container js-product-container\">\n<div class=\"col-md-6\">\n<div class=\"product-information\">\n<div class=\"tabs\">\n<div id=\"tab-content\" class=\"tab-content\">\n<div id=\"description\" class=\"tab-pane fade in active js-product-tab-active\" role=\"tabpanel\">\n<div class=\"product-description\">\n<h2>Perry Rhodan \u2013 Kampf um Ursa Minor \u2013 Das Original-H\u00f6rbuch zum Film<\/h2>\n<p>&nbsp;<\/p>\n<h2><strong>Ein interstellarer Krieg, ein verborgenes Sternensystem \u2013 und der Kampf um das Schicksal der Galaxis<\/strong><\/h2>\n<h2><\/h2>\n<h2>Tief im All, fernab der bekannten Raumsektoren, liegt Ursa Minor \u2013 ein geheimnisvolles Sternensystem mit strategischer Bedeutung und r\u00e4tselhaften Ressourcen. Als mehrere galaktische Gro\u00dfm\u00e4chte ihre Flotten dorthin entsenden, droht ein verheerender Krieg auszubrechen.<\/h2>\n<h2><\/h2>\n<h2>Perry Rhodan und seine Crew begeben sich auf eine gef\u00e4hrliche Mission, um den Konflikt zu verhindern. Doch was sie erwartet, ist weit mehr als nur ein milit\u00e4rischer Machtkampf: Eine alte Bedrohung erwacht, uralte Technologien greifen in das Geschehen ein \u2013 und pl\u00f6tzlich steht nicht nur ein Sternensystem, sondern die Zukunft der Menschheit auf dem Spiel.<\/h2>\n<h2><\/h2>\n<h2>Das Original-H\u00f6rbuch zum Film \u201ePerry Rhodan \u2013 Kampf um Ursa Minor\u201c ist ein atemberaubendes Science-Fiction-Erlebnis mit epischen Klangwelten, kraftvollen Stimmen und einer spannungsgeladenen Handlung.<\/h2>\n<h2>F\u00fcr alle Fans der Perry-Rhodan-Saga \u2013 dramatisch, tiefgr\u00fcndig und absolut galaktisch.<\/h2>\n<h2><\/h2>\n<h2>\ud83d\udcbe Nach der Bezahlung:<\/h2>\n<h2>Vielen Dank f\u00fcr Ihren Kauf! \ud83d\ude80\ud83c\udf0c\ud83c\udfa7<\/h2>\n<h2><\/h2>\n<h2>Nach erfolgreicher Zahlung erhalten Sie sofort den Download-Link zum Original-H\u00f6rbuch \u201ePerry Rhodan \u2013 Kampf um Ursa Minor\u201c.<\/h2>\n<h2><\/h2>\n<h2>\ud83d\udc49 Jetzt herunterladen \u2013 und eintauchen in ein kosmisches Abenteuer voller Action, Geheimnisse und Zukunftsvisionen!<\/h2>\n<\/div>\n<\/div>\n<\/div>\n<\/div>\n<\/div>\n<\/div>\n<\/div>\n<div id=\"product-comments-list-header\">\n<div class=\"comments-nb\"><i class=\"material-icons chat\" data-icon=\"chat\"><\/i>\u00a0Kommentare (0)<\/div>\n<\/div>","protected":false},"excerpt":{"rendered":"<p>Perry Rhodan \u2013 Kampf um Ursa Minor \u2013 Das Original-H\u00f6rbuch zum Film &nbsp; Ein interstellarer Krieg, ein verborgenes Sternensystem \u2013 und der Kampf um das Schicksal der Galaxis Tief im All, fernab der bekannten Raumsektoren, liegt Ursa Minor \u2013 ein geheimnisvolles Sternensystem mit strategischer Bedeutung und r\u00e4tselhaften Ressourcen. Als mehrere galaktische Gro\u00dfm\u00e4chte ihre Flotten dorthin [&hellip;]<\/p>\n","protected":false},"featured_media":870,"comment_status":"open","ping_status":"closed","template":"","meta":[],"product_brand":[],"product_cat":[37],"product_tag":[],"class_list":{"0":"post-869","1":"product","2":"type-product","3":"status-publish","4":"has-post-thumbnail","6":"product_cat-hoerspiel-perry-r","8":"first","9":"instock","10":"sale","11":"virtual","12":"purchasable","13":"product-type-simple"},"jetpack_sharing_enabled":true,"_links":{"self":[{"href":"https:\/\/audiobook-24.com\/en\/wp-json\/wp\/v2\/product\/869","targetHints":{"allow":["GET"]}}],"collection":[{"href":"https:\/\/audiobook-24.com\/en\/wp-json\/wp\/v2\/product"}],"about":[{"href":"https:\/\/audiobook-24.com\/en\/wp-json\/wp\/v2\/types\/product"}],"replies":[{"embeddable":true,"href":"https:\/\/audiobook-24.com\/en\/wp-json\/wp\/v2\/comments?post=869"}],"wp:featuredmedia":[{"embeddable":true,"href":"https:\/\/audiobook-24.com\/en\/wp-json\/wp\/v2\/media\/870"}],"wp:attachment":[{"href":"https:\/\/audiobook-24.com\/en\/wp-json\/wp\/v2\/media?parent=869"}],"wp:term":[{"taxonomy":"product_brand","embeddable":true,"href":"https:\/\/audiobook-24.com\/en\/wp-json\/wp\/v2\/product_brand?post=869"},{"taxonomy":"product_cat","embeddable":true,"href":"https:\/\/audiobook-24.com\/en\/wp-json\/wp\/v2\/product_cat?post=869"},{"taxonomy":"product_tag","embeddable":true,"href":"https:\/\/audiobook-24.com\/en\/wp-json\/wp\/v2\/product_tag?post=869"}],"curies":[{"name":"wp","href":"https:\/\/api.w.org\/{rel}","templated":true}]}}