{"id":847,"date":"2025-11-16T18:48:49","date_gmt":"2025-11-16T18:48:49","guid":{"rendered":"https:\/\/audiobook-24.com\/?post_type=product&#038;p=847"},"modified":"2025-11-16T18:48:49","modified_gmt":"2025-11-16T18:48:49","slug":"hoerspiel-asterix-obelix-asterix-erobert-rom","status":"publish","type":"product","link":"https:\/\/audiobook-24.com\/en\/product\/hoerspiel-asterix-obelix-asterix-erobert-rom\/","title":{"rendered":"H\u00f6rspiel Asterix &#038; Obelix \u2013 Asterix erobert Rom"},"content":{"rendered":"<p><span style=\"font-size: large;\">\ud83c\udfa7\u00a0<strong>H\u00f6rspiel: Asterix &amp; Obelix \u2013 Asterix erobert Rom<\/strong><br \/>\nZw\u00f6lf Pr\u00fcfungen, ein m\u00e4chtiger C\u00e4sar und zwei unbeugsame Gallier! Asterix und Obelix treten an, um sich mit den G\u00f6ttern zu messen \u2013 ein legend\u00e4res Abenteuer voller Witz, Spannung und gallischer Genialit\u00e4t.<\/span><\/p>\n<p><span style=\"font-size: large;\">\u2705\u00a0<strong>MP3-Download sofort nach Kauf<\/strong><br \/>\nDu bekommst direkt nach dem Kauf deinen\u00a0<strong>pers\u00f6nlichen Downloadlink<\/strong>\u00a0\u2013 sofort h\u00f6ren, ganz ohne Versand.<\/span><\/p>\n<p><span style=\"font-size: large;\">\u00a0<\/span><\/p>\n<hr \/>\n<p><span style=\"font-size: large;\">\ud83d\udce9\u00a0<strong>So funktioniert\u2019s:<\/strong><br \/>\nNach dem Kauf erh\u00e4ltst du eine eBay-Nachricht mit deinem\u00a0<strong>MP3-Downloadlink<\/strong>.<br \/>\n\ud83c\udfa7 Format: MP3 | Sprache: Deutsch | Kompatibel mit Handy, Tablet, PC u.v.m.<\/span><\/p>","protected":false},"excerpt":{"rendered":"<p>\ud83c\udfa7\u00a0H\u00f6rspiel: Asterix &amp; Obelix \u2013 Asterix erobert Rom Zw\u00f6lf Pr\u00fcfungen, ein m\u00e4chtiger C\u00e4sar und zwei unbeugsame Gallier! Asterix und Obelix treten an, um sich mit den G\u00f6ttern zu messen \u2013 ein legend\u00e4res Abenteuer voller Witz, Spannung und gallischer Genialit\u00e4t. \u2705\u00a0MP3-Download sofort nach Kauf Du bekommst direkt nach dem Kauf deinen\u00a0pers\u00f6nlichen Downloadlink\u00a0\u2013 sofort h\u00f6ren, ganz ohne [&hellip;]<\/p>\n","protected":false},"featured_media":848,"comment_status":"open","ping_status":"closed","template":"","meta":[],"product_brand":[],"product_cat":[33],"product_tag":[],"class_list":{"0":"post-847","1":"product","2":"type-product","3":"status-publish","4":"has-post-thumbnail","6":"product_cat-hoerspiel-comics","8":"first","9":"instock","10":"sale","11":"virtual","12":"purchasable","13":"product-type-simple"},"jetpack_sharing_enabled":true,"_links":{"self":[{"href":"https:\/\/audiobook-24.com\/en\/wp-json\/wp\/v2\/product\/847","targetHints":{"allow":["GET"]}}],"collection":[{"href":"https:\/\/audiobook-24.com\/en\/wp-json\/wp\/v2\/product"}],"about":[{"href":"https:\/\/audiobook-24.com\/en\/wp-json\/wp\/v2\/types\/product"}],"replies":[{"embeddable":true,"href":"https:\/\/audiobook-24.com\/en\/wp-json\/wp\/v2\/comments?post=847"}],"wp:featuredmedia":[{"embeddable":true,"href":"https:\/\/audiobook-24.com\/en\/wp-json\/wp\/v2\/media\/848"}],"wp:attachment":[{"href":"https:\/\/audiobook-24.com\/en\/wp-json\/wp\/v2\/media?parent=847"}],"wp:term":[{"taxonomy":"product_brand","embeddable":true,"href":"https:\/\/audiobook-24.com\/en\/wp-json\/wp\/v2\/product_brand?post=847"},{"taxonomy":"product_cat","embeddable":true,"href":"https:\/\/audiobook-24.com\/en\/wp-json\/wp\/v2\/product_cat?post=847"},{"taxonomy":"product_tag","embeddable":true,"href":"https:\/\/audiobook-24.com\/en\/wp-json\/wp\/v2\/product_tag?post=847"}],"curies":[{"name":"wp","href":"https:\/\/api.w.org\/{rel}","templated":true}]}}