{"id":845,"date":"2025-11-16T18:47:15","date_gmt":"2025-11-16T18:47:15","guid":{"rendered":"https:\/\/audiobook-24.com\/?post_type=product&#038;p=845"},"modified":"2025-11-16T18:47:15","modified_gmt":"2025-11-16T18:47:15","slug":"hoerspiel-bernhard-und-bianca","status":"publish","type":"product","link":"https:\/\/audiobook-24.com\/en\/product\/hoerspiel-bernhard-und-bianca\/","title":{"rendered":"H\u00f6rspiel Bernhard und Bianca \u2013"},"content":{"rendered":"<p><span style=\"font-size: large;\">\ud83c\udfa7\u00a0<strong>H\u00f6rspiel: Bernhard und Bianca \u2013 Die M\u00e4usepolizei ermittelt!<\/strong><\/span><\/p>\n<p><span style=\"font-size: large;\"><br \/>\nEin spannendes Disney-Abenteuer: Die mutigen M\u00e4use Bernhard und Bianca reisen um die halbe Welt, um ein entf\u00fchrtes M\u00e4dchen zu retten \u2013 mit Cleverness, Mut und Herz.<br \/>\nEin Klassiker voller Spannung und Gef\u00fchl \u2013 jetzt als H\u00f6rspiel!<\/span><\/p>\n<p><span style=\"font-size: large;\">\u2705\u00a0<strong>Sofortiger MP3-Download<\/strong><br \/>\nNach dem Kauf erh\u00e4ltst du deinen pers\u00f6nlichen\u00a0<strong>Downloadlink<\/strong>\u00a0direkt per eBay-Nachricht \u2013 keine Wartezeit, kein Versand.<\/span><\/p>\n<p><span style=\"font-size: large;\">\u00a0<\/span><\/p>\n<hr \/>\n<p><span style=\"font-size: large;\">\ud83d\udce9\u00a0<strong>Nach dem Kauf:<\/strong><br \/>\nDu bekommst eine Nachricht mit dem\u00a0<strong>MP3-Downloadlink<\/strong>.<br \/>\n\ud83c\udfa7 Format: MP3 | Sprache: Deutsch | Sofort abspielbar auf Handy, Tablet, PC &amp; Co.<\/span><\/p>","protected":false},"excerpt":{"rendered":"<p>\ud83c\udfa7\u00a0H\u00f6rspiel: Bernhard und Bianca \u2013 Die M\u00e4usepolizei ermittelt! Ein spannendes Disney-Abenteuer: Die mutigen M\u00e4use Bernhard und Bianca reisen um die halbe Welt, um ein entf\u00fchrtes M\u00e4dchen zu retten \u2013 mit Cleverness, Mut und Herz. Ein Klassiker voller Spannung und Gef\u00fchl \u2013 jetzt als H\u00f6rspiel! \u2705\u00a0Sofortiger MP3-Download Nach dem Kauf erh\u00e4ltst du deinen pers\u00f6nlichen\u00a0Downloadlink\u00a0direkt per eBay-Nachricht [&hellip;]<\/p>\n","protected":false},"featured_media":846,"comment_status":"open","ping_status":"closed","template":"","meta":[],"product_brand":[],"product_cat":[33,21],"product_tag":[],"class_list":{"0":"post-845","1":"product","2":"type-product","3":"status-publish","4":"has-post-thumbnail","6":"product_cat-hoerspiel-comics","7":"product_cat-hoerspiele","9":"first","10":"instock","11":"sale","12":"virtual","13":"purchasable","14":"product-type-simple"},"jetpack_sharing_enabled":true,"_links":{"self":[{"href":"https:\/\/audiobook-24.com\/en\/wp-json\/wp\/v2\/product\/845","targetHints":{"allow":["GET"]}}],"collection":[{"href":"https:\/\/audiobook-24.com\/en\/wp-json\/wp\/v2\/product"}],"about":[{"href":"https:\/\/audiobook-24.com\/en\/wp-json\/wp\/v2\/types\/product"}],"replies":[{"embeddable":true,"href":"https:\/\/audiobook-24.com\/en\/wp-json\/wp\/v2\/comments?post=845"}],"wp:featuredmedia":[{"embeddable":true,"href":"https:\/\/audiobook-24.com\/en\/wp-json\/wp\/v2\/media\/846"}],"wp:attachment":[{"href":"https:\/\/audiobook-24.com\/en\/wp-json\/wp\/v2\/media?parent=845"}],"wp:term":[{"taxonomy":"product_brand","embeddable":true,"href":"https:\/\/audiobook-24.com\/en\/wp-json\/wp\/v2\/product_brand?post=845"},{"taxonomy":"product_cat","embeddable":true,"href":"https:\/\/audiobook-24.com\/en\/wp-json\/wp\/v2\/product_cat?post=845"},{"taxonomy":"product_tag","embeddable":true,"href":"https:\/\/audiobook-24.com\/en\/wp-json\/wp\/v2\/product_tag?post=845"}],"curies":[{"name":"wp","href":"https:\/\/api.w.org\/{rel}","templated":true}]}}