{"id":837,"date":"2025-11-16T18:41:10","date_gmt":"2025-11-16T18:41:10","guid":{"rendered":"https:\/\/audiobook-24.com\/?post_type=product&#038;p=837"},"modified":"2025-11-16T18:41:10","modified_gmt":"2025-11-16T18:41:10","slug":"hoerspiel-das-ende-der-welt","status":"publish","type":"product","link":"https:\/\/audiobook-24.com\/en\/product\/hoerspiel-das-ende-der-welt\/","title":{"rendered":"H\u00f6rspiel Das Ende der Welt"},"content":{"rendered":"<p><span style=\"font-size: large;\">\ud83c\udfa7\u00a0<strong>H\u00f6rspiel: Das Ende der Welt<\/strong><\/span><\/p>\n<p><span style=\"font-size: large;\"><br \/>\nEine apokalyptische Vision, eine ersch\u00fctternde Geschichte: In diesem fesselnden H\u00f6rspiel geht es um die letzten Stunden der Menschheit \u2013 bewegend, dramatisch und erschreckend real. F\u00fcr Fans von Endzeit, Spannung und Tiefgang.<\/span><\/p>\n<p><span style=\"font-size: large;\">\u2705\u00a0<strong>MP3-Download sofort verf\u00fcgbar<\/strong><br \/>\nDu erh\u00e4ltst direkt nach dem Kauf deinen\u00a0<strong>pers\u00f6nlichen Downloadlink<\/strong>\u00a0\u2013 kein Versand, kein Warten.<\/span><\/p>\n<p><span style=\"font-size: large;\">\u00a0<\/span><\/p>\n<hr \/>\n<p><span style=\"font-size: large;\">\ud83d\udce9\u00a0<strong>Ablauf:<\/strong><br \/>\nNach dem Kauf bekommst du eine eBay-Nachricht mit deinem\u00a0<strong>MP3-Downloadlink<\/strong>.<br \/>\n\ud83c\udfa7 Format: MP3 | Sprache: Deutsch | Kompatibel mit Handy, PC, Tablet u.v.m.<\/span><\/p>","protected":false},"excerpt":{"rendered":"<p>\ud83c\udfa7\u00a0H\u00f6rspiel: Das Ende der Welt Eine apokalyptische Vision, eine ersch\u00fctternde Geschichte: In diesem fesselnden H\u00f6rspiel geht es um die letzten Stunden der Menschheit \u2013 bewegend, dramatisch und erschreckend real. F\u00fcr Fans von Endzeit, Spannung und Tiefgang. \u2705\u00a0MP3-Download sofort verf\u00fcgbar Du erh\u00e4ltst direkt nach dem Kauf deinen\u00a0pers\u00f6nlichen Downloadlink\u00a0\u2013 kein Versand, kein Warten. \u00a0 \ud83d\udce9\u00a0Ablauf: Nach dem [&hellip;]<\/p>\n","protected":false},"featured_media":838,"comment_status":"open","ping_status":"closed","template":"","meta":[],"product_brand":[],"product_cat":[21],"product_tag":[],"class_list":{"0":"post-837","1":"product","2":"type-product","3":"status-publish","4":"has-post-thumbnail","6":"product_cat-hoerspiele","8":"first","9":"instock","10":"sale","11":"virtual","12":"purchasable","13":"product-type-simple"},"jetpack_sharing_enabled":true,"_links":{"self":[{"href":"https:\/\/audiobook-24.com\/en\/wp-json\/wp\/v2\/product\/837","targetHints":{"allow":["GET"]}}],"collection":[{"href":"https:\/\/audiobook-24.com\/en\/wp-json\/wp\/v2\/product"}],"about":[{"href":"https:\/\/audiobook-24.com\/en\/wp-json\/wp\/v2\/types\/product"}],"replies":[{"embeddable":true,"href":"https:\/\/audiobook-24.com\/en\/wp-json\/wp\/v2\/comments?post=837"}],"wp:featuredmedia":[{"embeddable":true,"href":"https:\/\/audiobook-24.com\/en\/wp-json\/wp\/v2\/media\/838"}],"wp:attachment":[{"href":"https:\/\/audiobook-24.com\/en\/wp-json\/wp\/v2\/media?parent=837"}],"wp:term":[{"taxonomy":"product_brand","embeddable":true,"href":"https:\/\/audiobook-24.com\/en\/wp-json\/wp\/v2\/product_brand?post=837"},{"taxonomy":"product_cat","embeddable":true,"href":"https:\/\/audiobook-24.com\/en\/wp-json\/wp\/v2\/product_cat?post=837"},{"taxonomy":"product_tag","embeddable":true,"href":"https:\/\/audiobook-24.com\/en\/wp-json\/wp\/v2\/product_tag?post=837"}],"curies":[{"name":"wp","href":"https:\/\/api.w.org\/{rel}","templated":true}]}}