{"id":835,"date":"2025-11-16T18:39:27","date_gmt":"2025-11-16T18:39:27","guid":{"rendered":"https:\/\/audiobook-24.com\/?post_type=product&#038;p=835"},"modified":"2025-11-16T18:39:27","modified_gmt":"2025-11-16T18:39:27","slug":"hoerspiel-die-mumie","status":"publish","type":"product","link":"https:\/\/audiobook-24.com\/en\/product\/hoerspiel-die-mumie\/","title":{"rendered":"H\u00f6rspiel Die Mumie"},"content":{"rendered":"<p><span style=\"font-size: large;\">\ud83c\udfa7\u00a0<strong>H\u00f6rspiel: Die Mumie<\/strong><\/span><\/p>\n<p><span style=\"font-size: large;\"><br \/>\nEin uralter Fluch, ein geheimnisvoller Sarkophag und eine Reise in die d\u00fcsteren Tiefen der \u00e4gyptischen Geschichte \u2013 dieses H\u00f6rspiel l\u00e4sst dich das Grauen der Mumienlegende hautnah erleben.<br \/>\nPackend erz\u00e4hlt, atmosph\u00e4risch inszeniert \u2013 f\u00fcr alle Fans von Mystery und Abenteuer!<\/span><\/p>\n<p><span style=\"font-size: large;\">\u2705\u00a0<strong>MP3-Download direkt nach dem Kauf<\/strong><br \/>\nDu erh\u00e4ltst sofort deinen\u00a0<strong>pers\u00f6nlichen Downloadlink<\/strong>\u00a0per Nachricht \u2013 kein Versand, keine Wartezeit.<\/span><\/p>\n<p><span style=\"font-size: large;\">\u00a0<\/span><\/p>\n<hr \/>\n<p><span style=\"font-size: large;\">\ud83d\udce9\u00a0<strong>So funktioniert\u2019s:<\/strong><br \/>\nNach dem Kauf erh\u00e4ltst du eine eBay-Nachricht mit dem\u00a0<strong>MP3-Downloadlink<\/strong>.<br \/>\n\ud83c\udfa7 Format: MP3 | Sprache: Deutsch | Kompatibel mit Handy, PC, Tablet u.v.m.<\/span><\/p>","protected":false},"excerpt":{"rendered":"<p>\ud83c\udfa7\u00a0H\u00f6rspiel: Die Mumie Ein uralter Fluch, ein geheimnisvoller Sarkophag und eine Reise in die d\u00fcsteren Tiefen der \u00e4gyptischen Geschichte \u2013 dieses H\u00f6rspiel l\u00e4sst dich das Grauen der Mumienlegende hautnah erleben. Packend erz\u00e4hlt, atmosph\u00e4risch inszeniert \u2013 f\u00fcr alle Fans von Mystery und Abenteuer! \u2705\u00a0MP3-Download direkt nach dem Kauf Du erh\u00e4ltst sofort deinen\u00a0pers\u00f6nlichen Downloadlink\u00a0per Nachricht \u2013 kein [&hellip;]<\/p>\n","protected":false},"featured_media":836,"comment_status":"open","ping_status":"closed","template":"","meta":[],"product_brand":[],"product_cat":[21],"product_tag":[],"class_list":{"0":"post-835","1":"product","2":"type-product","3":"status-publish","4":"has-post-thumbnail","6":"product_cat-hoerspiele","8":"first","9":"instock","10":"sale","11":"virtual","12":"purchasable","13":"product-type-simple"},"jetpack_sharing_enabled":true,"_links":{"self":[{"href":"https:\/\/audiobook-24.com\/en\/wp-json\/wp\/v2\/product\/835","targetHints":{"allow":["GET"]}}],"collection":[{"href":"https:\/\/audiobook-24.com\/en\/wp-json\/wp\/v2\/product"}],"about":[{"href":"https:\/\/audiobook-24.com\/en\/wp-json\/wp\/v2\/types\/product"}],"replies":[{"embeddable":true,"href":"https:\/\/audiobook-24.com\/en\/wp-json\/wp\/v2\/comments?post=835"}],"wp:featuredmedia":[{"embeddable":true,"href":"https:\/\/audiobook-24.com\/en\/wp-json\/wp\/v2\/media\/836"}],"wp:attachment":[{"href":"https:\/\/audiobook-24.com\/en\/wp-json\/wp\/v2\/media?parent=835"}],"wp:term":[{"taxonomy":"product_brand","embeddable":true,"href":"https:\/\/audiobook-24.com\/en\/wp-json\/wp\/v2\/product_brand?post=835"},{"taxonomy":"product_cat","embeddable":true,"href":"https:\/\/audiobook-24.com\/en\/wp-json\/wp\/v2\/product_cat?post=835"},{"taxonomy":"product_tag","embeddable":true,"href":"https:\/\/audiobook-24.com\/en\/wp-json\/wp\/v2\/product_tag?post=835"}],"curies":[{"name":"wp","href":"https:\/\/api.w.org\/{rel}","templated":true}]}}