{"id":819,"date":"2025-11-16T18:22:59","date_gmt":"2025-11-16T18:22:59","guid":{"rendered":"https:\/\/audiobook-24.com\/?post_type=product&#038;p=819"},"modified":"2025-11-16T18:23:00","modified_gmt":"2025-11-16T18:23:00","slug":"%f0%9f%8e%a7-hoerspiel-krimi-ulrike-busch-das-seesternspiel-sofort-download","status":"publish","type":"product","link":"https:\/\/audiobook-24.com\/en\/product\/%f0%9f%8e%a7-hoerspiel-krimi-ulrike-busch-das-seesternspiel-sofort-download\/","title":{"rendered":"\ud83c\udfa7 H\u00f6rspiel Krimi: Ulrike Busch \u2013 Das Seesternspiel sofort Download"},"content":{"rendered":"<p><b><span style=\"font-size: x-large;\">\ud83c\udfa7\u00a0<strong>H\u00f6rspiel Krimi: Ulrike Busch \u2013 Der Gast aus H\u00f6rnum<\/strong><\/span><\/b><\/p>\n<p><span style=\"font-size: x-large;\">Ein mysteri\u00f6ser Gast in H\u00f6rnum sorgt f\u00fcr Aufsehen \u2013 und bald schon liegt ein Mordfall in der Luft. Die Kripo Wattenmeer nimmt die Ermittlungen auf und st\u00f6\u00dft auf ein Geflecht aus L\u00fcgen, dunklen Geheimnissen und gef\u00e4hrlichen Verstrickungen. Ein spannender K\u00fcstenkrimi mit viel nordischem Flair.<\/span><\/p>\n<p><b><strong><span style=\"font-size: x-large;\">\u2705 Nach der Bezahlung erhalten Sie sofort Ihren pers\u00f6nlichen Downloadlink \u2013<\/span><\/strong><\/b><\/p>\n<p><b><strong><span style=\"font-size: x-large;\"><br \/>\nf\u00fcr \ud83d\udcf1 Handy | \ud83d\udcbb Tablet | \ud83d\udda5\ufe0f PC | \ud83c\udfa7 MP3-Player \u2013<br \/>\nund k\u00f6nnen ihn jederzeit und so oft Sie wollen genie\u00dfen.<\/span><\/strong><\/b><\/p>","protected":false},"excerpt":{"rendered":"<p>\ud83c\udfa7\u00a0H\u00f6rspiel Krimi: Ulrike Busch \u2013 Der Gast aus H\u00f6rnum Ein mysteri\u00f6ser Gast in H\u00f6rnum sorgt f\u00fcr Aufsehen \u2013 und bald schon liegt ein Mordfall in der Luft. Die Kripo Wattenmeer nimmt die Ermittlungen auf und st\u00f6\u00dft auf ein Geflecht aus L\u00fcgen, dunklen Geheimnissen und gef\u00e4hrlichen Verstrickungen. Ein spannender K\u00fcstenkrimi mit viel nordischem Flair. \u2705 Nach [&hellip;]<\/p>\n","protected":false},"featured_media":820,"comment_status":"open","ping_status":"closed","template":"","meta":[],"product_brand":[],"product_cat":[34],"product_tag":[],"class_list":{"0":"post-819","1":"product","2":"type-product","3":"status-publish","4":"has-post-thumbnail","6":"product_cat-hoerspiel-krimi","8":"first","9":"instock","10":"sale","11":"virtual","12":"purchasable","13":"product-type-simple"},"jetpack_sharing_enabled":true,"_links":{"self":[{"href":"https:\/\/audiobook-24.com\/en\/wp-json\/wp\/v2\/product\/819","targetHints":{"allow":["GET"]}}],"collection":[{"href":"https:\/\/audiobook-24.com\/en\/wp-json\/wp\/v2\/product"}],"about":[{"href":"https:\/\/audiobook-24.com\/en\/wp-json\/wp\/v2\/types\/product"}],"replies":[{"embeddable":true,"href":"https:\/\/audiobook-24.com\/en\/wp-json\/wp\/v2\/comments?post=819"}],"wp:featuredmedia":[{"embeddable":true,"href":"https:\/\/audiobook-24.com\/en\/wp-json\/wp\/v2\/media\/820"}],"wp:attachment":[{"href":"https:\/\/audiobook-24.com\/en\/wp-json\/wp\/v2\/media?parent=819"}],"wp:term":[{"taxonomy":"product_brand","embeddable":true,"href":"https:\/\/audiobook-24.com\/en\/wp-json\/wp\/v2\/product_brand?post=819"},{"taxonomy":"product_cat","embeddable":true,"href":"https:\/\/audiobook-24.com\/en\/wp-json\/wp\/v2\/product_cat?post=819"},{"taxonomy":"product_tag","embeddable":true,"href":"https:\/\/audiobook-24.com\/en\/wp-json\/wp\/v2\/product_tag?post=819"}],"curies":[{"name":"wp","href":"https:\/\/api.w.org\/{rel}","templated":true}]}}