{"id":816,"date":"2025-11-16T18:19:53","date_gmt":"2025-11-16T18:19:53","guid":{"rendered":"https:\/\/audiobook-24.com\/?post_type=product&#038;p=816"},"modified":"2025-11-16T18:19:54","modified_gmt":"2025-11-16T18:19:54","slug":"%f0%9f%8e%a7-hoerspiel-krimi-ulrike-busch-der-seenebelmord-sofort-download","status":"publish","type":"product","link":"https:\/\/audiobook-24.com\/en\/product\/%f0%9f%8e%a7-hoerspiel-krimi-ulrike-busch-der-seenebelmord-sofort-download\/","title":{"rendered":"\ud83c\udfa7 H\u00f6rspiel Krimi: Ulrike Busch \u2013 Der Seenebelmord sofort Download"},"content":{"rendered":"<p><b><span style=\"font-size: x-large;\">\ud83c\udfa7\u00a0<strong>H\u00f6rspiel Krimi: Ulrike Busch \u2013 Der Seenebelmord (Kripo Wattenmeer 08)<\/strong><\/span><\/b><\/p>\n<p><span style=\"font-size: x-large;\">Dichter Seenebel liegt \u00fcber der Nordseek\u00fcste, als ein mysteri\u00f6ser Mordfall die Ermittler der Kripo Wattenmeer in Atem h\u00e4lt. Zwischen verschleierten Spuren, dunklen Geheimnissen und der bedrohlichen Stille des Nebels m\u00fcssen sie einen T\u00e4ter entlarven, der seine Opfer eiskalt ausw\u00e4hlt. Ein packender K\u00fcstenkrimi voller Spannung und Atmosph\u00e4re.<\/span><\/p>\n<p><b><strong><span style=\"font-size: x-large;\">\u2705 Nach der Bezahlung erhalten Sie sofort Ihren pers\u00f6nlichen Downloadlink \u2013<\/span><\/strong><\/b><\/p>\n<p><b><strong><span style=\"font-size: x-large;\"><br \/>\nf\u00fcr \ud83d\udcf1 Handy | \ud83d\udcbb Tablet | \ud83d\udda5\ufe0f PC | \ud83c\udfa7 MP3-Player \u2013<br \/>\nund k\u00f6nnen ihn jederzeit und so oft Sie wollen genie\u00dfen.<\/span><\/strong><\/b><\/p>","protected":false},"excerpt":{"rendered":"<p>\ud83c\udfa7\u00a0H\u00f6rspiel Krimi: Ulrike Busch \u2013 Der Seenebelmord (Kripo Wattenmeer 08) Dichter Seenebel liegt \u00fcber der Nordseek\u00fcste, als ein mysteri\u00f6ser Mordfall die Ermittler der Kripo Wattenmeer in Atem h\u00e4lt. Zwischen verschleierten Spuren, dunklen Geheimnissen und der bedrohlichen Stille des Nebels m\u00fcssen sie einen T\u00e4ter entlarven, der seine Opfer eiskalt ausw\u00e4hlt. Ein packender K\u00fcstenkrimi voller Spannung und [&hellip;]<\/p>\n","protected":false},"featured_media":0,"comment_status":"open","ping_status":"closed","template":"","meta":[],"product_brand":[],"product_cat":[34],"product_tag":[],"class_list":{"0":"post-816","1":"product","2":"type-product","3":"status-publish","5":"product_cat-hoerspiel-krimi","7":"first","8":"instock","9":"sale","10":"virtual","11":"purchasable","12":"product-type-simple"},"jetpack_sharing_enabled":true,"_links":{"self":[{"href":"https:\/\/audiobook-24.com\/en\/wp-json\/wp\/v2\/product\/816","targetHints":{"allow":["GET"]}}],"collection":[{"href":"https:\/\/audiobook-24.com\/en\/wp-json\/wp\/v2\/product"}],"about":[{"href":"https:\/\/audiobook-24.com\/en\/wp-json\/wp\/v2\/types\/product"}],"replies":[{"embeddable":true,"href":"https:\/\/audiobook-24.com\/en\/wp-json\/wp\/v2\/comments?post=816"}],"wp:attachment":[{"href":"https:\/\/audiobook-24.com\/en\/wp-json\/wp\/v2\/media?parent=816"}],"wp:term":[{"taxonomy":"product_brand","embeddable":true,"href":"https:\/\/audiobook-24.com\/en\/wp-json\/wp\/v2\/product_brand?post=816"},{"taxonomy":"product_cat","embeddable":true,"href":"https:\/\/audiobook-24.com\/en\/wp-json\/wp\/v2\/product_cat?post=816"},{"taxonomy":"product_tag","embeddable":true,"href":"https:\/\/audiobook-24.com\/en\/wp-json\/wp\/v2\/product_tag?post=816"}],"curies":[{"name":"wp","href":"https:\/\/api.w.org\/{rel}","templated":true}]}}