{"id":814,"date":"2025-11-16T18:17:13","date_gmt":"2025-11-16T18:17:13","guid":{"rendered":"https:\/\/audiobook-24.com\/?post_type=product&#038;p=814"},"modified":"2025-11-16T18:17:14","modified_gmt":"2025-11-16T18:17:14","slug":"%f0%9f%8e%a7-hoerspiel-krimi-volker-duetzer-sturmtod-sofort-download","status":"publish","type":"product","link":"https:\/\/audiobook-24.com\/en\/product\/%f0%9f%8e%a7-hoerspiel-krimi-volker-duetzer-sturmtod-sofort-download\/","title":{"rendered":"\ud83c\udfa7 H\u00f6rspiel Krimi: Volker D\u00fctzer \u2013 Sturmtod sofort Download"},"content":{"rendered":"<p><b><span style=\"font-size: x-large;\">\ud83c\udfa7\u00a0<strong>H\u00f6rspiel Krimi: Volker D\u00f6tzer \u2013 Sturmtod<\/strong><\/span><\/b><\/p>\n<p><span style=\"font-size: x-large;\">Ein gewaltiger Sturm bringt mehr als nur Wind und Regen: Ein Mordfall ersch\u00fcttert die K\u00fcstenregion. Die Ermittler m\u00fcssen zwischen Naturgewalten und menschlicher Bosheit die Wahrheit aufdecken. Spannend, atmosph\u00e4risch und mit \u00fcberraschenden Wendungen.<\/span><\/p>\n<p><span style=\"font-size: x-large;\">\u2705 Nach der Bezahlung erhalten Sie sofort Ihren pers\u00f6nlichen Downloadlink \u2013<\/span><\/p>\n<p><span style=\"font-size: x-large;\"><br \/>\nf\u00fcr \ud83d\udcf1 Handy | \ud83d\udcbb Tablet | \ud83d\udda5\ufe0f PC | \ud83c\udfa7 MP3-Player \u2013<br \/>\nund k\u00f6nnen ihn jederzeit und so oft Sie wollen genie\u00dfen.<\/span><\/p>","protected":false},"excerpt":{"rendered":"<p>\ud83c\udfa7\u00a0H\u00f6rspiel Krimi: Volker D\u00f6tzer \u2013 Sturmtod Ein gewaltiger Sturm bringt mehr als nur Wind und Regen: Ein Mordfall ersch\u00fcttert die K\u00fcstenregion. Die Ermittler m\u00fcssen zwischen Naturgewalten und menschlicher Bosheit die Wahrheit aufdecken. Spannend, atmosph\u00e4risch und mit \u00fcberraschenden Wendungen. \u2705 Nach der Bezahlung erhalten Sie sofort Ihren pers\u00f6nlichen Downloadlink \u2013 f\u00fcr \ud83d\udcf1 Handy | \ud83d\udcbb Tablet [&hellip;]<\/p>\n","protected":false},"featured_media":815,"comment_status":"open","ping_status":"closed","template":"","meta":[],"product_brand":[],"product_cat":[34],"product_tag":[],"class_list":{"0":"post-814","1":"product","2":"type-product","3":"status-publish","4":"has-post-thumbnail","6":"product_cat-hoerspiel-krimi","8":"first","9":"instock","10":"sale","11":"virtual","12":"purchasable","13":"product-type-simple"},"jetpack_sharing_enabled":true,"_links":{"self":[{"href":"https:\/\/audiobook-24.com\/en\/wp-json\/wp\/v2\/product\/814","targetHints":{"allow":["GET"]}}],"collection":[{"href":"https:\/\/audiobook-24.com\/en\/wp-json\/wp\/v2\/product"}],"about":[{"href":"https:\/\/audiobook-24.com\/en\/wp-json\/wp\/v2\/types\/product"}],"replies":[{"embeddable":true,"href":"https:\/\/audiobook-24.com\/en\/wp-json\/wp\/v2\/comments?post=814"}],"wp:featuredmedia":[{"embeddable":true,"href":"https:\/\/audiobook-24.com\/en\/wp-json\/wp\/v2\/media\/815"}],"wp:attachment":[{"href":"https:\/\/audiobook-24.com\/en\/wp-json\/wp\/v2\/media?parent=814"}],"wp:term":[{"taxonomy":"product_brand","embeddable":true,"href":"https:\/\/audiobook-24.com\/en\/wp-json\/wp\/v2\/product_brand?post=814"},{"taxonomy":"product_cat","embeddable":true,"href":"https:\/\/audiobook-24.com\/en\/wp-json\/wp\/v2\/product_cat?post=814"},{"taxonomy":"product_tag","embeddable":true,"href":"https:\/\/audiobook-24.com\/en\/wp-json\/wp\/v2\/product_tag?post=814"}],"curies":[{"name":"wp","href":"https:\/\/api.w.org\/{rel}","templated":true}]}}