{"id":812,"date":"2025-11-16T18:14:06","date_gmt":"2025-11-16T18:14:06","guid":{"rendered":"https:\/\/audiobook-24.com\/?post_type=product&#038;p=812"},"modified":"2025-11-16T18:14:06","modified_gmt":"2025-11-16T18:14:06","slug":"%f0%9f%8e%a7-hoerspiel-krimi-ulrike-busch-herzmuschelmoerder-sofort-download","status":"publish","type":"product","link":"https:\/\/audiobook-24.com\/en\/product\/%f0%9f%8e%a7-hoerspiel-krimi-ulrike-busch-herzmuschelmoerder-sofort-download\/","title":{"rendered":"\ud83c\udfa7 H\u00f6rspiel Krimi: Ulrike Busch Herzmuschelm\u00f6rder sofort Download"},"content":{"rendered":"<p><b><span style=\"font-size: x-large;\">\ud83c\udfa7\u00a0<strong>H\u00f6rspiel Krimi: Ulrike Busch \u2013 Der Herzmuschelm\u00f6rder<\/strong><\/span><\/b><\/p>\n<p><span style=\"font-size: x-large;\">Ein grausamer Mord an der K\u00fcste ersch\u00fcttert die Idylle des Wattenmeers. Die Ermittler der Kripo Wattenmeer m\u00fcssen hinter die Fassade idyllischer Strandorte blicken, um einen cleveren und skrupellosen T\u00e4ter zu fassen. Spannung, norddeutsches Flair und \u00fcberraschende Wendungen erwarten die H\u00f6rer.<\/span><\/p>\n<p><span style=\"font-size: x-large;\">\u2705 Nach der Bezahlung erhalten Sie sofort Ihren pers\u00f6nlichen Downloadlink \u2013<\/span><\/p>\n<p><span style=\"font-size: x-large;\"><br \/>\nf\u00fcr \ud83d\udcf1 Handy | \ud83d\udcbb Tablet | \ud83d\udda5\ufe0f PC | \ud83c\udfa7 MP3-Player \u2013<br \/>\nund k\u00f6nnen ihn jederzeit und so oft Sie wollen genie\u00dfen.<\/span><\/p>","protected":false},"excerpt":{"rendered":"<p>\ud83c\udfa7\u00a0H\u00f6rspiel Krimi: Ulrike Busch \u2013 Der Herzmuschelm\u00f6rder Ein grausamer Mord an der K\u00fcste ersch\u00fcttert die Idylle des Wattenmeers. Die Ermittler der Kripo Wattenmeer m\u00fcssen hinter die Fassade idyllischer Strandorte blicken, um einen cleveren und skrupellosen T\u00e4ter zu fassen. Spannung, norddeutsches Flair und \u00fcberraschende Wendungen erwarten die H\u00f6rer. \u2705 Nach der Bezahlung erhalten Sie sofort Ihren [&hellip;]<\/p>\n","protected":false},"featured_media":813,"comment_status":"open","ping_status":"closed","template":"","meta":[],"product_brand":[],"product_cat":[34],"product_tag":[],"class_list":{"0":"post-812","1":"product","2":"type-product","3":"status-publish","4":"has-post-thumbnail","6":"product_cat-hoerspiel-krimi","8":"first","9":"instock","10":"sale","11":"virtual","12":"purchasable","13":"product-type-simple"},"jetpack_sharing_enabled":true,"_links":{"self":[{"href":"https:\/\/audiobook-24.com\/en\/wp-json\/wp\/v2\/product\/812","targetHints":{"allow":["GET"]}}],"collection":[{"href":"https:\/\/audiobook-24.com\/en\/wp-json\/wp\/v2\/product"}],"about":[{"href":"https:\/\/audiobook-24.com\/en\/wp-json\/wp\/v2\/types\/product"}],"replies":[{"embeddable":true,"href":"https:\/\/audiobook-24.com\/en\/wp-json\/wp\/v2\/comments?post=812"}],"wp:featuredmedia":[{"embeddable":true,"href":"https:\/\/audiobook-24.com\/en\/wp-json\/wp\/v2\/media\/813"}],"wp:attachment":[{"href":"https:\/\/audiobook-24.com\/en\/wp-json\/wp\/v2\/media?parent=812"}],"wp:term":[{"taxonomy":"product_brand","embeddable":true,"href":"https:\/\/audiobook-24.com\/en\/wp-json\/wp\/v2\/product_brand?post=812"},{"taxonomy":"product_cat","embeddable":true,"href":"https:\/\/audiobook-24.com\/en\/wp-json\/wp\/v2\/product_cat?post=812"},{"taxonomy":"product_tag","embeddable":true,"href":"https:\/\/audiobook-24.com\/en\/wp-json\/wp\/v2\/product_tag?post=812"}],"curies":[{"name":"wp","href":"https:\/\/api.w.org\/{rel}","templated":true}]}}