{"id":806,"date":"2025-11-16T17:55:56","date_gmt":"2025-11-16T17:55:56","guid":{"rendered":"https:\/\/audiobook-24.com\/?post_type=product&#038;p=806"},"modified":"2025-11-16T17:55:57","modified_gmt":"2025-11-16T17:55:57","slug":"%f0%9f%8e%a7-hoerspiel-krimi-ulrike-busch-flaschenpost-vom-moerder-sofort-download","status":"publish","type":"product","link":"https:\/\/audiobook-24.com\/en\/product\/%f0%9f%8e%a7-hoerspiel-krimi-ulrike-busch-flaschenpost-vom-moerder-sofort-download\/","title":{"rendered":"\ud83c\udfa7 H\u00f6rspiel Krimi: Ulrike Busch \u2013 Flaschenpost vom M\u00f6rder sofort Download"},"content":{"rendered":"<p><b><span style=\"font-size: x-large;\">\ud83c\udfa7\u00a0<strong>H\u00f6rspiel Krimi: Ulrike Busch \u2013 Flaschenpost vom M\u00f6rder (Kripo Wattenmeer ermittelt)<\/strong><\/span><\/b><\/p>\n<p><b><span style=\"font-size: x-large;\">Eine mysteri\u00f6se Flaschenpost treibt an die K\u00fcste \u2013 darin ein erschreckendes Gest\u00e4ndnis. Die Kripo Wattenmeer beginnt zu ermitteln und st\u00f6\u00dft auf dunkle Geheimnisse, alte Rechnungen und einen skrupellosen T\u00e4ter. Spannung und norddeutsches K\u00fcstenflair machen diesen Fall zu einem packenden H\u00f6rerlebnis.<\/span><\/b><\/p>\n<p><b><span style=\"font-size: x-large;\"><strong>\u2705 Nach der Bezahlung erhalten Sie sofort Ihren pers\u00f6nlichen Downloadlink \u2013<\/strong><\/span><\/b><\/p>\n<p><b><span style=\"font-size: x-large;\"><strong><br \/>\nf\u00fcr \ud83d\udcf1 Handy | \ud83d\udcbb Tablet | \ud83d\udda5\ufe0f PC | \ud83c\udfa7 MP3-Player \u2013<br \/>\nund k\u00f6nnen ihn jederzeit und so oft Sie wollen genie\u00dfen.<\/strong><\/span><\/b><\/p>","protected":false},"excerpt":{"rendered":"<p>\ud83c\udfa7\u00a0H\u00f6rspiel Krimi: Ulrike Busch \u2013 Flaschenpost vom M\u00f6rder (Kripo Wattenmeer ermittelt) Eine mysteri\u00f6se Flaschenpost treibt an die K\u00fcste \u2013 darin ein erschreckendes Gest\u00e4ndnis. Die Kripo Wattenmeer beginnt zu ermitteln und st\u00f6\u00dft auf dunkle Geheimnisse, alte Rechnungen und einen skrupellosen T\u00e4ter. Spannung und norddeutsches K\u00fcstenflair machen diesen Fall zu einem packenden H\u00f6rerlebnis. \u2705 Nach der Bezahlung [&hellip;]<\/p>\n","protected":false},"featured_media":807,"comment_status":"open","ping_status":"closed","template":"","meta":[],"product_brand":[],"product_cat":[34],"product_tag":[],"class_list":{"0":"post-806","1":"product","2":"type-product","3":"status-publish","4":"has-post-thumbnail","6":"product_cat-hoerspiel-krimi","8":"first","9":"instock","10":"sale","11":"virtual","12":"purchasable","13":"product-type-simple"},"jetpack_sharing_enabled":true,"_links":{"self":[{"href":"https:\/\/audiobook-24.com\/en\/wp-json\/wp\/v2\/product\/806","targetHints":{"allow":["GET"]}}],"collection":[{"href":"https:\/\/audiobook-24.com\/en\/wp-json\/wp\/v2\/product"}],"about":[{"href":"https:\/\/audiobook-24.com\/en\/wp-json\/wp\/v2\/types\/product"}],"replies":[{"embeddable":true,"href":"https:\/\/audiobook-24.com\/en\/wp-json\/wp\/v2\/comments?post=806"}],"wp:featuredmedia":[{"embeddable":true,"href":"https:\/\/audiobook-24.com\/en\/wp-json\/wp\/v2\/media\/807"}],"wp:attachment":[{"href":"https:\/\/audiobook-24.com\/en\/wp-json\/wp\/v2\/media?parent=806"}],"wp:term":[{"taxonomy":"product_brand","embeddable":true,"href":"https:\/\/audiobook-24.com\/en\/wp-json\/wp\/v2\/product_brand?post=806"},{"taxonomy":"product_cat","embeddable":true,"href":"https:\/\/audiobook-24.com\/en\/wp-json\/wp\/v2\/product_cat?post=806"},{"taxonomy":"product_tag","embeddable":true,"href":"https:\/\/audiobook-24.com\/en\/wp-json\/wp\/v2\/product_tag?post=806"}],"curies":[{"name":"wp","href":"https:\/\/api.w.org\/{rel}","templated":true}]}}