{"id":804,"date":"2025-11-16T16:33:22","date_gmt":"2025-11-16T16:33:22","guid":{"rendered":"https:\/\/audiobook-24.com\/?post_type=product&#038;p=804"},"modified":"2025-11-16T16:33:22","modified_gmt":"2025-11-16T16:33:22","slug":"%f0%9f%8e%a7-hoerspiel-insel-krimi-ruegens-toedliche-brise-sofort-download","status":"publish","type":"product","link":"https:\/\/audiobook-24.com\/en\/product\/%f0%9f%8e%a7-hoerspiel-insel-krimi-ruegens-toedliche-brise-sofort-download\/","title":{"rendered":"\ud83c\udfa7 H\u00f6rspiel: Insel-Krimi \u2013 R\u00fcgens t\u00f6dliche Brise sofort Download"},"content":{"rendered":"<p><b><span style=\"font-size: x-large;\">\ud83c\udfa7\u00a0H\u00f6rspiel: Insel-Krimi \u2013 R\u00fcgens t\u00f6dliche Brise<\/span><\/b><\/p>\n<div>\n<p><b><span style=\"font-size: x-large;\"><strong>Inhalt<\/strong><\/span><\/b><\/p>\n<p><b><span style=\"font-size: x-large;\">Auf der idyllischen Ostseeinsel R\u00fcgen wird die friedliche Atmosph\u00e4re von einem t\u00f6dlichen Verbrechen \u00fcberschattet. Ein geheimnisvoller Fall ersch\u00fcttert die Bewohner, und pl\u00f6tzlich wird aus der frischen Brise ein eisiger Hauch von Gefahr. Spannende Ermittlungen, \u00fcberraschende Wendungen und die d\u00fcstere Stimmung der K\u00fcstenlandschaft machen diesen Insel-Krimi zu einem packenden H\u00f6rerlebnis.<\/span><\/b><\/p>\n<p><b><span style=\"font-size: x-large;\">\u2705 Nach Bezahlung erhalten Sie sofort Ihren pers\u00f6nlichen Downloadlink f\u00fcr:<br \/>\n\ud83d\udcf1 Handy\u2003|\u2003\ud83d\udcbb Tablet\u2003|\u2003\ud83c\udfa7 MP3\u2003|\u2003\ud83d\udda5\ufe0f PC<\/span><\/b><\/p>\n<p><b><span style=\"font-size: x-large;\">Ein fesselndes Krimi-H\u00f6rspiel voller Spannung, Atmosph\u00e4re und Nervenkitzel \u2013 erleben Sie\u00a0<em>Insel-Krimi: R\u00fcgens t\u00f6dliche Brise<\/em>\u00a0jederzeit und so oft Sie wollen!<\/span><\/b><\/p>\n<\/div>","protected":false},"excerpt":{"rendered":"<p>\ud83c\udfa7\u00a0H\u00f6rspiel: Insel-Krimi \u2013 R\u00fcgens t\u00f6dliche Brise Inhalt Auf der idyllischen Ostseeinsel R\u00fcgen wird die friedliche Atmosph\u00e4re von einem t\u00f6dlichen Verbrechen \u00fcberschattet. Ein geheimnisvoller Fall ersch\u00fcttert die Bewohner, und pl\u00f6tzlich wird aus der frischen Brise ein eisiger Hauch von Gefahr. Spannende Ermittlungen, \u00fcberraschende Wendungen und die d\u00fcstere Stimmung der K\u00fcstenlandschaft machen diesen Insel-Krimi zu einem packenden [&hellip;]<\/p>\n","protected":false},"featured_media":805,"comment_status":"open","ping_status":"closed","template":"","meta":[],"product_brand":[],"product_cat":[34],"product_tag":[],"class_list":{"0":"post-804","1":"product","2":"type-product","3":"status-publish","4":"has-post-thumbnail","6":"product_cat-hoerspiel-krimi","8":"first","9":"instock","10":"sale","11":"virtual","12":"purchasable","13":"product-type-simple"},"jetpack_sharing_enabled":true,"_links":{"self":[{"href":"https:\/\/audiobook-24.com\/en\/wp-json\/wp\/v2\/product\/804","targetHints":{"allow":["GET"]}}],"collection":[{"href":"https:\/\/audiobook-24.com\/en\/wp-json\/wp\/v2\/product"}],"about":[{"href":"https:\/\/audiobook-24.com\/en\/wp-json\/wp\/v2\/types\/product"}],"replies":[{"embeddable":true,"href":"https:\/\/audiobook-24.com\/en\/wp-json\/wp\/v2\/comments?post=804"}],"wp:featuredmedia":[{"embeddable":true,"href":"https:\/\/audiobook-24.com\/en\/wp-json\/wp\/v2\/media\/805"}],"wp:attachment":[{"href":"https:\/\/audiobook-24.com\/en\/wp-json\/wp\/v2\/media?parent=804"}],"wp:term":[{"taxonomy":"product_brand","embeddable":true,"href":"https:\/\/audiobook-24.com\/en\/wp-json\/wp\/v2\/product_brand?post=804"},{"taxonomy":"product_cat","embeddable":true,"href":"https:\/\/audiobook-24.com\/en\/wp-json\/wp\/v2\/product_cat?post=804"},{"taxonomy":"product_tag","embeddable":true,"href":"https:\/\/audiobook-24.com\/en\/wp-json\/wp\/v2\/product_tag?post=804"}],"curies":[{"name":"wp","href":"https:\/\/api.w.org\/{rel}","templated":true}]}}