{"id":800,"date":"2025-11-16T16:16:04","date_gmt":"2025-11-16T16:16:04","guid":{"rendered":"https:\/\/audiobook-24.com\/?post_type=product&#038;p=800"},"modified":"2025-11-16T16:16:05","modified_gmt":"2025-11-16T16:16:05","slug":"%f0%9f%8e%a7-hoerspiel-tom-hillenbrand-bittere-schokolade","status":"publish","type":"product","link":"https:\/\/audiobook-24.com\/en\/product\/%f0%9f%8e%a7-hoerspiel-tom-hillenbrand-bittere-schokolade\/","title":{"rendered":"\ud83c\udfa7 H\u00f6rspiel: Tom Hillenbrand \u2013 Bittere Schokolade"},"content":{"rendered":"<h1><b>\ud83c\udfa7 H\u00f6rspiel:\u00a0<em>Tom Hillenbrand \u2013 Bittere Schokolade<\/em><\/b><\/h1>\n<p><b><span style=\"font-size: x-large;\">In\u00a0<strong>\u201eBittere Schokolade\u201c<\/strong>\u00a0schickt Bestsellerautor\u00a0<strong>Tom Hillenbrand<\/strong>\u00a0seinen charismatischen Ermittler Xavier Kieffer in ein neues, kulinarisch spannendes Abenteuer. Was als scheinbar harmlose Verkostung beginnt, verwandelt sich schnell in einen hochbrisanten Fall, bei dem es um weit mehr als nur um die s\u00fc\u00dfe Versuchung geht.<\/span><\/b><\/p>\n<p><b><span style=\"font-size: x-large;\">Ein mysteri\u00f6ser Todesfall, dubiose Machenschaften und ein Netz aus internationalen Intrigen f\u00fchren den Luxemburger Koch-Detektiv tief in die dunklen Geheimnisse der Schokoladenindustrie. Zwischen Genuss und Gefahr entfaltet sich ein Krimi voller Atmosph\u00e4re, kulinarischer Details und \u00fcberraschender Wendungen.<\/span><\/b><\/p>\n<hr \/>\n<h3><b>\u2705 Dein Vorteil:<\/b><\/h3>\n<ul>\n<li><b><span style=\"font-size: x-large;\">Nach der Bezahlung erh\u00e4ltst du\u00a0<strong>sofort deinen pers\u00f6nlichen Downloadlink<\/strong>.<\/span><\/b><\/li>\n<li><b><span style=\"font-size: x-large;\">Das H\u00f6rspiel ist verf\u00fcgbar als:<br \/>\n\ud83c\udfb5\u00a0<strong>MP3-Datei<\/strong>\u00a0\u2013 h\u00f6rbar auf: Smartphone | Tablet | PC | MP3-Player<\/span><\/b><\/li>\n<\/ul>\n<p><b><span style=\"font-size: x-large;\">\ud83d\udc49\u00a0<strong>Einmal gekauft \u2013 jederzeit und unbegrenzt abrufbar!<\/strong><\/span><\/b><\/p>","protected":false},"excerpt":{"rendered":"<p>\ud83c\udfa7 H\u00f6rspiel:\u00a0Tom Hillenbrand \u2013 Bittere Schokolade In\u00a0\u201eBittere Schokolade\u201c\u00a0schickt Bestsellerautor\u00a0Tom Hillenbrand\u00a0seinen charismatischen Ermittler Xavier Kieffer in ein neues, kulinarisch spannendes Abenteuer. Was als scheinbar harmlose Verkostung beginnt, verwandelt sich schnell in einen hochbrisanten Fall, bei dem es um weit mehr als nur um die s\u00fc\u00dfe Versuchung geht. Ein mysteri\u00f6ser Todesfall, dubiose Machenschaften und ein Netz aus [&hellip;]<\/p>\n","protected":false},"featured_media":801,"comment_status":"open","ping_status":"closed","template":"","meta":[],"product_brand":[],"product_cat":[34],"product_tag":[],"class_list":{"0":"post-800","1":"product","2":"type-product","3":"status-publish","4":"has-post-thumbnail","6":"product_cat-hoerspiel-krimi","8":"first","9":"instock","10":"sale","11":"virtual","12":"purchasable","13":"product-type-simple"},"jetpack_sharing_enabled":true,"_links":{"self":[{"href":"https:\/\/audiobook-24.com\/en\/wp-json\/wp\/v2\/product\/800","targetHints":{"allow":["GET"]}}],"collection":[{"href":"https:\/\/audiobook-24.com\/en\/wp-json\/wp\/v2\/product"}],"about":[{"href":"https:\/\/audiobook-24.com\/en\/wp-json\/wp\/v2\/types\/product"}],"replies":[{"embeddable":true,"href":"https:\/\/audiobook-24.com\/en\/wp-json\/wp\/v2\/comments?post=800"}],"wp:featuredmedia":[{"embeddable":true,"href":"https:\/\/audiobook-24.com\/en\/wp-json\/wp\/v2\/media\/801"}],"wp:attachment":[{"href":"https:\/\/audiobook-24.com\/en\/wp-json\/wp\/v2\/media?parent=800"}],"wp:term":[{"taxonomy":"product_brand","embeddable":true,"href":"https:\/\/audiobook-24.com\/en\/wp-json\/wp\/v2\/product_brand?post=800"},{"taxonomy":"product_cat","embeddable":true,"href":"https:\/\/audiobook-24.com\/en\/wp-json\/wp\/v2\/product_cat?post=800"},{"taxonomy":"product_tag","embeddable":true,"href":"https:\/\/audiobook-24.com\/en\/wp-json\/wp\/v2\/product_tag?post=800"}],"curies":[{"name":"wp","href":"https:\/\/api.w.org\/{rel}","templated":true}]}}