{"id":796,"date":"2025-11-16T16:12:52","date_gmt":"2025-11-16T16:12:52","guid":{"rendered":"https:\/\/audiobook-24.com\/?post_type=product&#038;p=796"},"modified":"2025-11-16T16:12:53","modified_gmt":"2025-11-16T16:12:53","slug":"%f0%9f%8e%a7-hoerspiel-tom-hillenbrand-letzte-ernte","status":"publish","type":"product","link":"https:\/\/audiobook-24.com\/en\/product\/%f0%9f%8e%a7-hoerspiel-tom-hillenbrand-letzte-ernte\/","title":{"rendered":"\ud83c\udfa7 H\u00f6rspiel: Tom Hillenbrand \u2013 Letzte Ernte"},"content":{"rendered":"<h1>\ud83c\udfa7 H\u00f6rspiel:\u00a0<em>Tom Hillenbrand \u2013 Letzte Ernte<\/em><\/h1>\n<p><span style=\"font-size: x-large;\">In\u00a0<strong>\u201eLetzte Ernte\u201c<\/strong>\u00a0wird der Luxemburger Koch-Detektiv\u00a0<strong>Xavier Kieffer<\/strong>\u00a0erneut in einen brisanten Fall hineingezogen, der ihn weit \u00fcber die Grenzen seiner heimischen K\u00fcche hinausf\u00fchrt. Was zun\u00e4chst wie ein gew\u00f6hnlicher Auftrag aussieht, entpuppt sich schnell als hochgef\u00e4hrliches Spiel um Macht, Geld und internationale Interessen.<\/span><\/p>\n<p><span style=\"font-size: x-large;\">Ein mysteri\u00f6ser Todesfall, dubiose Gesch\u00e4fte in der Lebensmittelbranche und dunkle Geheimnisse verbinden sich zu einem Krimi voller Spannung und politischer Brisanz. Mit kulinarischem Flair, atmosph\u00e4rischem Setting und feinem Humor sorgt\u00a0<strong>Tom Hillenbrand<\/strong>\u00a0f\u00fcr ein H\u00f6rvergn\u00fcgen, das von der ersten bis zur letzten Minute fesselt.<\/span><\/p>\n<hr \/>\n<h3>\u2705 Dein Vorteil:<\/h3>\n<ul>\n<li><span style=\"font-size: x-large;\">Nach der Bezahlung erh\u00e4ltst du\u00a0<strong>sofort deinen pers\u00f6nlichen Downloadlink<\/strong>.<\/span><\/li>\n<li><span style=\"font-size: x-large;\">Das H\u00f6rspiel ist verf\u00fcgbar als:<br \/>\n\ud83c\udfb5\u00a0<strong>MP3-Datei<\/strong>\u00a0\u2013\u00a0h\u00f6rbar auf: Smartphone | Tablet | PC | MP3-Player<\/span><\/li>\n<\/ul>\n<p><span style=\"font-size: x-large;\">\ud83d\udc49\u00a0<strong>Einmal gekauft \u2013 jederzeit und unbegrenzt abrufbar!<\/strong><\/span><\/p>","protected":false},"excerpt":{"rendered":"<p>\ud83c\udfa7 H\u00f6rspiel:\u00a0Tom Hillenbrand \u2013 Letzte Ernte In\u00a0\u201eLetzte Ernte\u201c\u00a0wird der Luxemburger Koch-Detektiv\u00a0Xavier Kieffer\u00a0erneut in einen brisanten Fall hineingezogen, der ihn weit \u00fcber die Grenzen seiner heimischen K\u00fcche hinausf\u00fchrt. Was zun\u00e4chst wie ein gew\u00f6hnlicher Auftrag aussieht, entpuppt sich schnell als hochgef\u00e4hrliches Spiel um Macht, Geld und internationale Interessen. Ein mysteri\u00f6ser Todesfall, dubiose Gesch\u00e4fte in der Lebensmittelbranche und [&hellip;]<\/p>\n","protected":false},"featured_media":797,"comment_status":"open","ping_status":"closed","template":"","meta":[],"product_brand":[],"product_cat":[34],"product_tag":[],"class_list":{"0":"post-796","1":"product","2":"type-product","3":"status-publish","4":"has-post-thumbnail","6":"product_cat-hoerspiel-krimi","8":"first","9":"instock","10":"sale","11":"virtual","12":"purchasable","13":"product-type-simple"},"jetpack_sharing_enabled":true,"_links":{"self":[{"href":"https:\/\/audiobook-24.com\/en\/wp-json\/wp\/v2\/product\/796","targetHints":{"allow":["GET"]}}],"collection":[{"href":"https:\/\/audiobook-24.com\/en\/wp-json\/wp\/v2\/product"}],"about":[{"href":"https:\/\/audiobook-24.com\/en\/wp-json\/wp\/v2\/types\/product"}],"replies":[{"embeddable":true,"href":"https:\/\/audiobook-24.com\/en\/wp-json\/wp\/v2\/comments?post=796"}],"wp:featuredmedia":[{"embeddable":true,"href":"https:\/\/audiobook-24.com\/en\/wp-json\/wp\/v2\/media\/797"}],"wp:attachment":[{"href":"https:\/\/audiobook-24.com\/en\/wp-json\/wp\/v2\/media?parent=796"}],"wp:term":[{"taxonomy":"product_brand","embeddable":true,"href":"https:\/\/audiobook-24.com\/en\/wp-json\/wp\/v2\/product_brand?post=796"},{"taxonomy":"product_cat","embeddable":true,"href":"https:\/\/audiobook-24.com\/en\/wp-json\/wp\/v2\/product_cat?post=796"},{"taxonomy":"product_tag","embeddable":true,"href":"https:\/\/audiobook-24.com\/en\/wp-json\/wp\/v2\/product_tag?post=796"}],"curies":[{"name":"wp","href":"https:\/\/api.w.org\/{rel}","templated":true}]}}