{"id":794,"date":"2025-11-16T16:11:30","date_gmt":"2025-11-16T16:11:30","guid":{"rendered":"https:\/\/audiobook-24.com\/?post_type=product&#038;p=794"},"modified":"2025-11-16T16:11:30","modified_gmt":"2025-11-16T16:11:30","slug":"%f0%9f%8e%a7-hoerspiel-tom-hillenbrand-rotes-gold","status":"publish","type":"product","link":"https:\/\/audiobook-24.com\/en\/product\/%f0%9f%8e%a7-hoerspiel-tom-hillenbrand-rotes-gold\/","title":{"rendered":"\ud83c\udfa7 H\u00f6rspiel: Tom Hillenbrand \u2013 Rotes Gold"},"content":{"rendered":"<h1><b>\ud83c\udfa7 H\u00f6rspiel:\u00a0<em>Tom Hillenbrand \u2013 Rotes Gold<\/em><\/b><\/h1>\n<p><b>In\u00a0<strong>\u201eRotes Gold\u201c<\/strong>\u00a0ermittelt der Luxemburger Koch-Detektiv\u00a0<strong>Xavier Kieffer<\/strong>\u00a0in seinem zweiten Fall \u2013 und diesmal geht es mitten hinein in die Welt der Haute Cuisine und internationalen Fischerei. Als ein Spitzenkoch tot aufgefunden wird, f\u00fchrt die Spur Kieffer von Luxemburg bis an die K\u00fcsten Europas, wo es um illegale Fischerei, Machtspiele und ein m\u00f6rderisches Gesch\u00e4ft mit dem \u201eroten Gold des Meeres\u201c geht: dem Thunfisch.<\/b><\/p>\n<p><b>Mit feinem Gesp\u00fcr f\u00fcr kulinarische Details, internationalem Flair und spannungsgeladener Handlung verbindet\u00a0<strong>Tom Hillenbrand<\/strong>\u00a0in diesem Krimi Genuss und Gefahr auf meisterhafte Weise.\u00a0<strong>\u201eRotes Gold\u201c<\/strong>\u00a0ist ein atmosph\u00e4risches H\u00f6rspiel, das mit Spannung, Lokalkolorit und cleveren Wendungen begeistert.<\/b><\/p>\n<hr \/>\n<h3><b>\u2705 Dein Vorteil:<\/b><\/h3>\n<ul>\n<li><b><span style=\"font-size: x-large;\">Nach der Bezahlung erh\u00e4ltst du\u00a0<strong>sofort deinen pers\u00f6nlichen Downloadlink<\/strong>.<\/span><\/b><\/li>\n<li><b><span style=\"font-size: x-large;\">Das H\u00f6rspiel ist verf\u00fcgbar als:<br \/>\n\ud83c\udfb5\u00a0<strong>MP3-Datei<\/strong>\u00a0\u2013 h\u00f6rbar auf: Smartphone | Tablet | PC | MP3-Player<\/span><\/b><\/li>\n<\/ul>\n<p><b><span style=\"font-size: x-large;\">\ud83d\udc49\u00a0<strong>Einmal gekauft \u2013 jederzeit und unbegrenzt abrufbar!<\/strong><\/span><\/b><\/p>","protected":false},"excerpt":{"rendered":"<p>\ud83c\udfa7 H\u00f6rspiel:\u00a0Tom Hillenbrand \u2013 Rotes Gold In\u00a0\u201eRotes Gold\u201c\u00a0ermittelt der Luxemburger Koch-Detektiv\u00a0Xavier Kieffer\u00a0in seinem zweiten Fall \u2013 und diesmal geht es mitten hinein in die Welt der Haute Cuisine und internationalen Fischerei. Als ein Spitzenkoch tot aufgefunden wird, f\u00fchrt die Spur Kieffer von Luxemburg bis an die K\u00fcsten Europas, wo es um illegale Fischerei, Machtspiele und [&hellip;]<\/p>\n","protected":false},"featured_media":795,"comment_status":"open","ping_status":"closed","template":"","meta":[],"product_brand":[],"product_cat":[34],"product_tag":[],"class_list":{"0":"post-794","1":"product","2":"type-product","3":"status-publish","4":"has-post-thumbnail","6":"product_cat-hoerspiel-krimi","8":"first","9":"instock","10":"sale","11":"virtual","12":"purchasable","13":"product-type-simple"},"jetpack_sharing_enabled":true,"_links":{"self":[{"href":"https:\/\/audiobook-24.com\/en\/wp-json\/wp\/v2\/product\/794","targetHints":{"allow":["GET"]}}],"collection":[{"href":"https:\/\/audiobook-24.com\/en\/wp-json\/wp\/v2\/product"}],"about":[{"href":"https:\/\/audiobook-24.com\/en\/wp-json\/wp\/v2\/types\/product"}],"replies":[{"embeddable":true,"href":"https:\/\/audiobook-24.com\/en\/wp-json\/wp\/v2\/comments?post=794"}],"wp:featuredmedia":[{"embeddable":true,"href":"https:\/\/audiobook-24.com\/en\/wp-json\/wp\/v2\/media\/795"}],"wp:attachment":[{"href":"https:\/\/audiobook-24.com\/en\/wp-json\/wp\/v2\/media?parent=794"}],"wp:term":[{"taxonomy":"product_brand","embeddable":true,"href":"https:\/\/audiobook-24.com\/en\/wp-json\/wp\/v2\/product_brand?post=794"},{"taxonomy":"product_cat","embeddable":true,"href":"https:\/\/audiobook-24.com\/en\/wp-json\/wp\/v2\/product_cat?post=794"},{"taxonomy":"product_tag","embeddable":true,"href":"https:\/\/audiobook-24.com\/en\/wp-json\/wp\/v2\/product_tag?post=794"}],"curies":[{"name":"wp","href":"https:\/\/api.w.org\/{rel}","templated":true}]}}