{"id":792,"date":"2025-11-16T16:09:09","date_gmt":"2025-11-16T16:09:09","guid":{"rendered":"https:\/\/audiobook-24.com\/?post_type=product&#038;p=792"},"modified":"2025-11-16T16:09:09","modified_gmt":"2025-11-16T16:09:09","slug":"%f0%9f%8e%a7-hoerspiel-tom-hillenbrand-teufelsfrucht","status":"publish","type":"product","link":"https:\/\/audiobook-24.com\/en\/product\/%f0%9f%8e%a7-hoerspiel-tom-hillenbrand-teufelsfrucht\/","title":{"rendered":"\ud83c\udfa7 H\u00f6rspiel: Tom Hillenbrand \u2013 Teufelsfrucht"},"content":{"rendered":"<h1>\ud83c\udfa7 H\u00f6rspiel:\u00a0<em>Tom Hillenbrand \u2013 Teufelsfrucht<\/em><\/h1>\n<p><span style=\"font-size: x-large;\">In\u00a0<strong>\u201eTeufelsfrucht\u201c<\/strong>\u00a0ger\u00e4t der Luxemburger Koch-Detektiv\u00a0<strong>Xavier Kieffer<\/strong>\u00a0erneut in einen gef\u00e4hrlichen Fall, der ihn tief in die Welt der kulinarischen Gen\u00fcsse und internationalen Verflechtungen f\u00fchrt. Ein scheinbar harmloser Auftrag entwickelt sich schnell zu einem t\u00f6dlichen Spiel aus Gier, Verrat und m\u00f6rderischen Intrigen.<\/span><\/p>\n<p><span style=\"font-size: x-large;\">Mit viel Atmosph\u00e4re, kulinarischem Know-how und spannungsgeladenen Wendungen verwebt\u00a0<strong>Tom Hillenbrand<\/strong>\u00a0Genuss und Gefahr auf meisterhafte Weise.\u00a0<strong>\u201eTeufelsfrucht\u201c<\/strong>\u00a0ist ein H\u00f6rspiel voller Intrigen, packender Charaktere und \u00fcberraschender Enth\u00fcllungen, das die Zuh\u00f6rer bis zur letzten Minute fesselt.<\/span><\/p>\n<hr \/>\n<h3>\u2705 Dein Vorteil:<\/h3>\n<ul>\n<li><span style=\"font-size: x-large;\">Nach der Bezahlung erh\u00e4ltst du\u00a0<strong>sofort deinen pers\u00f6nlichen Downloadlink<\/strong>.<\/span><\/li>\n<li><span style=\"font-size: x-large;\">Das H\u00f6rspiel ist verf\u00fcgbar als:<br \/>\n\ud83c\udfb5\u00a0<strong>MP3-Datei<\/strong>\u00a0\u2013 h\u00f6rbar auf: Smartphone | Tablet | PC | MP3-Player<\/span><\/li>\n<\/ul>\n<p><span style=\"font-size: x-large;\">\ud83d\udc49\u00a0<strong>Einmal gekauft \u2013 jederzeit und unbegrenzt abrufbar!<\/strong><\/span><\/p>","protected":false},"excerpt":{"rendered":"<p>\ud83c\udfa7 H\u00f6rspiel:\u00a0Tom Hillenbrand \u2013 Teufelsfrucht In\u00a0\u201eTeufelsfrucht\u201c\u00a0ger\u00e4t der Luxemburger Koch-Detektiv\u00a0Xavier Kieffer\u00a0erneut in einen gef\u00e4hrlichen Fall, der ihn tief in die Welt der kulinarischen Gen\u00fcsse und internationalen Verflechtungen f\u00fchrt. Ein scheinbar harmloser Auftrag entwickelt sich schnell zu einem t\u00f6dlichen Spiel aus Gier, Verrat und m\u00f6rderischen Intrigen. Mit viel Atmosph\u00e4re, kulinarischem Know-how und spannungsgeladenen Wendungen verwebt\u00a0Tom Hillenbrand\u00a0Genuss und [&hellip;]<\/p>\n","protected":false},"featured_media":793,"comment_status":"open","ping_status":"closed","template":"","meta":[],"product_brand":[],"product_cat":[34],"product_tag":[],"class_list":{"0":"post-792","1":"product","2":"type-product","3":"status-publish","4":"has-post-thumbnail","6":"product_cat-hoerspiel-krimi","8":"first","9":"instock","10":"sale","11":"virtual","12":"purchasable","13":"product-type-simple"},"jetpack_sharing_enabled":true,"_links":{"self":[{"href":"https:\/\/audiobook-24.com\/en\/wp-json\/wp\/v2\/product\/792","targetHints":{"allow":["GET"]}}],"collection":[{"href":"https:\/\/audiobook-24.com\/en\/wp-json\/wp\/v2\/product"}],"about":[{"href":"https:\/\/audiobook-24.com\/en\/wp-json\/wp\/v2\/types\/product"}],"replies":[{"embeddable":true,"href":"https:\/\/audiobook-24.com\/en\/wp-json\/wp\/v2\/comments?post=792"}],"wp:featuredmedia":[{"embeddable":true,"href":"https:\/\/audiobook-24.com\/en\/wp-json\/wp\/v2\/media\/793"}],"wp:attachment":[{"href":"https:\/\/audiobook-24.com\/en\/wp-json\/wp\/v2\/media?parent=792"}],"wp:term":[{"taxonomy":"product_brand","embeddable":true,"href":"https:\/\/audiobook-24.com\/en\/wp-json\/wp\/v2\/product_brand?post=792"},{"taxonomy":"product_cat","embeddable":true,"href":"https:\/\/audiobook-24.com\/en\/wp-json\/wp\/v2\/product_cat?post=792"},{"taxonomy":"product_tag","embeddable":true,"href":"https:\/\/audiobook-24.com\/en\/wp-json\/wp\/v2\/product_tag?post=792"}],"curies":[{"name":"wp","href":"https:\/\/api.w.org\/{rel}","templated":true}]}}