{"id":790,"date":"2025-11-16T16:05:44","date_gmt":"2025-11-16T16:05:44","guid":{"rendered":"https:\/\/audiobook-24.com\/?post_type=product&#038;p=790"},"modified":"2025-11-16T16:05:45","modified_gmt":"2025-11-16T16:05:45","slug":"hoerspiel-pirates-of-the-caribbean","status":"publish","type":"product","link":"https:\/\/audiobook-24.com\/en\/product\/hoerspiel-pirates-of-the-caribbean\/","title":{"rendered":"H\u00f6rspiel: \u2013 Pirates of the Caribbean"},"content":{"rendered":"<h1><b><strong><span style=\"font-size: x-large;\">H\u00f6rspiel:\u00a0 \u00a0\u2013 Pirates of the Caribbean<\/span><\/strong><\/b><\/h1>\n<p><b><span style=\"font-size: x-large;\">Tauchen Sie ein in die abenteuerliche Welt der Piraten! Dieses spannende H\u00f6rspiel entf\u00fchrt Sie mitten in die Karibik, wo der legend\u00e4re Captain Jack Sparrow auf der Suche nach Ruhm, Freiheit und geheimnisvollen Sch\u00e4tzen ist. Mit Witz, Charme und einer geh\u00f6rigen Portion Chaos stolpert Jack von einem wilden Abenteuer ins n\u00e4chste \u2013 begleitet von Freunden, aber auch gejagt von gef\u00e4hrlichen Feinden und verfluchten Piraten.<\/span><\/b><\/p>\n<p><b><span style=\"font-size: x-large;\">Ein actiongeladenes H\u00f6rspiel voller Humor, Spannung und Magie \u2013 genau das Richtige f\u00fcr kleine und gro\u00dfe Abenteurer.<\/span><\/b><\/p>\n<p><b><span style=\"font-size: x-large;\">\ud83d\udc49 Nach der Bezahlung erhalten Sie den\u00a0<strong>sofortigen Downloadlink<\/strong>, den Sie f\u00fcr\u00a0<strong>Handy, Tablet und PC<\/strong>\u00a0nutzen k\u00f6nnen \u2013 alles kompatibel und sofort verf\u00fcgbar.<\/span><\/b><\/p>","protected":false},"excerpt":{"rendered":"<p>H\u00f6rspiel:\u00a0 \u00a0\u2013 Pirates of the Caribbean Tauchen Sie ein in die abenteuerliche Welt der Piraten! Dieses spannende H\u00f6rspiel entf\u00fchrt Sie mitten in die Karibik, wo der legend\u00e4re Captain Jack Sparrow auf der Suche nach Ruhm, Freiheit und geheimnisvollen Sch\u00e4tzen ist. Mit Witz, Charme und einer geh\u00f6rigen Portion Chaos stolpert Jack von einem wilden Abenteuer ins [&hellip;]<\/p>\n","protected":false},"featured_media":791,"comment_status":"open","ping_status":"closed","template":"","meta":[],"product_brand":[],"product_cat":[21],"product_tag":[],"class_list":{"0":"post-790","1":"product","2":"type-product","3":"status-publish","4":"has-post-thumbnail","6":"product_cat-hoerspiele","8":"first","9":"instock","10":"sale","11":"virtual","12":"purchasable","13":"product-type-simple"},"jetpack_sharing_enabled":true,"_links":{"self":[{"href":"https:\/\/audiobook-24.com\/en\/wp-json\/wp\/v2\/product\/790","targetHints":{"allow":["GET"]}}],"collection":[{"href":"https:\/\/audiobook-24.com\/en\/wp-json\/wp\/v2\/product"}],"about":[{"href":"https:\/\/audiobook-24.com\/en\/wp-json\/wp\/v2\/types\/product"}],"replies":[{"embeddable":true,"href":"https:\/\/audiobook-24.com\/en\/wp-json\/wp\/v2\/comments?post=790"}],"wp:featuredmedia":[{"embeddable":true,"href":"https:\/\/audiobook-24.com\/en\/wp-json\/wp\/v2\/media\/791"}],"wp:attachment":[{"href":"https:\/\/audiobook-24.com\/en\/wp-json\/wp\/v2\/media?parent=790"}],"wp:term":[{"taxonomy":"product_brand","embeddable":true,"href":"https:\/\/audiobook-24.com\/en\/wp-json\/wp\/v2\/product_brand?post=790"},{"taxonomy":"product_cat","embeddable":true,"href":"https:\/\/audiobook-24.com\/en\/wp-json\/wp\/v2\/product_cat?post=790"},{"taxonomy":"product_tag","embeddable":true,"href":"https:\/\/audiobook-24.com\/en\/wp-json\/wp\/v2\/product_tag?post=790"}],"curies":[{"name":"wp","href":"https:\/\/api.w.org\/{rel}","templated":true}]}}