{"id":786,"date":"2025-11-16T16:01:25","date_gmt":"2025-11-16T16:01:25","guid":{"rendered":"https:\/\/audiobook-24.com\/?post_type=product&#038;p=786"},"modified":"2025-11-16T16:01:25","modified_gmt":"2025-11-16T16:01:25","slug":"%f0%9f%8e%a7-hoerbuch-edelweiss-und-heckenschere","status":"publish","type":"product","link":"https:\/\/audiobook-24.com\/en\/product\/%f0%9f%8e%a7-hoerbuch-edelweiss-und-heckenschere\/","title":{"rendered":"\ud83c\udfa7 H\u00f6rbuch \u2013 Edelwei\u00df und Heckenschere."},"content":{"rendered":"<div>\n<div>\n<div>\n<h3><b><span style=\"font-size: x-large;\">\ud83c\udfa7\u00a0<strong>H\u00f6rbuch \u2013 Edelwei\u00df und Heckenschere \u2013 Ein Bayern-Krimi<\/strong><\/span><\/b><\/h3>\n<p><b><strong>Inhalt:<\/strong><br \/>\nEin humorvoller, bayerischer Krimi voller Charme und urigem Lokalkolorit.<br \/>\nZwischen\u00a0<strong>Edelwei\u00df, Gartenzwergen und Dorfgeheimnissen<\/strong>\u00a0ger\u00e4t das beschauliche Leben im bayrischen Idyll aus den Fugen, als ein Mordfall die Dorfgemeinschaft ersch\u00fcttert. Die Ermittlungen f\u00f6rdern nicht nur dunkle Geheimnisse ans Licht, sondern auch jede Menge skurrile Figuren und Situationskomik.<\/b><\/p>\n<\/div>\n<div>\n<p><b><span style=\"font-size: large;\"><span style=\"font-size: x-large;\">\u2705 Nach der Bezahlung erhalten Sie sofort Ihren pers\u00f6nlichen Downloadlink \u2013<\/span><\/span><\/b><\/p>\n<\/div>\n<\/div>\n<div>\n<p><b><span style=\"font-size: large;\"><span style=\"font-size: x-large;\"><strong>f\u00fcr \ud83d\udcf1 Handy | \ud83d\udcbb Tablet | \ud83d\udda5\ufe0f PC | \ud83c\udfa7 MP3-Player \u2013<br \/>\nund k\u00f6nnen ihn jederzeit und so oft Sie wollen genie\u00dfen.<\/strong><\/span><\/span><\/b><\/p>\n<\/div>\n<\/div>\n<p>&nbsp;<\/p>\n<div>\n<h1><span style=\"font-size: x-large;\">\u00a0<\/span><\/h1>\n<\/div>","protected":false},"excerpt":{"rendered":"<p>\ud83c\udfa7\u00a0H\u00f6rbuch \u2013 Edelwei\u00df und Heckenschere \u2013 Ein Bayern-Krimi Inhalt: Ein humorvoller, bayerischer Krimi voller Charme und urigem Lokalkolorit. Zwischen\u00a0Edelwei\u00df, Gartenzwergen und Dorfgeheimnissen\u00a0ger\u00e4t das beschauliche Leben im bayrischen Idyll aus den Fugen, als ein Mordfall die Dorfgemeinschaft ersch\u00fcttert. Die Ermittlungen f\u00f6rdern nicht nur dunkle Geheimnisse ans Licht, sondern auch jede Menge skurrile Figuren und Situationskomik. \u2705 [&hellip;]<\/p>\n","protected":false},"featured_media":787,"comment_status":"open","ping_status":"closed","template":"","meta":[],"product_brand":[],"product_cat":[19],"product_tag":[],"class_list":{"0":"post-786","1":"product","2":"type-product","3":"status-publish","4":"has-post-thumbnail","6":"product_cat-hoerbuecher","8":"first","9":"instock","10":"sale","11":"virtual","12":"purchasable","13":"product-type-simple"},"jetpack_sharing_enabled":true,"_links":{"self":[{"href":"https:\/\/audiobook-24.com\/en\/wp-json\/wp\/v2\/product\/786","targetHints":{"allow":["GET"]}}],"collection":[{"href":"https:\/\/audiobook-24.com\/en\/wp-json\/wp\/v2\/product"}],"about":[{"href":"https:\/\/audiobook-24.com\/en\/wp-json\/wp\/v2\/types\/product"}],"replies":[{"embeddable":true,"href":"https:\/\/audiobook-24.com\/en\/wp-json\/wp\/v2\/comments?post=786"}],"wp:featuredmedia":[{"embeddable":true,"href":"https:\/\/audiobook-24.com\/en\/wp-json\/wp\/v2\/media\/787"}],"wp:attachment":[{"href":"https:\/\/audiobook-24.com\/en\/wp-json\/wp\/v2\/media?parent=786"}],"wp:term":[{"taxonomy":"product_brand","embeddable":true,"href":"https:\/\/audiobook-24.com\/en\/wp-json\/wp\/v2\/product_brand?post=786"},{"taxonomy":"product_cat","embeddable":true,"href":"https:\/\/audiobook-24.com\/en\/wp-json\/wp\/v2\/product_cat?post=786"},{"taxonomy":"product_tag","embeddable":true,"href":"https:\/\/audiobook-24.com\/en\/wp-json\/wp\/v2\/product_tag?post=786"}],"curies":[{"name":"wp","href":"https:\/\/api.w.org\/{rel}","templated":true}]}}