{"id":784,"date":"2025-11-16T15:59:48","date_gmt":"2025-11-16T15:59:48","guid":{"rendered":"https:\/\/audiobook-24.com\/?post_type=product&#038;p=784"},"modified":"2025-11-16T15:59:49","modified_gmt":"2025-11-16T15:59:49","slug":"%f0%9f%8e%a7-hoerspiel-eisenhut-und-sylter-spitze-insel-krimi","status":"publish","type":"product","link":"https:\/\/audiobook-24.com\/en\/product\/%f0%9f%8e%a7-hoerspiel-eisenhut-und-sylter-spitze-insel-krimi\/","title":{"rendered":"\ud83c\udfa7 H\u00f6rspiel: Eisenhut und Sylter Spitze \u2013 Insel-Krimi."},"content":{"rendered":"<div>\n<p><span style=\"font-size: xx-large;\"><b><span style=\"font-size: x-large;\">\ud83c\udfa7\u00a0<strong>H\u00f6rspiel: Eisenhut und Sylter Spitze \u2013 Insel-Krimi<\/strong><\/span><\/b><\/span><\/p>\n<p><span style=\"font-size: xx-large;\"><b><span style=\"font-size: x-large;\"><br \/>\n<strong>Inhalt<\/strong><\/span><\/b><\/span><\/p>\n<p><span style=\"font-size: xx-large;\"><b><span style=\"font-size: x-large;\">Auf Sylt sorgt ein mysteri\u00f6ser Fall f\u00fcr Aufsehen: Zwischen idyllischen D\u00fcnen und malerischen Str\u00e4nden verbirgt sich ein t\u00f6dliches Geheimnis. Als ein r\u00e4tselhafter Mord geschieht, geraten alte Geschichten, Intrigen und dunkle Machenschaften ans Licht. Die Ermittlungen f\u00fchren tief in die Sylter Gesellschaft \u2013 und schon bald wird klar, dass der M\u00f6rder n\u00e4her ist, als gedacht.<\/span><\/b><\/span><\/p>\n<p><span style=\"font-size: xx-large;\"><b><span style=\"font-size: x-large;\">\u2705 Nach Bezahlung erhalten Sie sofort Ihren pers\u00f6nlichen Downloadlink f\u00fcr:<br \/>\n\ud83d\udcf1 Handy\u2003|\u2003\ud83d\udcbb Tablet\u2003|\u2003\ud83c\udfa7 MP3\u2003|\u2003\ud83d\udda5\ufe0f PC<\/span><\/b><\/span><\/p>\n<p><span style=\"font-size: xx-large;\"><b><span style=\"font-size: x-large;\">Ein spannender, nordisch-herber Insel-Krimi voller Atmosph\u00e4re und G\u00e4nsehaut, den Sie jederzeit und so oft Sie wollen h\u00f6ren k\u00f6nnen!<\/span><\/b><\/span><\/p>\n<\/div>\n<p>&nbsp;<\/p>\n<div>\n<p><span style=\"font-size: xx-large;\"><b><span style=\"font-size: x-large;\">\u00a0<\/span><\/b><\/span><\/p>\n<\/div>","protected":false},"excerpt":{"rendered":"<p>\ud83c\udfa7\u00a0H\u00f6rspiel: Eisenhut und Sylter Spitze \u2013 Insel-Krimi Inhalt Auf Sylt sorgt ein mysteri\u00f6ser Fall f\u00fcr Aufsehen: Zwischen idyllischen D\u00fcnen und malerischen Str\u00e4nden verbirgt sich ein t\u00f6dliches Geheimnis. Als ein r\u00e4tselhafter Mord geschieht, geraten alte Geschichten, Intrigen und dunkle Machenschaften ans Licht. Die Ermittlungen f\u00fchren tief in die Sylter Gesellschaft \u2013 und schon bald wird klar, [&hellip;]<\/p>\n","protected":false},"featured_media":785,"comment_status":"open","ping_status":"closed","template":"","meta":[],"product_brand":[],"product_cat":[34],"product_tag":[],"class_list":{"0":"post-784","1":"product","2":"type-product","3":"status-publish","4":"has-post-thumbnail","6":"product_cat-hoerspiel-krimi","8":"first","9":"instock","10":"sale","11":"virtual","12":"purchasable","13":"product-type-simple"},"jetpack_sharing_enabled":true,"_links":{"self":[{"href":"https:\/\/audiobook-24.com\/en\/wp-json\/wp\/v2\/product\/784","targetHints":{"allow":["GET"]}}],"collection":[{"href":"https:\/\/audiobook-24.com\/en\/wp-json\/wp\/v2\/product"}],"about":[{"href":"https:\/\/audiobook-24.com\/en\/wp-json\/wp\/v2\/types\/product"}],"replies":[{"embeddable":true,"href":"https:\/\/audiobook-24.com\/en\/wp-json\/wp\/v2\/comments?post=784"}],"wp:featuredmedia":[{"embeddable":true,"href":"https:\/\/audiobook-24.com\/en\/wp-json\/wp\/v2\/media\/785"}],"wp:attachment":[{"href":"https:\/\/audiobook-24.com\/en\/wp-json\/wp\/v2\/media?parent=784"}],"wp:term":[{"taxonomy":"product_brand","embeddable":true,"href":"https:\/\/audiobook-24.com\/en\/wp-json\/wp\/v2\/product_brand?post=784"},{"taxonomy":"product_cat","embeddable":true,"href":"https:\/\/audiobook-24.com\/en\/wp-json\/wp\/v2\/product_cat?post=784"},{"taxonomy":"product_tag","embeddable":true,"href":"https:\/\/audiobook-24.com\/en\/wp-json\/wp\/v2\/product_tag?post=784"}],"curies":[{"name":"wp","href":"https:\/\/api.w.org\/{rel}","templated":true}]}}