{"id":782,"date":"2025-11-16T15:58:19","date_gmt":"2025-11-16T15:58:19","guid":{"rendered":"https:\/\/audiobook-24.com\/?post_type=product&#038;p=782"},"modified":"2025-11-16T15:58:19","modified_gmt":"2025-11-16T15:58:19","slug":"%f0%9f%8e%a7-hoerbuch-carina-lund-meeresdaemmerung","status":"publish","type":"product","link":"https:\/\/audiobook-24.com\/en\/product\/%f0%9f%8e%a7-hoerbuch-carina-lund-meeresdaemmerung\/","title":{"rendered":"\ud83c\udfa7 H\u00f6rbuch: Carina Lund \u2013 Meeresd\u00e4mmerung.-"},"content":{"rendered":"<div>\n<p><b><span style=\"font-size: large;\"><span style=\"font-size: x-large;\">\ud83c\udfa7\u00a0<strong>H\u00f6rbuch: Carina Lund \u2013 Meeresd\u00e4mmerung<\/strong><\/span><\/span><\/b><\/p>\n<p><b><span style=\"font-size: large;\"><span style=\"font-size: x-large;\"><strong>I<\/strong>nhalt:<\/span><\/span><\/b><\/p>\n<p><b><span style=\"font-size: large;\"><span style=\"font-size: x-large;\">Ein atmosph\u00e4rischer Mystery-Roman voller Spannung und Geheimnisse:<br \/>\nAls die junge\u00a0<strong>Maya<\/strong>\u00a0an die raue K\u00fcste zieht, sp\u00fcrt sie sofort, dass das Meer hier mehr verbirgt als Wellen und St\u00fcrme. Uralte Legenden ranken sich um die Klippen, und schon bald ger\u00e4t sie in einen Strudel aus Mythen, Liebe und Gefahr. Stimmen aus der Tiefe, eine unerkl\u00e4rliche Anziehungskraft \u2013 und die Erkenntnis, dass nicht nur ihr Leben, sondern das Schicksal einer ganzen Gemeinschaft von ihrer Entscheidung abh\u00e4ngen k\u00f6nnte.<\/span><\/span><\/b><\/p>\n<p><b><span style=\"font-size: large;\"><span style=\"font-size: x-large;\"><strong>Sprecher &amp; Autorin:<\/strong><br \/>\nGeschrieben von\u00a0<strong>Carina Lund<\/strong>, eindringlich und atmosph\u00e4risch gelesen von professionellen Sprechern, die die geheimnisvolle Stimmung der K\u00fcste lebendig machen.<\/span><\/span><\/b><\/p>\n<\/div>\n<p>&nbsp;<\/p>\n<div>\n<div>\n<p><span style=\"font-size: xx-large;\"><b>\u00a0<\/b><\/span><\/p>\n<div>\n<div>\n<p><span style=\"font-size: xx-large;\"><b><span style=\"font-size: x-large;\">\u2705 Nach Bezahlung erhalten Sie sofort Ihren pers\u00f6nlichen Downloadlink f\u00fcr:<br \/>\n\ud83d\udcf1 Handy\u2003|\u2003\ud83d\udcbb Tablet\u2003|\u2003\ud83c\udfa7 MP3\u2003|\u2003\ud83d\udda5\ufe0f PC<\/span><\/b><\/span><\/p>\n<p><span style=\"font-size: xx-large;\"><b><span style=\"font-size: x-large;\">Ein spannender, nordisch-herber Insel-Krimi voller Atmosph\u00e4re und G\u00e4nsehaut, den Sie jederzeit und so oft Sie wollen h\u00f6ren k\u00f6nnen!<\/span><\/b><\/span><\/p>\n<\/div>\n<\/div>\n<\/div>\n<\/div>","protected":false},"excerpt":{"rendered":"<p>\ud83c\udfa7\u00a0H\u00f6rbuch: Carina Lund \u2013 Meeresd\u00e4mmerung Inhalt: Ein atmosph\u00e4rischer Mystery-Roman voller Spannung und Geheimnisse: Als die junge\u00a0Maya\u00a0an die raue K\u00fcste zieht, sp\u00fcrt sie sofort, dass das Meer hier mehr verbirgt als Wellen und St\u00fcrme. Uralte Legenden ranken sich um die Klippen, und schon bald ger\u00e4t sie in einen Strudel aus Mythen, Liebe und Gefahr. Stimmen aus [&hellip;]<\/p>\n","protected":false},"featured_media":783,"comment_status":"open","ping_status":"closed","template":"","meta":[],"product_brand":[],"product_cat":[19],"product_tag":[],"class_list":{"0":"post-782","1":"product","2":"type-product","3":"status-publish","4":"has-post-thumbnail","6":"product_cat-hoerbuecher","8":"first","9":"instock","10":"sale","11":"virtual","12":"purchasable","13":"product-type-simple"},"jetpack_sharing_enabled":true,"_links":{"self":[{"href":"https:\/\/audiobook-24.com\/en\/wp-json\/wp\/v2\/product\/782","targetHints":{"allow":["GET"]}}],"collection":[{"href":"https:\/\/audiobook-24.com\/en\/wp-json\/wp\/v2\/product"}],"about":[{"href":"https:\/\/audiobook-24.com\/en\/wp-json\/wp\/v2\/types\/product"}],"replies":[{"embeddable":true,"href":"https:\/\/audiobook-24.com\/en\/wp-json\/wp\/v2\/comments?post=782"}],"wp:featuredmedia":[{"embeddable":true,"href":"https:\/\/audiobook-24.com\/en\/wp-json\/wp\/v2\/media\/783"}],"wp:attachment":[{"href":"https:\/\/audiobook-24.com\/en\/wp-json\/wp\/v2\/media?parent=782"}],"wp:term":[{"taxonomy":"product_brand","embeddable":true,"href":"https:\/\/audiobook-24.com\/en\/wp-json\/wp\/v2\/product_brand?post=782"},{"taxonomy":"product_cat","embeddable":true,"href":"https:\/\/audiobook-24.com\/en\/wp-json\/wp\/v2\/product_cat?post=782"},{"taxonomy":"product_tag","embeddable":true,"href":"https:\/\/audiobook-24.com\/en\/wp-json\/wp\/v2\/product_tag?post=782"}],"curies":[{"name":"wp","href":"https:\/\/api.w.org\/{rel}","templated":true}]}}