{"id":780,"date":"2025-11-16T15:55:30","date_gmt":"2025-11-16T15:55:30","guid":{"rendered":"https:\/\/audiobook-24.com\/?post_type=product&#038;p=780"},"modified":"2025-11-16T15:55:30","modified_gmt":"2025-11-16T15:55:30","slug":"teilen-hoerbuch-dreiecksbeziehungen","status":"publish","type":"product","link":"https:\/\/audiobook-24.com\/en\/product\/teilen-hoerbuch-dreiecksbeziehungen\/","title":{"rendered":"Teilen H\u00f6rbuch: Dreiecksbeziehungen.."},"content":{"rendered":"<div>\n<div>\n<p><b><span style=\"font-size: x-large;\"><span>\ud83c\udfa7\u00a0<strong>H\u00f6rbuch:\u00a0\u00a0<\/strong><\/span><span>Dreiecksbeziehungen<\/span><\/span><\/b><\/p>\n<div>\n<div>\n<h3><b><span style=\"font-size: large;\"><strong>Inhalt<\/strong><\/span><\/b><\/h3>\n<p><b><span style=\"font-size: large;\"><strong>Leidenschaft, Sehnsucht und verbotene Gef\u00fchle:\u00a0Angelica Allure\u00a0erz\u00e4hlt die aufregende Geschichte einer\u00a0Dreiecksbeziehung, in der Lust und Liebe miteinander verschmelzen \u2013 und Grenzen verschwimmen.<\/strong><\/span><\/b><\/p>\n<p><b><span style=\"font-size: large;\"><strong>Zwischen heimlichen Begegnungen, emotionalen Konflikten und der Suche nach Erf\u00fcllung entfaltet sich eine intensive Erz\u00e4hlung voller Sinnlichkeit, Spannung und knisternder Erotik. Jede Szene ist ein Spiel aus Hingabe und Verlangen \u2013 ein H\u00f6rgenuss f\u00fcr alle, die\u00a0intensive, erwachsene Geschichten\u00a0lieben.<\/strong><\/span><\/b><\/p>\n<\/div>\n<\/div>\n<\/div>\n<p>&nbsp;<\/p>\n<\/div>\n<p>&nbsp;<\/p>\n<div>\n<div>\n<p><span style=\"font-size: xx-large;\"><b>\u00a0<\/b><\/span><\/p>\n<div>\n<div>\n<p><span style=\"font-size: xx-large;\"><b><span style=\"font-size: x-large;\">\u2705 Nach Bezahlung erhalten Sie sofort Ihren pers\u00f6nlichen Downloadlink f\u00fcr:<br \/>\n\ud83d\udcf1 Handy\u2003|\u2003\ud83d\udcbb Tablet\u2003|\u2003\ud83c\udfa7 MP3\u2003|\u2003\ud83d\udda5\ufe0f PC<\/span><\/b><\/span><\/p>\n<p><span style=\"font-size: xx-large;\"><b><span style=\"font-size: x-large;\">Ein spannender, nordisch-herber Insel-Krimi voller Atmosph\u00e4re und G\u00e4nsehaut, den Sie jederzeit und so oft Sie wollen h\u00f6ren k\u00f6nnen!<\/span><\/b><\/span><\/p>\n<\/div>\n<\/div>\n<\/div>\n<\/div>","protected":false},"excerpt":{"rendered":"<p>\ud83c\udfa7\u00a0H\u00f6rbuch:\u00a0\u00a0Dreiecksbeziehungen Inhalt Leidenschaft, Sehnsucht und verbotene Gef\u00fchle:\u00a0Angelica Allure\u00a0erz\u00e4hlt die aufregende Geschichte einer\u00a0Dreiecksbeziehung, in der Lust und Liebe miteinander verschmelzen \u2013 und Grenzen verschwimmen. Zwischen heimlichen Begegnungen, emotionalen Konflikten und der Suche nach Erf\u00fcllung entfaltet sich eine intensive Erz\u00e4hlung voller Sinnlichkeit, Spannung und knisternder Erotik. Jede Szene ist ein Spiel aus Hingabe und Verlangen \u2013 ein [&hellip;]<\/p>\n","protected":false},"featured_media":781,"comment_status":"open","ping_status":"closed","template":"","meta":[],"product_brand":[],"product_cat":[30],"product_tag":[],"class_list":{"0":"post-780","1":"product","2":"type-product","3":"status-publish","4":"has-post-thumbnail","6":"product_cat-erotik-hoerbuecher","8":"first","9":"instock","10":"sale","11":"virtual","12":"purchasable","13":"product-type-simple"},"jetpack_sharing_enabled":true,"_links":{"self":[{"href":"https:\/\/audiobook-24.com\/en\/wp-json\/wp\/v2\/product\/780","targetHints":{"allow":["GET"]}}],"collection":[{"href":"https:\/\/audiobook-24.com\/en\/wp-json\/wp\/v2\/product"}],"about":[{"href":"https:\/\/audiobook-24.com\/en\/wp-json\/wp\/v2\/types\/product"}],"replies":[{"embeddable":true,"href":"https:\/\/audiobook-24.com\/en\/wp-json\/wp\/v2\/comments?post=780"}],"wp:featuredmedia":[{"embeddable":true,"href":"https:\/\/audiobook-24.com\/en\/wp-json\/wp\/v2\/media\/781"}],"wp:attachment":[{"href":"https:\/\/audiobook-24.com\/en\/wp-json\/wp\/v2\/media?parent=780"}],"wp:term":[{"taxonomy":"product_brand","embeddable":true,"href":"https:\/\/audiobook-24.com\/en\/wp-json\/wp\/v2\/product_brand?post=780"},{"taxonomy":"product_cat","embeddable":true,"href":"https:\/\/audiobook-24.com\/en\/wp-json\/wp\/v2\/product_cat?post=780"},{"taxonomy":"product_tag","embeddable":true,"href":"https:\/\/audiobook-24.com\/en\/wp-json\/wp\/v2\/product_tag?post=780"}],"curies":[{"name":"wp","href":"https:\/\/api.w.org\/{rel}","templated":true}]}}