{"id":778,"date":"2025-11-16T15:48:49","date_gmt":"2025-11-16T15:48:49","guid":{"rendered":"https:\/\/audiobook-24.com\/?post_type=product&#038;p=778"},"modified":"2025-11-16T15:48:49","modified_gmt":"2025-11-16T15:48:49","slug":"hoerspiel-daniela-arnold-ein-meer-aus-blut-und-schuld-sylt-thriller","status":"publish","type":"product","link":"https:\/\/audiobook-24.com\/en\/product\/hoerspiel-daniela-arnold-ein-meer-aus-blut-und-schuld-sylt-thriller\/","title":{"rendered":"H\u00f6rspiel \u2013 Daniela Arnold: Ein Meer aus Blut und Schuld (Sylt-Thriller).."},"content":{"rendered":"<div>\n<h2><b><span style=\"font-size: x-large;\">H<span>\u00f6rspiel<strong>\u00a0\u2013 Daniela Arnold: Ein Meer aus Blut und Schuld (Sylt-Thriller)<\/strong><\/span><\/span><\/b><\/h2>\n<p><b><span style=\"font-size: large;\">Die Idylle der Insel Sylt wird j\u00e4h zerst\u00f6rt, als ein grausamer Fund am Strand gemacht wird: Eine blutige Spur f\u00fchrt direkt in die Abgr\u00fcnde menschlicher Schuld und d\u00fcsterer Geheimnisse. W\u00e4hrend die Wellen unaufh\u00f6rlich gegen die K\u00fcste schlagen, entfaltet sich ein t\u00f6dliches Katz-und-Maus-Spiel.<\/span><\/b><\/p>\n<p><b><span style=\"font-size: large;\">Ein packender Sylt-Thriller von Daniela Arnold \u2013 nervenaufreibend, atmosph\u00e4risch und voller unerwarteter Wendungen.<\/span><\/b><\/p>\n<\/div>\n<p>&nbsp;<\/p>\n<div>\n<p><b><span style=\"font-size: x-large;\">\u00a0<\/span><\/b><\/p>\n<div>\n<p><span style=\"font-size: x-large;\"><b>\u00a0<\/b><\/span><b><span style=\"font-size: x-large;\">\u2705 Nach Bezahlung erhalten Sie sofort Ihren pers\u00f6nlichen Downloadlink f\u00fcr:<\/span><\/b><\/p>\n<\/div>\n<\/div>\n<div>\n<div>\n<div>\n<div>\n<p><span style=\"font-size: xx-large;\"><b><span style=\"font-size: x-large;\">\ud83d\udcf1 Handy\u2003|\u2003\ud83d\udcbb Tablet\u2003|\u2003\ud83c\udfa7 MP3\u2003|\u2003\ud83d\udda5\ufe0f PC<\/span><\/b><\/span><\/p>\n<p><span style=\"font-size: xx-large;\"><b><span style=\"font-size: x-large;\">Ein spannender, nordisch-herber Insel-Krimi voller Atmosph\u00e4re und G\u00e4nsehaut, den Sie jederzeit und so oft Sie wollen h\u00f6ren k\u00f6nnen!<\/span><\/b><\/span><\/p>\n<\/div>\n<\/div>\n<\/div>\n<\/div>","protected":false},"excerpt":{"rendered":"<p>H\u00f6rspiel\u00a0\u2013 Daniela Arnold: Ein Meer aus Blut und Schuld (Sylt-Thriller) Die Idylle der Insel Sylt wird j\u00e4h zerst\u00f6rt, als ein grausamer Fund am Strand gemacht wird: Eine blutige Spur f\u00fchrt direkt in die Abgr\u00fcnde menschlicher Schuld und d\u00fcsterer Geheimnisse. W\u00e4hrend die Wellen unaufh\u00f6rlich gegen die K\u00fcste schlagen, entfaltet sich ein t\u00f6dliches Katz-und-Maus-Spiel. Ein packender Sylt-Thriller [&hellip;]<\/p>\n","protected":false},"featured_media":779,"comment_status":"open","ping_status":"closed","template":"","meta":[],"product_brand":[],"product_cat":[34],"product_tag":[],"class_list":{"0":"post-778","1":"product","2":"type-product","3":"status-publish","4":"has-post-thumbnail","6":"product_cat-hoerspiel-krimi","8":"first","9":"instock","10":"sale","11":"virtual","12":"purchasable","13":"product-type-simple"},"jetpack_sharing_enabled":true,"_links":{"self":[{"href":"https:\/\/audiobook-24.com\/en\/wp-json\/wp\/v2\/product\/778","targetHints":{"allow":["GET"]}}],"collection":[{"href":"https:\/\/audiobook-24.com\/en\/wp-json\/wp\/v2\/product"}],"about":[{"href":"https:\/\/audiobook-24.com\/en\/wp-json\/wp\/v2\/types\/product"}],"replies":[{"embeddable":true,"href":"https:\/\/audiobook-24.com\/en\/wp-json\/wp\/v2\/comments?post=778"}],"wp:featuredmedia":[{"embeddable":true,"href":"https:\/\/audiobook-24.com\/en\/wp-json\/wp\/v2\/media\/779"}],"wp:attachment":[{"href":"https:\/\/audiobook-24.com\/en\/wp-json\/wp\/v2\/media?parent=778"}],"wp:term":[{"taxonomy":"product_brand","embeddable":true,"href":"https:\/\/audiobook-24.com\/en\/wp-json\/wp\/v2\/product_brand?post=778"},{"taxonomy":"product_cat","embeddable":true,"href":"https:\/\/audiobook-24.com\/en\/wp-json\/wp\/v2\/product_cat?post=778"},{"taxonomy":"product_tag","embeddable":true,"href":"https:\/\/audiobook-24.com\/en\/wp-json\/wp\/v2\/product_tag?post=778"}],"curies":[{"name":"wp","href":"https:\/\/api.w.org\/{rel}","templated":true}]}}