{"id":775,"date":"2025-11-16T15:46:30","date_gmt":"2025-11-16T15:46:30","guid":{"rendered":"https:\/\/audiobook-24.com\/?post_type=product&#038;p=775"},"modified":"2025-11-16T15:46:30","modified_gmt":"2025-11-16T15:46:30","slug":"%f0%9f%8e%a7-hoerbuch-david-lagercrantz-der-mann-aus-dem-schatten","status":"publish","type":"product","link":"https:\/\/audiobook-24.com\/en\/product\/%f0%9f%8e%a7-hoerbuch-david-lagercrantz-der-mann-aus-dem-schatten\/","title":{"rendered":"\ud83c\udfa7 H\u00f6rbuch \u2013 David Lagercrantz: Der Mann aus dem Schatten.."},"content":{"rendered":"<div>\n<div>\n<p><span style=\"font-size: large;\">\ud83c\udfa7\u00a0<strong>H\u00f6rbuch \u2013 David Lagercrantz: Der Mann aus dem Schatten<\/strong><\/span><\/p>\n<p><span style=\"font-size: large;\">Ein raffinierter\u00a0<strong>Krimi-Thriller<\/strong>\u00a0voller Spannung:<\/span><\/p>\n<p><span style=\"font-size: large;\">Ein brutaler Mord ersch\u00fcttert Stockholm. Eine bekannte Pers\u00f6nlichkeit wird erschlagen aufgefunden \u2013 und alles deutet auf einen\u00a0<strong>komplizierten Fall voller Geheimnisse, politischer Intrigen und dunkler Machenschaften<\/strong>.<br \/>\nDer Journalist und Ermittler st\u00f6\u00dft bei seiner Recherche auf ein Netz aus L\u00fcgen, falschen Spuren und gef\u00e4hrlichen Verbindungen. Schon bald wird klar:\u00a0<strong>Nichts ist so, wie es scheint \u2013 und der T\u00e4ter lauert n\u00e4her, als gedacht.<\/strong><\/span><\/p>\n<\/div>\n<\/div>\n<p>&nbsp;<\/p>\n<div>\n<p><b><span style=\"font-size: x-large;\">\u00a0<\/span><\/b><\/p>\n<div>\n<p><span style=\"font-size: x-large;\"><b>\u00a0<\/b><\/span><b><span style=\"font-size: x-large;\">\u2705 Nach Bezahlung erhalten Sie sofort Ihren pers\u00f6nlichen Downloadlink f\u00fcr:<\/span><\/b><\/p>\n<\/div>\n<\/div>\n<div>\n<div>\n<div>\n<div>\n<p><span style=\"font-size: xx-large;\"><b><span style=\"font-size: x-large;\">\ud83d\udcf1 Handy\u2003|\u2003\ud83d\udcbb Tablet\u2003|\u2003\ud83c\udfa7 MP3\u2003|\u2003\ud83d\udda5\ufe0f PC<\/span><\/b><\/span><\/p>\n<p><span style=\"font-size: xx-large;\"><b><span style=\"font-size: x-large;\">Ein spannender, nordisch-herber Insel-Krimi voller Atmosph\u00e4re und G\u00e4nsehaut, den Sie jederzeit und so oft Sie wollen h\u00f6ren k\u00f6nnen!<\/span><\/b><\/span><\/p>\n<\/div>\n<\/div>\n<\/div>\n<\/div>","protected":false},"excerpt":{"rendered":"<p>\ud83c\udfa7\u00a0H\u00f6rbuch \u2013 David Lagercrantz: Der Mann aus dem Schatten Ein raffinierter\u00a0Krimi-Thriller\u00a0voller Spannung: Ein brutaler Mord ersch\u00fcttert Stockholm. Eine bekannte Pers\u00f6nlichkeit wird erschlagen aufgefunden \u2013 und alles deutet auf einen\u00a0komplizierten Fall voller Geheimnisse, politischer Intrigen und dunkler Machenschaften. Der Journalist und Ermittler st\u00f6\u00dft bei seiner Recherche auf ein Netz aus L\u00fcgen, falschen Spuren und gef\u00e4hrlichen Verbindungen. [&hellip;]<\/p>\n","protected":false},"featured_media":777,"comment_status":"open","ping_status":"closed","template":"","meta":[],"product_brand":[],"product_cat":[19],"product_tag":[],"class_list":{"0":"post-775","1":"product","2":"type-product","3":"status-publish","4":"has-post-thumbnail","6":"product_cat-hoerbuecher","8":"first","9":"instock","10":"sale","11":"virtual","12":"purchasable","13":"product-type-simple"},"jetpack_sharing_enabled":true,"_links":{"self":[{"href":"https:\/\/audiobook-24.com\/en\/wp-json\/wp\/v2\/product\/775","targetHints":{"allow":["GET"]}}],"collection":[{"href":"https:\/\/audiobook-24.com\/en\/wp-json\/wp\/v2\/product"}],"about":[{"href":"https:\/\/audiobook-24.com\/en\/wp-json\/wp\/v2\/types\/product"}],"replies":[{"embeddable":true,"href":"https:\/\/audiobook-24.com\/en\/wp-json\/wp\/v2\/comments?post=775"}],"wp:featuredmedia":[{"embeddable":true,"href":"https:\/\/audiobook-24.com\/en\/wp-json\/wp\/v2\/media\/777"}],"wp:attachment":[{"href":"https:\/\/audiobook-24.com\/en\/wp-json\/wp\/v2\/media?parent=775"}],"wp:term":[{"taxonomy":"product_brand","embeddable":true,"href":"https:\/\/audiobook-24.com\/en\/wp-json\/wp\/v2\/product_brand?post=775"},{"taxonomy":"product_cat","embeddable":true,"href":"https:\/\/audiobook-24.com\/en\/wp-json\/wp\/v2\/product_cat?post=775"},{"taxonomy":"product_tag","embeddable":true,"href":"https:\/\/audiobook-24.com\/en\/wp-json\/wp\/v2\/product_tag?post=775"}],"curies":[{"name":"wp","href":"https:\/\/api.w.org\/{rel}","templated":true}]}}