{"id":773,"date":"2025-11-16T15:37:44","date_gmt":"2025-11-16T15:37:44","guid":{"rendered":"https:\/\/audiobook-24.com\/?post_type=product&#038;p=773"},"modified":"2025-11-16T15:37:44","modified_gmt":"2025-11-16T15:37:44","slug":"%f0%9f%8e%a7-hoerbuch-wir-kinder-vom-bahnhof-zoo","status":"publish","type":"product","link":"https:\/\/audiobook-24.com\/en\/product\/%f0%9f%8e%a7-hoerbuch-wir-kinder-vom-bahnhof-zoo\/","title":{"rendered":"\ud83c\udfa7 H\u00f6rbuch \u2013 Wir Kinder vom Bahnhof Zoo"},"content":{"rendered":"<div>\n<div>\n<div>\n<h2><span style=\"font-size: x-large;\">Beschreibung<\/span><\/h2>\n<div>\n<p><span style=\"font-size: x-large;\"><strong>Schonungslos ehrlich und unvergesslich \u2013 die Geschichte einer Kindheit zwischen Heroinabh\u00e4ngigkeit und Kinderstrich, die zur Vorlage f\u00fcr die neue Amazon-Original-Serie wurde.\u00a0<\/strong><\/p>\n<p><\/span><\/p>\n<p><span style=\"font-size: x-large;\">Mit zw\u00f6lf kam Christiane F. in einem\u00a0<em>evangelischen<\/em>\u00a0Jugendheim zum Haschisch, mit dreizehn in einer Diskothek zum Heroin. Sie wurde s\u00fcchtig, ging morgens zur Schule und nachmittags mit ebenfalls heroinabh\u00e4ngigen Freunden auf den Kinderstrich am Bahnhof Zoo, um das Geld f\u00fcr die Droge zu beschaffen. Ihre Mutter bemerkte fast zwei Jahre lang nichts vom Doppelleben ihrer Tochter.<\/p>\n<p><\/span><\/p>\n<p><span style=\"font-size: x-large;\">In diesem Tatsachenbericht erz\u00e4hlt Christiane F. mit minuti\u00f6sem Erinnerungsverm\u00f6gen und r\u00fcckhaltloser Offenheit von Schicksalen, die von der \u00d6ffentlichkeit oft erst als Drogentote wahrgenommen werden. Nach turbulenten Jahren in Amerika und Griechenland lebt die Autorin wieder in Berlin und k\u00e4mpft immer wieder gegen die Sucht an &#8211; ein lebenslanger Kampf, denn vor R\u00fcckf\u00e4llen ist kaum ein ehemaliger Junkie sicher.\u00a0<\/span><\/p>\n<\/div>\n<\/div>\n<div>\n<p><span style=\"font-size: x-large;\">\u00a0<\/span><\/p>\n<\/div>\n<div>\n<div>\n<p>\u00a0<span style=\"font-size: large;\">\u00a0<\/span>\u2705 Dein Vorteil:<\/p>\n<\/div>\n<\/div>\n<\/div>\n<\/div>\n<div>\n<div>\n<div>\n<ul>\n<li><span><span style=\"font-family: Open Sans, sans-serif;\"><span style=\"font-size: x-large;\">Nach der Bezahlung erh\u00e4ltst du\u00a0<strong>sofort deinen pers\u00f6nlichen Downloadlink<\/strong>.<\/span><\/span><\/span><\/li>\n<li><\/li>\n<li><span><span style=\"font-family: Open Sans, sans-serif;\"><span style=\"font-size: x-large;\">Das H\u00f6rspiel ist verf\u00fcgbar als:<br \/>\n<strong>\ud83c\udfb5 MP3-Datei \u2013 abspielbar auf Smartphone | Tablet | PC | MP3-Player<\/strong><\/span><\/span><\/span><\/li>\n<\/ul>\n<p><span><span style=\"font-family: Open Sans, sans-serif;\"><span style=\"font-size: x-large;\">\ud83d\udc49\u00a0<strong>Einmal gekauft \u2013 jederzeit und unbegrenzt abrufbar!<\/strong><\/span><\/span><\/span><\/p>\n<\/div>\n<\/div>\n<\/div>","protected":false},"excerpt":{"rendered":"<p>Beschreibung Schonungslos ehrlich und unvergesslich \u2013 die Geschichte einer Kindheit zwischen Heroinabh\u00e4ngigkeit und Kinderstrich, die zur Vorlage f\u00fcr die neue Amazon-Original-Serie wurde.\u00a0 Mit zw\u00f6lf kam Christiane F. in einem\u00a0evangelischen\u00a0Jugendheim zum Haschisch, mit dreizehn in einer Diskothek zum Heroin. Sie wurde s\u00fcchtig, ging morgens zur Schule und nachmittags mit ebenfalls heroinabh\u00e4ngigen Freunden auf den Kinderstrich am [&hellip;]<\/p>\n","protected":false},"featured_media":774,"comment_status":"open","ping_status":"closed","template":"","meta":[],"product_brand":[],"product_cat":[19],"product_tag":[],"class_list":{"0":"post-773","1":"product","2":"type-product","3":"status-publish","4":"has-post-thumbnail","6":"product_cat-hoerbuecher","8":"first","9":"instock","10":"sale","11":"virtual","12":"purchasable","13":"product-type-simple"},"jetpack_sharing_enabled":true,"_links":{"self":[{"href":"https:\/\/audiobook-24.com\/en\/wp-json\/wp\/v2\/product\/773","targetHints":{"allow":["GET"]}}],"collection":[{"href":"https:\/\/audiobook-24.com\/en\/wp-json\/wp\/v2\/product"}],"about":[{"href":"https:\/\/audiobook-24.com\/en\/wp-json\/wp\/v2\/types\/product"}],"replies":[{"embeddable":true,"href":"https:\/\/audiobook-24.com\/en\/wp-json\/wp\/v2\/comments?post=773"}],"wp:featuredmedia":[{"embeddable":true,"href":"https:\/\/audiobook-24.com\/en\/wp-json\/wp\/v2\/media\/774"}],"wp:attachment":[{"href":"https:\/\/audiobook-24.com\/en\/wp-json\/wp\/v2\/media?parent=773"}],"wp:term":[{"taxonomy":"product_brand","embeddable":true,"href":"https:\/\/audiobook-24.com\/en\/wp-json\/wp\/v2\/product_brand?post=773"},{"taxonomy":"product_cat","embeddable":true,"href":"https:\/\/audiobook-24.com\/en\/wp-json\/wp\/v2\/product_cat?post=773"},{"taxonomy":"product_tag","embeddable":true,"href":"https:\/\/audiobook-24.com\/en\/wp-json\/wp\/v2\/product_tag?post=773"}],"curies":[{"name":"wp","href":"https:\/\/api.w.org\/{rel}","templated":true}]}}