{"id":771,"date":"2025-11-16T15:36:02","date_gmt":"2025-11-16T15:36:02","guid":{"rendered":"https:\/\/audiobook-24.com\/?post_type=product&#038;p=771"},"modified":"2025-11-16T15:36:02","modified_gmt":"2025-11-16T15:36:02","slug":"%f0%9f%8e%a7-katharina-peters-deichmord-hoerspiel","status":"publish","type":"product","link":"https:\/\/audiobook-24.com\/en\/product\/%f0%9f%8e%a7-katharina-peters-deichmord-hoerspiel\/","title":{"rendered":"\ud83c\udfa7 Katharina Peters \u2013 Deichmord (H\u00f6rspiel)"},"content":{"rendered":"<div>\n<h3>\ud83c\udfa7\u00a0<strong>Katharina Peters \u2013 Deichmord (H\u00f6rspiel)<\/strong><\/h3>\n<p><span style=\"font-size: large;\"><strong>Ein grausamer Mord. Eine raue K\u00fcste. Eine Kommissarin, die nicht aufgibt.<\/strong><br \/>\nAn den stillen Deichen der Insel R\u00fcgen wird eine brutal zugerichtete Leiche gefunden.\u00a0<strong>Kommissarin Romy Beccare<\/strong>\u00a0\u00fcbernimmt den Fall \u2013 und st\u00f6\u00dft auf ein Netz aus L\u00fcgen, alten Feindschaften und dunklen Geheimnissen, die tief unter der idyllischen Oberfl\u00e4che verborgen liegen.<br \/>\nW\u00e4hrend die Spuren sie in die Vergangenheit der Insel f\u00fchren, merkt Romy bald, dass sie selbst ins Visier eines skrupellosen T\u00e4ters geraten ist.<\/span><\/p>\n<p><span style=\"font-size: large;\">Ein packender K\u00fcstenkrimi voller Spannung, Atmosph\u00e4re und norddeutscher Authentizit\u00e4t \u2013 perfekt f\u00fcr alle Fans intelligenter Kriminalh\u00f6rspiele.<\/span><\/p>\n<p><span style=\"font-size: large;\">\ud83c\udfa7\u00a0<strong>Genre:<\/strong>\u00a0Krimi \/ Spannung \/ K\u00fcstenmord<br \/>\n\ud83d\udcf2\u00a0<strong>Verf\u00fcgbarkeit:<\/strong>\u00a0Sofort nach dem Kauf als Download erh\u00e4ltlich<br \/>\n\ud83d\udcbb\ud83d\udcf1\u00a0<strong>Abspielbar auf:<\/strong>\u00a0<strong>PC, Handy, Tablet und allen MP3-kompatiblen Ger\u00e4ten<\/strong><br \/>\n\u267e\ufe0f\u00a0<strong>Besonderheit:<\/strong>\u00a0<strong>Einmal gekauft \u2013 geh\u00f6rt es dir f\u00fcr immer und kann jederzeit unbegrenzt angeh\u00f6rt werden<\/strong><\/span><\/p>\n<\/div>\n<div>\n<h2><span style=\"font-size: x-large;\">\u00a0<\/span><\/h2>\n<\/div>","protected":false},"excerpt":{"rendered":"<p>\ud83c\udfa7\u00a0Katharina Peters \u2013 Deichmord (H\u00f6rspiel) Ein grausamer Mord. Eine raue K\u00fcste. Eine Kommissarin, die nicht aufgibt. An den stillen Deichen der Insel R\u00fcgen wird eine brutal zugerichtete Leiche gefunden.\u00a0Kommissarin Romy Beccare\u00a0\u00fcbernimmt den Fall \u2013 und st\u00f6\u00dft auf ein Netz aus L\u00fcgen, alten Feindschaften und dunklen Geheimnissen, die tief unter der idyllischen Oberfl\u00e4che verborgen liegen. W\u00e4hrend [&hellip;]<\/p>\n","protected":false},"featured_media":772,"comment_status":"open","ping_status":"closed","template":"","meta":[],"product_brand":[],"product_cat":[34],"product_tag":[],"class_list":{"0":"post-771","1":"product","2":"type-product","3":"status-publish","4":"has-post-thumbnail","6":"product_cat-hoerspiel-krimi","8":"first","9":"instock","10":"sale","11":"virtual","12":"purchasable","13":"product-type-simple"},"jetpack_sharing_enabled":true,"_links":{"self":[{"href":"https:\/\/audiobook-24.com\/en\/wp-json\/wp\/v2\/product\/771","targetHints":{"allow":["GET"]}}],"collection":[{"href":"https:\/\/audiobook-24.com\/en\/wp-json\/wp\/v2\/product"}],"about":[{"href":"https:\/\/audiobook-24.com\/en\/wp-json\/wp\/v2\/types\/product"}],"replies":[{"embeddable":true,"href":"https:\/\/audiobook-24.com\/en\/wp-json\/wp\/v2\/comments?post=771"}],"wp:featuredmedia":[{"embeddable":true,"href":"https:\/\/audiobook-24.com\/en\/wp-json\/wp\/v2\/media\/772"}],"wp:attachment":[{"href":"https:\/\/audiobook-24.com\/en\/wp-json\/wp\/v2\/media?parent=771"}],"wp:term":[{"taxonomy":"product_brand","embeddable":true,"href":"https:\/\/audiobook-24.com\/en\/wp-json\/wp\/v2\/product_brand?post=771"},{"taxonomy":"product_cat","embeddable":true,"href":"https:\/\/audiobook-24.com\/en\/wp-json\/wp\/v2\/product_cat?post=771"},{"taxonomy":"product_tag","embeddable":true,"href":"https:\/\/audiobook-24.com\/en\/wp-json\/wp\/v2\/product_tag?post=771"}],"curies":[{"name":"wp","href":"https:\/\/api.w.org\/{rel}","templated":true}]}}