{"id":769,"date":"2025-11-16T15:34:46","date_gmt":"2025-11-16T15:34:46","guid":{"rendered":"https:\/\/audiobook-24.com\/?post_type=product&#038;p=769"},"modified":"2025-11-16T15:34:46","modified_gmt":"2025-11-16T15:34:46","slug":"%f0%9f%8e%a7-hoerbuch-jacques-berndorf-eifel-rallye-eifel-krimi","status":"publish","type":"product","link":"https:\/\/audiobook-24.com\/en\/product\/%f0%9f%8e%a7-hoerbuch-jacques-berndorf-eifel-rallye-eifel-krimi\/","title":{"rendered":"\ud83c\udfa7 H\u00f6rbuch: Jacques Berndorf \u2013 Eifel-Rallye (Eifel-Krimi)"},"content":{"rendered":"<h2><b><span style=\"font-size: x-large;\">\ud83c\udfa7\u00a0<strong>H\u00f6rbuch: Jacques Berndorf \u2013 Eifel-Rallye (Eifel-Krimi)<\/strong><\/span><\/b><\/h2>\n<h3><b><strong>Inhalt<\/strong><\/b><\/h3>\n<p><b><span style=\"font-size: large;\">Die friedliche Eifel wird ersch\u00fcttert, als w\u00e4hrend der ber\u00fchmten\u00a0<strong>Eifel-Rallye<\/strong>\u00a0ein t\u00f6dlicher Unfall passiert \u2013 oder war es doch kaltbl\u00fctiger Mord? Journalist und Hobby-Ermittler\u00a0<strong>Siggi Baumeister<\/strong>\u00a0st\u00fcrzt sich in die Ermittlungen und st\u00f6\u00dft schnell auf ein Geflecht aus\u00a0<strong>Korruption, Rivalit\u00e4ten und dunklen Geheimnissen<\/strong>\u00a0rund um die rasante Motorsport-Szene.<\/span><\/b><\/p>\n<p><b><span style=\"font-size: large;\">Zwischen heulenden Motoren, schmalen Serpentinenstra\u00dfen und nerv\u00f6ser Spannung deckt Baumeister Zusammenh\u00e4nge auf, die weit \u00fcber die Rennstrecke hinausreichen. Doch je n\u00e4her er der Wahrheit kommt, desto gef\u00e4hrlicher wird das Spiel \u2013 bis er selbst ins Visier des T\u00e4ters ger\u00e4t.<\/span><\/b><\/p>\n<p><b><span style=\"font-size: large;\">Ein atmosph\u00e4rischer\u00a0<strong>Eifel-Krimi<\/strong>\u00a0aus der Feder von\u00a0<strong>Jacques Berndorf<\/strong>\u00a0\u2013 spannend, authentisch und mit einem unverwechselbaren Lokalkolorit, das die Eifel lebendig macht.<\/span><\/b><\/p>","protected":false},"excerpt":{"rendered":"<p>\ud83c\udfa7\u00a0H\u00f6rbuch: Jacques Berndorf \u2013 Eifel-Rallye (Eifel-Krimi) Inhalt Die friedliche Eifel wird ersch\u00fcttert, als w\u00e4hrend der ber\u00fchmten\u00a0Eifel-Rallye\u00a0ein t\u00f6dlicher Unfall passiert \u2013 oder war es doch kaltbl\u00fctiger Mord? Journalist und Hobby-Ermittler\u00a0Siggi Baumeister\u00a0st\u00fcrzt sich in die Ermittlungen und st\u00f6\u00dft schnell auf ein Geflecht aus\u00a0Korruption, Rivalit\u00e4ten und dunklen Geheimnissen\u00a0rund um die rasante Motorsport-Szene. Zwischen heulenden Motoren, schmalen Serpentinenstra\u00dfen und [&hellip;]<\/p>\n","protected":false},"featured_media":770,"comment_status":"open","ping_status":"closed","template":"","meta":[],"product_brand":[],"product_cat":[19],"product_tag":[],"class_list":{"0":"post-769","1":"product","2":"type-product","3":"status-publish","4":"has-post-thumbnail","6":"product_cat-hoerbuecher","8":"first","9":"instock","10":"sale","11":"virtual","12":"purchasable","13":"product-type-simple"},"jetpack_sharing_enabled":true,"_links":{"self":[{"href":"https:\/\/audiobook-24.com\/en\/wp-json\/wp\/v2\/product\/769","targetHints":{"allow":["GET"]}}],"collection":[{"href":"https:\/\/audiobook-24.com\/en\/wp-json\/wp\/v2\/product"}],"about":[{"href":"https:\/\/audiobook-24.com\/en\/wp-json\/wp\/v2\/types\/product"}],"replies":[{"embeddable":true,"href":"https:\/\/audiobook-24.com\/en\/wp-json\/wp\/v2\/comments?post=769"}],"wp:featuredmedia":[{"embeddable":true,"href":"https:\/\/audiobook-24.com\/en\/wp-json\/wp\/v2\/media\/770"}],"wp:attachment":[{"href":"https:\/\/audiobook-24.com\/en\/wp-json\/wp\/v2\/media?parent=769"}],"wp:term":[{"taxonomy":"product_brand","embeddable":true,"href":"https:\/\/audiobook-24.com\/en\/wp-json\/wp\/v2\/product_brand?post=769"},{"taxonomy":"product_cat","embeddable":true,"href":"https:\/\/audiobook-24.com\/en\/wp-json\/wp\/v2\/product_cat?post=769"},{"taxonomy":"product_tag","embeddable":true,"href":"https:\/\/audiobook-24.com\/en\/wp-json\/wp\/v2\/product_tag?post=769"}],"curies":[{"name":"wp","href":"https:\/\/api.w.org\/{rel}","templated":true}]}}